{"id":57,"date":"2023-08-17T17:25:03","date_gmt":"2023-08-17T23:25:03","guid":{"rendered":"https:\/\/deliverymovil.com\/tola\/menu-restaurante-la-loma-del-sabor\/?page_id=57"},"modified":"2023-08-22T20:05:22","modified_gmt":"2023-08-23T02:05:22","slug":"terminos-y-condiciones","status":"publish","type":"page","link":"https:\/\/deliverymovil.com\/tola\/menu-restaurante-la-loma-del-sabor\/terminos-y-condiciones\/","title":{"rendered":"T\u00e9rminos &#038; Condiciones"},"content":{"rendered":"\n<h3 class=\"wp-block-heading\">Introducci\u00f3n<\/h3>\n\n\n\n<p>Bienvenido\/a a&nbsp;<strong>www.deliverymovil.com<\/strong>&nbsp;sitio provisto por&nbsp;<strong>Delivery Movil<\/strong>&nbsp;como un servicio digital a nuestros clientes. Por favor, lea las siguientes reglas b\u00e1sicas que rigen el uso de&nbsp;<strong>www.deliverymovil.com<\/strong>.<\/p>\n\n\n\n<h4 class=\"wp-block-heading\">1. Uso del sitio web<\/h4>\n\n\n\n<p>Mediante el uso del sitio web declara tener 18 a\u00f1os de edad o m\u00e1s. Si usted es menor de 18 a\u00f1os de edad deber\u00e1 abstenerse de usar la p\u00e1gina web. Los padres, tutores o responsables de los menores de 18 a\u00f1os que utilicen el Website son plena y exclusivamente responsables por el uso del sitio web por parte de \u00e9stos, incluyendo, y sin limitar, cualquier cargo o costo en que se pueda incurrir como consecuencia de tal uso. Si usted no est\u00e1 de acuerdo en todos y cada uno de los t\u00e9rminos, abst\u00e9ngase de usar el Website.<\/p>\n\n\n\n<h4 class=\"wp-block-heading\">2. Cookies<\/h4>\n\n\n\n<p>El usuario del sitio conoce y acepta que&nbsp;<strong>Delivery Movil<\/strong>&nbsp;utiliza \u201ccookies\u201d de terceros que permiten obtener datos vinculados a las preferencias de sus visitantes de los que no se extraen datos identificatorios, atento a que es solo un recurso t\u00e9cnico para mejorar la experiencia para navegar en el mismo, posibilitando al visitante, en sitios propios y de terceros, la visualizaci\u00f3n de publicidad, promociones, banners e iniciativas comerciales. Tambi\u00e9n utilizamos cookies para personalizar la experiencia y contenidos del sitio y adecuar nuestra oferta de productos.<\/p>\n\n\n\n<p>Las cookies son archivos de texto enviadas por un sitio web que quedan almacenadas en el navegador del visitante. Usted tiene la opci\u00f3n de impedir que su navegador acepte cookies, y en tal supuesto,&nbsp;<strong>Delivery Movil<\/strong>&nbsp;no garantiza ni se hace responsable por el mal funcionamiento de los servicios y contenidos ofrecidos a trav\u00e9s de su sitio web.<\/p>\n\n\n\n<h4 class=\"wp-block-heading\">3. Compra de productos<\/h4>\n\n\n\n<p id=\"tw-target-text\">Los clientes deben ordenar a <strong>Delivery Movil<\/strong> directamente ya sea por whatsapp o llamando al n\u00famero proporcionado por <strong>Delivery Movil<\/strong> y no a restaurantes. Esto es para evitar confusiones y asegurarnos de que cualquier pedido llegue a tiempo. Nos aseguramos de obedecer la direcci\u00f3n exacta del cliente confirmando el total de su pedido incluido el costo de la entrega. De esta forma nos aseguramos si el cliente necesita cambio o no, en caso de que sea necesario el concesionario designado lo tendr\u00e1 listo.<\/p>\n\n\n\n<p id=\"tw-target-text\">El precio de cada entrega depender\u00e1 de la direcci\u00f3n exacta de cada cliente, en caso de que el cliente ordene m\u00e1s de uno de los restaurantes en un mismo pedido el precio de su entrega tendr\u00e1 un valor extra en funci\u00f3n de la cantidad de restaurantes en el pedido<\/p>\n\n\n\n<p id=\"tw-target-text\">En el caso de que un pedido exima del horario de entrega regular, el pedido se realizar\u00e1 \u00fanicamente en caso de que nuestro personal est\u00e9 disponible en ese momento sin que esto signifique que nos comprometemos a hacerlo. Se cobrar\u00e1 un 50% adicional al precio de env\u00edo.<\/p>\n\n\n\n<p id=\"tw-target-text\">La disponibilidad de platos del restaurante depender\u00e1 del inventario de cada restaurante. En caso de que uno de los restaurantes no tenga disponible el plato a domicilio solicitado por alg\u00fan motivo, ofrece opciones alternativas al cliente. <strong>Delivery Movil<\/strong> se compromete y ofrece servicios de delivery a domicilio con restaurantes que tenemos acuerdos previos. En el caso concreto de que los clientes pidan en alguno de los restaurantes donde no tenemos acuerdo, no nos comprometemos a realizar la entrega y en caso de hacerlo el precio de la entrega se duplicar\u00e1 (por ejemplo si el costo de la entrega es de 100 c\u00f3rdobas con cualquier restaurante del que tengamos acuerdos el precio de la entrega del restaurante que no tengamos acuerdo ser\u00e1 de 200 c\u00f3rdobas).<\/p>\n\n\n\n<p id=\"tw-target-text\">Los precios reflejados en los men\u00fas del restaurante en algunos casos no incluyen impuestos, siendo este el 15% del valor de cada plato.<\/p>\n\n\n\n<p><strong>Cuando el pago es con tarjeta de cr\u00e9dito\/d\u00e9bito se cobrar\u00e1 un 6% adicional al costo del producto, m\u00e1s el env\u00edo en concepto de impuestos.\u00a0Cuando el pago sea por Paypal se cobrar\u00e1 un 10% adicional.<\/strong><\/p>\n\n\n\n<p id=\"tw-target-text\"><strong>Paquetes para llevar:<\/strong> Los paquetes para llevar valen de 10 a 50 c\u00f3rdobas dependiendo de cada restaurante.<\/p>\n\n\n\n<h4 class=\"wp-block-heading\" id=\"tw-target-text\">4. Horarios de entrega<\/h4>\n\n\n\n<ul class=\"wp-block-list\">\n<li>Lunes a domingo de 8:00 a 21:00 hs.<\/li>\n<\/ul>\n\n\n\n<h4 class=\"wp-block-heading\">5. Ayuda<\/h4>\n\n\n\n<p>Por Tel\u00e9fono al:\u00a0<strong>+50577431149<\/strong><br>Por e-mail:\u00a0<strong>tola@deliverymovil.com<\/strong><\/p>\n\n\n\n<h4 class=\"wp-block-heading\">6. Indemnidad<\/h4>\n\n\n\n<p>El Usuario se obliga en forma expresa e irrevocable a mantener absolutamente indemne a&nbsp;<strong>Delivery Movil<\/strong>, respecto a cualquier reclamo y\/o demanda y\/o sanci\u00f3n extrajudicial, administrativo o judicial, de cualquier tercero, derivada del uso del Website, o en caso de verificarse la existencia de multas y\/o deudas de cualquier tipo generadas por el Usuario o la actividad del mismo realizada en o mediante el Website.<\/p>\n\n\n\n<p><strong>Delivery Movil 2023 \u00a9 Todos los Derechos Reservados<\/strong><\/p>\n","protected":false},"excerpt":{"rendered":"<p>Introducci\u00f3n Bienvenido\/a a&nbsp;www.deliverymovil.com&nbsp;sitio provisto por&nbsp;Delivery Movil&nbsp;como un servicio digital a nuestros clientes. Por favor, lea las siguientes reglas b\u00e1sicas que rigen el uso de&nbsp;www.deliverymovil.com. 1. Uso del sitio web Mediante el uso del sitio web declara tener 18 a\u00f1os de edad o m\u00e1s. Si usted es menor de 18 a\u00f1os de edad deber\u00e1 abstenerse de [&hellip;]<\/p>\n","protected":false},"author":1,"featured_media":0,"parent":0,"menu_order":0,"comment_status":"closed","ping_status":"closed","template":"","meta":{"inline_featured_image":false,"site-sidebar-layout":"default","site-content-layout":"","ast-site-content-layout":"default","site-content-style":"default","site-sidebar-style":"default","ast-global-header-display":"","ast-banner-title-visibility":"","ast-main-header-display":"","ast-hfb-above-header-display":"","ast-hfb-below-header-display":"","ast-hfb-mobile-header-display":"","site-post-title":"","ast-breadcrumbs-content":"","ast-featured-img":"","footer-sml-layout":"","ast-disable-related-posts":"","theme-transparent-header-meta":"","adv-header-id-meta":"","stick-header-meta":"","header-above-stick-meta":"","header-main-stick-meta":"","header-below-stick-meta":"","astra-migrate-meta-layouts":"default","ast-page-background-enabled":"default","ast-page-background-meta":{"desktop":{"background-color":"var(--ast-global-color-4)","background-image":"","background-repeat":"repeat","background-position":"center center","background-size":"auto","background-attachment":"scroll","background-type":"","background-media":"","overlay-type":"","overlay-color":"","overlay-opacity":"","overlay-gradient":""},"tablet":{"background-color":"","background-image":"","background-repeat":"repeat","background-position":"center center","background-size":"auto","background-attachment":"scroll","background-type":"","background-media":"","overlay-type":"","overlay-color":"","overlay-opacity":"","overlay-gradient":""},"mobile":{"background-color":"","background-image":"","background-repeat":"repeat","background-position":"center center","background-size":"auto","background-attachment":"scroll","background-type":"","background-media":"","overlay-type":"","overlay-color":"","overlay-opacity":"","overlay-gradient":""}},"ast-content-background-meta":{"desktop":{"background-color":"var(--ast-global-color-5)","background-image":"","background-repeat":"repeat","background-position":"center center","background-size":"auto","background-attachment":"scroll","background-type":"","background-media":"","overlay-type":"","overlay-color":"","overlay-opacity":"","overlay-gradient":""},"tablet":{"background-color":"var(--ast-global-color-5)","background-image":"","background-repeat":"repeat","background-position":"center center","background-size":"auto","background-attachment":"scroll","background-type":"","background-media":"","overlay-type":"","overlay-color":"","overlay-opacity":"","overlay-gradient":""},"mobile":{"background-color":"var(--ast-global-color-5)","background-image":"","background-repeat":"repeat","background-position":"center center","background-size":"auto","background-attachment":"scroll","background-type":"","background-media":"","overlay-type":"","overlay-color":"","overlay-opacity":"","overlay-gradient":""}},"footnotes":""},"class_list":["post-57","page","type-page","status-publish","hentry"],"yoast_head":"<!-- This site is optimized with the Yoast SEO plugin v27.4 - https:\/\/yoast.com\/product\/yoast-seo-wordpress\/ -->\n<title>T\u00e9rminos &amp; Condiciones - La Loma del Sabor | Delivery Movil - Tola, Nicaragua<\/title>\n<meta name=\"robots\" content=\"noindex, follow\" \/>\n<meta property=\"og:locale\" content=\"es_ES\" \/>\n<meta property=\"og:type\" content=\"article\" \/>\n<meta property=\"og:title\" content=\"T\u00e9rminos &amp; Condiciones - La Loma del Sabor | Delivery Movil - Tola, Nicaragua\" \/>\n<meta property=\"og:description\" content=\"Introducci\u00f3n Bienvenido\/a a&nbsp;www.deliverymovil.com&nbsp;sitio provisto por&nbsp;Delivery Movil&nbsp;como un servicio digital a nuestros clientes. Por favor, lea las siguientes reglas b\u00e1sicas que rigen el uso de&nbsp;www.deliverymovil.com. 1. Uso del sitio web Mediante el uso del sitio web declara tener 18 a\u00f1os de edad o m\u00e1s. Si usted es menor de 18 a\u00f1os de edad deber\u00e1 abstenerse de [&hellip;]\" \/>\n<meta property=\"og:url\" content=\"https:\/\/deliverymovil.com\/tola\/menu-restaurante-la-loma-del-sabor\/terminos-y-condiciones\/\" \/>\n<meta property=\"og:site_name\" content=\"La Loma del Sabor | Delivery Movil - Tola, Nicaragua\" \/>\n<meta property=\"article:modified_time\" content=\"2023-08-23T02:05:22+00:00\" \/>\n<meta name=\"twitter:card\" content=\"summary_large_image\" \/>\n<meta name=\"twitter:label1\" content=\"Tiempo de lectura\" \/>\n\t<meta name=\"twitter:data1\" content=\"4 minutos\" \/>\n<script type=\"application\/ld+json\" class=\"yoast-schema-graph\">{\"@context\":\"https:\\\/\\\/schema.org\",\"@graph\":[{\"@type\":\"WebPage\",\"@id\":\"https:\\\/\\\/deliverymovil.com\\\/tola\\\/menu-restaurante-la-loma-del-sabor\\\/terminos-y-condiciones\\\/\",\"url\":\"https:\\\/\\\/deliverymovil.com\\\/tola\\\/menu-restaurante-la-loma-del-sabor\\\/terminos-y-condiciones\\\/\",\"name\":\"T\u00e9rminos & Condiciones - La Loma del Sabor | Delivery Movil - Tola, Nicaragua\",\"isPartOf\":{\"@id\":\"https:\\\/\\\/deliverymovil.com\\\/tola\\\/menu-restaurante-la-loma-del-sabor\\\/#website\"},\"datePublished\":\"2023-08-17T23:25:03+00:00\",\"dateModified\":\"2023-08-23T02:05:22+00:00\",\"breadcrumb\":{\"@id\":\"https:\\\/\\\/deliverymovil.com\\\/tola\\\/menu-restaurante-la-loma-del-sabor\\\/terminos-y-condiciones\\\/#breadcrumb\"},\"inLanguage\":\"es\",\"potentialAction\":[{\"@type\":\"ReadAction\",\"target\":[\"https:\\\/\\\/deliverymovil.com\\\/tola\\\/menu-restaurante-la-loma-del-sabor\\\/terminos-y-condiciones\\\/\"]}]},{\"@type\":\"BreadcrumbList\",\"@id\":\"https:\\\/\\\/deliverymovil.com\\\/tola\\\/menu-restaurante-la-loma-del-sabor\\\/terminos-y-condiciones\\\/#breadcrumb\",\"itemListElement\":[{\"@type\":\"ListItem\",\"position\":1,\"name\":\"Portada\",\"item\":\"https:\\\/\\\/deliverymovil.com\\\/tola\\\/menu-restaurante-la-loma-del-sabor\\\/\"},{\"@type\":\"ListItem\",\"position\":2,\"name\":\"T\u00e9rminos &#038; Condiciones\"}]},{\"@type\":\"WebSite\",\"@id\":\"https:\\\/\\\/deliverymovil.com\\\/tola\\\/menu-restaurante-la-loma-del-sabor\\\/#website\",\"url\":\"https:\\\/\\\/deliverymovil.com\\\/tola\\\/menu-restaurante-la-loma-del-sabor\\\/\",\"name\":\"La Loma del Sabor | Delivery Movil - Tola, Nicaragua\",\"description\":\"Servicio a domicilio en Tola\",\"publisher\":{\"@id\":\"https:\\\/\\\/deliverymovil.com\\\/tola\\\/menu-restaurante-la-loma-del-sabor\\\/#organization\"},\"potentialAction\":[{\"@type\":\"SearchAction\",\"target\":{\"@type\":\"EntryPoint\",\"urlTemplate\":\"https:\\\/\\\/deliverymovil.com\\\/tola\\\/menu-restaurante-la-loma-del-sabor\\\/?s={search_term_string}\"},\"query-input\":{\"@type\":\"PropertyValueSpecification\",\"valueRequired\":true,\"valueName\":\"search_term_string\"}}],\"inLanguage\":\"es\"},{\"@type\":\"Organization\",\"@id\":\"https:\\\/\\\/deliverymovil.com\\\/tola\\\/menu-restaurante-la-loma-del-sabor\\\/#organization\",\"name\":\"La Loma del Sabor | Delivery Movil - Tola, Nicaragua\",\"url\":\"https:\\\/\\\/deliverymovil.com\\\/tola\\\/menu-restaurante-la-loma-del-sabor\\\/\",\"logo\":{\"@type\":\"ImageObject\",\"inLanguage\":\"es\",\"@id\":\"https:\\\/\\\/deliverymovil.com\\\/tola\\\/menu-restaurante-la-loma-del-sabor\\\/#\\\/schema\\\/logo\\\/image\\\/\",\"url\":\"https:\\\/\\\/deliverymovil.com\\\/tola\\\/menu-restaurante-la-loma-del-sabor\\\/wp-content\\\/uploads\\\/sites\\\/5\\\/2023\\\/08\\\/DM-Logo-horiz-posit.png\",\"contentUrl\":\"https:\\\/\\\/deliverymovil.com\\\/tola\\\/menu-restaurante-la-loma-del-sabor\\\/wp-content\\\/uploads\\\/sites\\\/5\\\/2023\\\/08\\\/DM-Logo-horiz-posit.png\",\"width\":594,\"height\":122,\"caption\":\"La Loma del Sabor | Delivery Movil - Tola, Nicaragua\"},\"image\":{\"@id\":\"https:\\\/\\\/deliverymovil.com\\\/tola\\\/menu-restaurante-la-loma-del-sabor\\\/#\\\/schema\\\/logo\\\/image\\\/\"}}]}<\/script>\n<!-- \/ Yoast SEO plugin. -->","yoast_head_json":{"title":"T\u00e9rminos & Condiciones - La Loma del Sabor | Delivery Movil - Tola, Nicaragua","robots":{"index":"noindex","follow":"follow"},"og_locale":"es_ES","og_type":"article","og_title":"T\u00e9rminos & Condiciones - La Loma del Sabor | Delivery Movil - Tola, Nicaragua","og_description":"Introducci\u00f3n Bienvenido\/a a&nbsp;www.deliverymovil.com&nbsp;sitio provisto por&nbsp;Delivery Movil&nbsp;como un servicio digital a nuestros clientes. Por favor, lea las siguientes reglas b\u00e1sicas que rigen el uso de&nbsp;www.deliverymovil.com. 1. Uso del sitio web Mediante el uso del sitio web declara tener 18 a\u00f1os de edad o m\u00e1s. Si usted es menor de 18 a\u00f1os de edad deber\u00e1 abstenerse de [&hellip;]","og_url":"https:\/\/deliverymovil.com\/tola\/menu-restaurante-la-loma-del-sabor\/terminos-y-condiciones\/","og_site_name":"La Loma del Sabor | Delivery Movil - Tola, Nicaragua","article_modified_time":"2023-08-23T02:05:22+00:00","twitter_card":"summary_large_image","twitter_misc":{"Tiempo de lectura":"4 minutos"},"schema":{"@context":"https:\/\/schema.org","@graph":[{"@type":"WebPage","@id":"https:\/\/deliverymovil.com\/tola\/menu-restaurante-la-loma-del-sabor\/terminos-y-condiciones\/","url":"https:\/\/deliverymovil.com\/tola\/menu-restaurante-la-loma-del-sabor\/terminos-y-condiciones\/","name":"T\u00e9rminos & Condiciones - La Loma del Sabor | Delivery Movil - Tola, Nicaragua","isPartOf":{"@id":"https:\/\/deliverymovil.com\/tola\/menu-restaurante-la-loma-del-sabor\/#website"},"datePublished":"2023-08-17T23:25:03+00:00","dateModified":"2023-08-23T02:05:22+00:00","breadcrumb":{"@id":"https:\/\/deliverymovil.com\/tola\/menu-restaurante-la-loma-del-sabor\/terminos-y-condiciones\/#breadcrumb"},"inLanguage":"es","potentialAction":[{"@type":"ReadAction","target":["https:\/\/deliverymovil.com\/tola\/menu-restaurante-la-loma-del-sabor\/terminos-y-condiciones\/"]}]},{"@type":"BreadcrumbList","@id":"https:\/\/deliverymovil.com\/tola\/menu-restaurante-la-loma-del-sabor\/terminos-y-condiciones\/#breadcrumb","itemListElement":[{"@type":"ListItem","position":1,"name":"Portada","item":"https:\/\/deliverymovil.com\/tola\/menu-restaurante-la-loma-del-sabor\/"},{"@type":"ListItem","position":2,"name":"T\u00e9rminos &#038; Condiciones"}]},{"@type":"WebSite","@id":"https:\/\/deliverymovil.com\/tola\/menu-restaurante-la-loma-del-sabor\/#website","url":"https:\/\/deliverymovil.com\/tola\/menu-restaurante-la-loma-del-sabor\/","name":"La Loma del Sabor | Delivery Movil - Tola, Nicaragua","description":"Servicio a domicilio en Tola","publisher":{"@id":"https:\/\/deliverymovil.com\/tola\/menu-restaurante-la-loma-del-sabor\/#organization"},"potentialAction":[{"@type":"SearchAction","target":{"@type":"EntryPoint","urlTemplate":"https:\/\/deliverymovil.com\/tola\/menu-restaurante-la-loma-del-sabor\/?s={search_term_string}"},"query-input":{"@type":"PropertyValueSpecification","valueRequired":true,"valueName":"search_term_string"}}],"inLanguage":"es"},{"@type":"Organization","@id":"https:\/\/deliverymovil.com\/tola\/menu-restaurante-la-loma-del-sabor\/#organization","name":"La Loma del Sabor | Delivery Movil - Tola, Nicaragua","url":"https:\/\/deliverymovil.com\/tola\/menu-restaurante-la-loma-del-sabor\/","logo":{"@type":"ImageObject","inLanguage":"es","@id":"https:\/\/deliverymovil.com\/tola\/menu-restaurante-la-loma-del-sabor\/#\/schema\/logo\/image\/","url":"https:\/\/deliverymovil.com\/tola\/menu-restaurante-la-loma-del-sabor\/wp-content\/uploads\/sites\/5\/2023\/08\/DM-Logo-horiz-posit.png","contentUrl":"https:\/\/deliverymovil.com\/tola\/menu-restaurante-la-loma-del-sabor\/wp-content\/uploads\/sites\/5\/2023\/08\/DM-Logo-horiz-posit.png","width":594,"height":122,"caption":"La Loma del Sabor | Delivery Movil - Tola, Nicaragua"},"image":{"@id":"https:\/\/deliverymovil.com\/tola\/menu-restaurante-la-loma-del-sabor\/#\/schema\/logo\/image\/"}}]}},"_links":{"self":[{"href":"https:\/\/deliverymovil.com\/tola\/menu-restaurante-la-loma-del-sabor\/wp-json\/wp\/v2\/pages\/57","targetHints":{"allow":["GET"]}}],"collection":[{"href":"https:\/\/deliverymovil.com\/tola\/menu-restaurante-la-loma-del-sabor\/wp-json\/wp\/v2\/pages"}],"about":[{"href":"https:\/\/deliverymovil.com\/tola\/menu-restaurante-la-loma-del-sabor\/wp-json\/wp\/v2\/types\/page"}],"author":[{"embeddable":true,"href":"https:\/\/deliverymovil.com\/tola\/menu-restaurante-la-loma-del-sabor\/wp-json\/wp\/v2\/users\/1"}],"replies":[{"embeddable":true,"href":"https:\/\/deliverymovil.com\/tola\/menu-restaurante-la-loma-del-sabor\/wp-json\/wp\/v2\/comments?post=57"}],"version-history":[{"count":2,"href":"https:\/\/deliverymovil.com\/tola\/menu-restaurante-la-loma-del-sabor\/wp-json\/wp\/v2\/pages\/57\/revisions"}],"predecessor-version":[{"id":113,"href":"https:\/\/deliverymovil.com\/tola\/menu-restaurante-la-loma-del-sabor\/wp-json\/wp\/v2\/pages\/57\/revisions\/113"}],"wp:attachment":[{"href":"https:\/\/deliverymovil.com\/tola\/menu-restaurante-la-loma-del-sabor\/wp-json\/wp\/v2\/media?parent=57"}],"curies":[{"name":"wp","href":"https:\/\/api.w.org\/{rel}","templated":true}]}}