{"id":977,"date":"2021-07-08T14:15:58","date_gmt":"2021-07-08T20:15:58","guid":{"rendered":"https:\/\/deliverymovil.com\/sanjuandelsur\/miscelanea-sanchez\/menu\/badia-canela-en-polvo-56-gr\/"},"modified":"2022-09-27T13:53:23","modified_gmt":"2022-09-27T19:53:23","slug":"badia-canela-en-polvo-56-gr","status":"publish","type":"product","link":"https:\/\/deliverymovil.com\/sanjuandelsur\/miscelanea-sanchez\/menu\/badia-canela-en-polvo-56-gr\/","title":{"rendered":"Badia Canela En Polvo 56 Gr"},"content":{"rendered":"<p>Badia Canela En Polvo 56 Gr<\/p>\n","protected":false},"excerpt":{"rendered":"<p>Badia Canela En Polvo 56 Gr<\/p>\n","protected":false},"featured_media":978,"template":"","meta":{"inline_featured_image":false},"product_brand":[],"product_cat":[589],"product_tag":[597],"class_list":{"0":"post-977","1":"product","2":"type-product","3":"status-publish","4":"has-post-thumbnail","6":"product_cat-especias-y-condimentos","7":"product_tag-badia-canela-en-polvo-56-gr","9":"first","10":"instock","11":"shipping-taxable","12":"purchasable","13":"product-type-simple"},"yoast_head":"<!-- This site is optimized with the Yoast SEO plugin v26.8 - https:\/\/yoast.com\/product\/yoast-seo-wordpress\/ -->\n<title>Badia Canela En Polvo 56 Gr - Miscel\u00e1nea S\u00e1nchez | Delivery M\u00f3vil - San Juan del Sur, Nicaragua<\/title>\n<meta name=\"robots\" content=\"index, follow, max-snippet:-1, max-image-preview:large, max-video-preview:-1\" \/>\n<link rel=\"canonical\" href=\"https:\/\/deliverymovil.com\/sanjuandelsur\/miscelanea-sanchez\/menu\/badia-canela-en-polvo-56-gr\/\" \/>\n<meta property=\"og:locale\" content=\"es_ES\" \/>\n<meta property=\"og:type\" content=\"article\" \/>\n<meta property=\"og:title\" content=\"Badia Canela En Polvo 56 Gr - Miscel\u00e1nea S\u00e1nchez | Delivery M\u00f3vil - San Juan del Sur, Nicaragua\" \/>\n<meta property=\"og:description\" content=\"Badia Canela En Polvo 56 Gr\" \/>\n<meta property=\"og:url\" content=\"https:\/\/deliverymovil.com\/sanjuandelsur\/miscelanea-sanchez\/menu\/badia-canela-en-polvo-56-gr\/\" \/>\n<meta property=\"og:site_name\" content=\"Miscel\u00e1nea S\u00e1nchez | Delivery M\u00f3vil - San Juan del Sur, Nicaragua\" \/>\n<meta property=\"article:modified_time\" content=\"2022-09-27T19:53:23+00:00\" \/>\n<meta property=\"og:image\" content=\"https:\/\/deliverymovil.com\/sanjuandelsur\/miscelanea-sanchez\/wp-content\/uploads\/sites\/64\/2021\/10\/Badia-Canela-En-Polvo-56-Gr.jpg\" \/>\n\t<meta property=\"og:image:width\" content=\"700\" \/>\n\t<meta property=\"og:image:height\" content=\"700\" \/>\n\t<meta property=\"og:image:type\" content=\"image\/jpeg\" \/>\n<meta name=\"twitter:card\" content=\"summary_large_image\" \/>\n<script type=\"application\/ld+json\" class=\"yoast-schema-graph\">{\"@context\":\"https:\/\/schema.org\",\"@graph\":[{\"@type\":\"WebPage\",\"@id\":\"https:\/\/deliverymovil.com\/sanjuandelsur\/miscelanea-sanchez\/menu\/badia-canela-en-polvo-56-gr\/\",\"url\":\"https:\/\/deliverymovil.com\/sanjuandelsur\/miscelanea-sanchez\/menu\/badia-canela-en-polvo-56-gr\/\",\"name\":\"Badia Canela En Polvo 56 Gr - Miscel\u00e1nea S\u00e1nchez | Delivery M\u00f3vil - San Juan del Sur, Nicaragua\",\"isPartOf\":{\"@id\":\"https:\/\/deliverymovil.com\/sanjuandelsur\/miscelanea-sanchez\/#website\"},\"primaryImageOfPage\":{\"@id\":\"https:\/\/deliverymovil.com\/sanjuandelsur\/miscelanea-sanchez\/menu\/badia-canela-en-polvo-56-gr\/#primaryimage\"},\"image\":{\"@id\":\"https:\/\/deliverymovil.com\/sanjuandelsur\/miscelanea-sanchez\/menu\/badia-canela-en-polvo-56-gr\/#primaryimage\"},\"thumbnailUrl\":\"https:\/\/deliverymovil.com\/sanjuandelsur\/miscelanea-sanchez\/wp-content\/uploads\/sites\/64\/2021\/10\/Badia-Canela-En-Polvo-56-Gr.jpg\",\"datePublished\":\"2021-07-08T20:15:58+00:00\",\"dateModified\":\"2022-09-27T19:53:23+00:00\",\"breadcrumb\":{\"@id\":\"https:\/\/deliverymovil.com\/sanjuandelsur\/miscelanea-sanchez\/menu\/badia-canela-en-polvo-56-gr\/#breadcrumb\"},\"inLanguage\":\"es\",\"potentialAction\":[{\"@type\":\"ReadAction\",\"target\":[\"https:\/\/deliverymovil.com\/sanjuandelsur\/miscelanea-sanchez\/menu\/badia-canela-en-polvo-56-gr\/\"]}]},{\"@type\":\"ImageObject\",\"inLanguage\":\"es\",\"@id\":\"https:\/\/deliverymovil.com\/sanjuandelsur\/miscelanea-sanchez\/menu\/badia-canela-en-polvo-56-gr\/#primaryimage\",\"url\":\"https:\/\/deliverymovil.com\/sanjuandelsur\/miscelanea-sanchez\/wp-content\/uploads\/sites\/64\/2021\/10\/Badia-Canela-En-Polvo-56-Gr.jpg\",\"contentUrl\":\"https:\/\/deliverymovil.com\/sanjuandelsur\/miscelanea-sanchez\/wp-content\/uploads\/sites\/64\/2021\/10\/Badia-Canela-En-Polvo-56-Gr.jpg\",\"width\":700,\"height\":700,\"caption\":\"Badia Canela En Polvo 56 Gr\"},{\"@type\":\"BreadcrumbList\",\"@id\":\"https:\/\/deliverymovil.com\/sanjuandelsur\/miscelanea-sanchez\/menu\/badia-canela-en-polvo-56-gr\/#breadcrumb\",\"itemListElement\":[{\"@type\":\"ListItem\",\"position\":1,\"name\":\"Portada\",\"item\":\"https:\/\/deliverymovil.com\/sanjuandelsur\/miscelanea-sanchez\/\"},{\"@type\":\"ListItem\",\"position\":2,\"name\":\"Badia Canela En Polvo 56 Gr\"}]},{\"@type\":\"WebSite\",\"@id\":\"https:\/\/deliverymovil.com\/sanjuandelsur\/miscelanea-sanchez\/#website\",\"url\":\"https:\/\/deliverymovil.com\/sanjuandelsur\/miscelanea-sanchez\/\",\"name\":\"Miscel\u00e1nea S\u00e1nchez | Delivery M\u00f3vil - San Juan del Sur, Nicaragua\",\"description\":\"Servicio a Domicilio en SJDS\",\"publisher\":{\"@id\":\"https:\/\/deliverymovil.com\/sanjuandelsur\/miscelanea-sanchez\/#organization\"},\"potentialAction\":[{\"@type\":\"SearchAction\",\"target\":{\"@type\":\"EntryPoint\",\"urlTemplate\":\"https:\/\/deliverymovil.com\/sanjuandelsur\/miscelanea-sanchez\/?s={search_term_string}\"},\"query-input\":{\"@type\":\"PropertyValueSpecification\",\"valueRequired\":true,\"valueName\":\"search_term_string\"}}],\"inLanguage\":\"es\"},{\"@type\":\"Organization\",\"@id\":\"https:\/\/deliverymovil.com\/sanjuandelsur\/miscelanea-sanchez\/#organization\",\"name\":\"Miscel\u00e1nea S\u00e1nchez | Delivery M\u00f3vil - San Juan del Sur, Nicaragua\",\"url\":\"https:\/\/deliverymovil.com\/sanjuandelsur\/miscelanea-sanchez\/\",\"logo\":{\"@type\":\"ImageObject\",\"inLanguage\":\"es\",\"@id\":\"https:\/\/deliverymovil.com\/sanjuandelsur\/miscelanea-sanchez\/#\/schema\/logo\/image\/\",\"url\":\"https:\/\/deliverymovil.com\/sanjuandelsur\/miscelanea-sanchez\/wp-content\/uploads\/sites\/64\/2022\/03\/logo-delivery-movil-nicaragua.svg\",\"contentUrl\":\"https:\/\/deliverymovil.com\/sanjuandelsur\/miscelanea-sanchez\/wp-content\/uploads\/sites\/64\/2022\/03\/logo-delivery-movil-nicaragua.svg\",\"width\":314,\"height\":64,\"caption\":\"Miscel\u00e1nea S\u00e1nchez | Delivery M\u00f3vil - San Juan del Sur, Nicaragua\"},\"image\":{\"@id\":\"https:\/\/deliverymovil.com\/sanjuandelsur\/miscelanea-sanchez\/#\/schema\/logo\/image\/\"}}]}<\/script>\n<!-- \/ Yoast SEO plugin. -->","yoast_head_json":{"title":"Badia Canela En Polvo 56 Gr - Miscel\u00e1nea S\u00e1nchez | Delivery M\u00f3vil - San Juan del Sur, Nicaragua","robots":{"index":"index","follow":"follow","max-snippet":"max-snippet:-1","max-image-preview":"max-image-preview:large","max-video-preview":"max-video-preview:-1"},"canonical":"https:\/\/deliverymovil.com\/sanjuandelsur\/miscelanea-sanchez\/menu\/badia-canela-en-polvo-56-gr\/","og_locale":"es_ES","og_type":"article","og_title":"Badia Canela En Polvo 56 Gr - Miscel\u00e1nea S\u00e1nchez | Delivery M\u00f3vil - San Juan del Sur, Nicaragua","og_description":"Badia Canela En Polvo 56 Gr","og_url":"https:\/\/deliverymovil.com\/sanjuandelsur\/miscelanea-sanchez\/menu\/badia-canela-en-polvo-56-gr\/","og_site_name":"Miscel\u00e1nea S\u00e1nchez | Delivery M\u00f3vil - San Juan del Sur, Nicaragua","article_modified_time":"2022-09-27T19:53:23+00:00","og_image":[{"width":700,"height":700,"url":"https:\/\/deliverymovil.com\/sanjuandelsur\/miscelanea-sanchez\/wp-content\/uploads\/sites\/64\/2021\/10\/Badia-Canela-En-Polvo-56-Gr.jpg","type":"image\/jpeg"}],"twitter_card":"summary_large_image","schema":{"@context":"https:\/\/schema.org","@graph":[{"@type":"WebPage","@id":"https:\/\/deliverymovil.com\/sanjuandelsur\/miscelanea-sanchez\/menu\/badia-canela-en-polvo-56-gr\/","url":"https:\/\/deliverymovil.com\/sanjuandelsur\/miscelanea-sanchez\/menu\/badia-canela-en-polvo-56-gr\/","name":"Badia Canela En Polvo 56 Gr - Miscel\u00e1nea S\u00e1nchez | Delivery M\u00f3vil - San Juan del Sur, Nicaragua","isPartOf":{"@id":"https:\/\/deliverymovil.com\/sanjuandelsur\/miscelanea-sanchez\/#website"},"primaryImageOfPage":{"@id":"https:\/\/deliverymovil.com\/sanjuandelsur\/miscelanea-sanchez\/menu\/badia-canela-en-polvo-56-gr\/#primaryimage"},"image":{"@id":"https:\/\/deliverymovil.com\/sanjuandelsur\/miscelanea-sanchez\/menu\/badia-canela-en-polvo-56-gr\/#primaryimage"},"thumbnailUrl":"https:\/\/deliverymovil.com\/sanjuandelsur\/miscelanea-sanchez\/wp-content\/uploads\/sites\/64\/2021\/10\/Badia-Canela-En-Polvo-56-Gr.jpg","datePublished":"2021-07-08T20:15:58+00:00","dateModified":"2022-09-27T19:53:23+00:00","breadcrumb":{"@id":"https:\/\/deliverymovil.com\/sanjuandelsur\/miscelanea-sanchez\/menu\/badia-canela-en-polvo-56-gr\/#breadcrumb"},"inLanguage":"es","potentialAction":[{"@type":"ReadAction","target":["https:\/\/deliverymovil.com\/sanjuandelsur\/miscelanea-sanchez\/menu\/badia-canela-en-polvo-56-gr\/"]}]},{"@type":"ImageObject","inLanguage":"es","@id":"https:\/\/deliverymovil.com\/sanjuandelsur\/miscelanea-sanchez\/menu\/badia-canela-en-polvo-56-gr\/#primaryimage","url":"https:\/\/deliverymovil.com\/sanjuandelsur\/miscelanea-sanchez\/wp-content\/uploads\/sites\/64\/2021\/10\/Badia-Canela-En-Polvo-56-Gr.jpg","contentUrl":"https:\/\/deliverymovil.com\/sanjuandelsur\/miscelanea-sanchez\/wp-content\/uploads\/sites\/64\/2021\/10\/Badia-Canela-En-Polvo-56-Gr.jpg","width":700,"height":700,"caption":"Badia Canela En Polvo 56 Gr"},{"@type":"BreadcrumbList","@id":"https:\/\/deliverymovil.com\/sanjuandelsur\/miscelanea-sanchez\/menu\/badia-canela-en-polvo-56-gr\/#breadcrumb","itemListElement":[{"@type":"ListItem","position":1,"name":"Portada","item":"https:\/\/deliverymovil.com\/sanjuandelsur\/miscelanea-sanchez\/"},{"@type":"ListItem","position":2,"name":"Badia Canela En Polvo 56 Gr"}]},{"@type":"WebSite","@id":"https:\/\/deliverymovil.com\/sanjuandelsur\/miscelanea-sanchez\/#website","url":"https:\/\/deliverymovil.com\/sanjuandelsur\/miscelanea-sanchez\/","name":"Miscel\u00e1nea S\u00e1nchez | Delivery M\u00f3vil - San Juan del Sur, Nicaragua","description":"Servicio a Domicilio en SJDS","publisher":{"@id":"https:\/\/deliverymovil.com\/sanjuandelsur\/miscelanea-sanchez\/#organization"},"potentialAction":[{"@type":"SearchAction","target":{"@type":"EntryPoint","urlTemplate":"https:\/\/deliverymovil.com\/sanjuandelsur\/miscelanea-sanchez\/?s={search_term_string}"},"query-input":{"@type":"PropertyValueSpecification","valueRequired":true,"valueName":"search_term_string"}}],"inLanguage":"es"},{"@type":"Organization","@id":"https:\/\/deliverymovil.com\/sanjuandelsur\/miscelanea-sanchez\/#organization","name":"Miscel\u00e1nea S\u00e1nchez | Delivery M\u00f3vil - San Juan del Sur, Nicaragua","url":"https:\/\/deliverymovil.com\/sanjuandelsur\/miscelanea-sanchez\/","logo":{"@type":"ImageObject","inLanguage":"es","@id":"https:\/\/deliverymovil.com\/sanjuandelsur\/miscelanea-sanchez\/#\/schema\/logo\/image\/","url":"https:\/\/deliverymovil.com\/sanjuandelsur\/miscelanea-sanchez\/wp-content\/uploads\/sites\/64\/2022\/03\/logo-delivery-movil-nicaragua.svg","contentUrl":"https:\/\/deliverymovil.com\/sanjuandelsur\/miscelanea-sanchez\/wp-content\/uploads\/sites\/64\/2022\/03\/logo-delivery-movil-nicaragua.svg","width":314,"height":64,"caption":"Miscel\u00e1nea S\u00e1nchez | Delivery M\u00f3vil - San Juan del Sur, Nicaragua"},"image":{"@id":"https:\/\/deliverymovil.com\/sanjuandelsur\/miscelanea-sanchez\/#\/schema\/logo\/image\/"}}]}},"_links":{"self":[{"href":"https:\/\/deliverymovil.com\/sanjuandelsur\/miscelanea-sanchez\/wp-json\/wp\/v2\/product\/977","targetHints":{"allow":["GET"]}}],"collection":[{"href":"https:\/\/deliverymovil.com\/sanjuandelsur\/miscelanea-sanchez\/wp-json\/wp\/v2\/product"}],"about":[{"href":"https:\/\/deliverymovil.com\/sanjuandelsur\/miscelanea-sanchez\/wp-json\/wp\/v2\/types\/product"}],"wp:featuredmedia":[{"embeddable":true,"href":"https:\/\/deliverymovil.com\/sanjuandelsur\/miscelanea-sanchez\/wp-json\/wp\/v2\/media\/978"}],"wp:attachment":[{"href":"https:\/\/deliverymovil.com\/sanjuandelsur\/miscelanea-sanchez\/wp-json\/wp\/v2\/media?parent=977"}],"wp:term":[{"taxonomy":"product_brand","embeddable":true,"href":"https:\/\/deliverymovil.com\/sanjuandelsur\/miscelanea-sanchez\/wp-json\/wp\/v2\/product_brand?post=977"},{"taxonomy":"product_cat","embeddable":true,"href":"https:\/\/deliverymovil.com\/sanjuandelsur\/miscelanea-sanchez\/wp-json\/wp\/v2\/product_cat?post=977"},{"taxonomy":"product_tag","embeddable":true,"href":"https:\/\/deliverymovil.com\/sanjuandelsur\/miscelanea-sanchez\/wp-json\/wp\/v2\/product_tag?post=977"}],"curies":[{"name":"wp","href":"https:\/\/api.w.org\/{rel}","templated":true}]}}