{"id":1109,"date":"2021-07-08T14:17:50","date_gmt":"2021-07-08T20:17:50","guid":{"rendered":"https:\/\/deliverymovil.com\/sanjuandelsur\/miscelanea-sanchez\/menu\/chile-lizano-62-gr\/"},"modified":"2022-09-27T13:44:15","modified_gmt":"2022-09-27T19:44:15","slug":"chile-lizano-62-gr","status":"publish","type":"product","link":"https:\/\/deliverymovil.com\/sanjuandelsur\/miscelanea-sanchez\/menu\/chile-lizano-62-gr\/","title":{"rendered":"Chile Lizano 62 Gr"},"content":{"rendered":"<p>Chile Lizano 62 Gr<\/p>\n","protected":false},"excerpt":{"rendered":"<p>Chile Lizano 62 Gr<\/p>\n","protected":false},"featured_media":1110,"template":"","meta":{"inline_featured_image":false},"product_brand":[],"product_cat":[672],"product_tag":[677],"class_list":{"0":"post-1109","1":"product","2":"type-product","3":"status-publish","4":"has-post-thumbnail","6":"product_cat-chiles-y-salsas-picantes","7":"product_tag-chile-lizano-62-gr","9":"first","10":"instock","11":"shipping-taxable","12":"purchasable","13":"product-type-simple"},"yoast_head":"<!-- This site is optimized with the Yoast SEO plugin v26.8 - https:\/\/yoast.com\/product\/yoast-seo-wordpress\/ -->\n<title>Chile Lizano 62 Gr - Miscel\u00e1nea S\u00e1nchez | Delivery M\u00f3vil - San Juan del Sur, Nicaragua<\/title>\n<meta name=\"robots\" content=\"index, follow, max-snippet:-1, max-image-preview:large, max-video-preview:-1\" \/>\n<link rel=\"canonical\" href=\"https:\/\/deliverymovil.com\/sanjuandelsur\/miscelanea-sanchez\/menu\/chile-lizano-62-gr\/\" \/>\n<meta property=\"og:locale\" content=\"es_ES\" \/>\n<meta property=\"og:type\" content=\"article\" \/>\n<meta property=\"og:title\" content=\"Chile Lizano 62 Gr - Miscel\u00e1nea S\u00e1nchez | Delivery M\u00f3vil - San Juan del Sur, Nicaragua\" \/>\n<meta property=\"og:description\" content=\"Chile Lizano 62 Gr\" \/>\n<meta property=\"og:url\" content=\"https:\/\/deliverymovil.com\/sanjuandelsur\/miscelanea-sanchez\/menu\/chile-lizano-62-gr\/\" \/>\n<meta property=\"og:site_name\" content=\"Miscel\u00e1nea S\u00e1nchez | Delivery M\u00f3vil - San Juan del Sur, Nicaragua\" \/>\n<meta property=\"article:modified_time\" content=\"2022-09-27T19:44:15+00:00\" \/>\n<meta property=\"og:image\" content=\"https:\/\/deliverymovil.com\/sanjuandelsur\/miscelanea-sanchez\/wp-content\/uploads\/sites\/64\/2021\/10\/Chile-Lizano-62-Gr.jpg\" \/>\n\t<meta property=\"og:image:width\" content=\"1000\" \/>\n\t<meta property=\"og:image:height\" content=\"1000\" \/>\n\t<meta property=\"og:image:type\" content=\"image\/jpeg\" \/>\n<meta name=\"twitter:card\" content=\"summary_large_image\" \/>\n<script type=\"application\/ld+json\" class=\"yoast-schema-graph\">{\"@context\":\"https:\/\/schema.org\",\"@graph\":[{\"@type\":\"WebPage\",\"@id\":\"https:\/\/deliverymovil.com\/sanjuandelsur\/miscelanea-sanchez\/menu\/chile-lizano-62-gr\/\",\"url\":\"https:\/\/deliverymovil.com\/sanjuandelsur\/miscelanea-sanchez\/menu\/chile-lizano-62-gr\/\",\"name\":\"Chile Lizano 62 Gr - Miscel\u00e1nea S\u00e1nchez | Delivery M\u00f3vil - San Juan del Sur, Nicaragua\",\"isPartOf\":{\"@id\":\"https:\/\/deliverymovil.com\/sanjuandelsur\/miscelanea-sanchez\/#website\"},\"primaryImageOfPage\":{\"@id\":\"https:\/\/deliverymovil.com\/sanjuandelsur\/miscelanea-sanchez\/menu\/chile-lizano-62-gr\/#primaryimage\"},\"image\":{\"@id\":\"https:\/\/deliverymovil.com\/sanjuandelsur\/miscelanea-sanchez\/menu\/chile-lizano-62-gr\/#primaryimage\"},\"thumbnailUrl\":\"https:\/\/deliverymovil.com\/sanjuandelsur\/miscelanea-sanchez\/wp-content\/uploads\/sites\/64\/2021\/10\/Chile-Lizano-62-Gr.jpg\",\"datePublished\":\"2021-07-08T20:17:50+00:00\",\"dateModified\":\"2022-09-27T19:44:15+00:00\",\"breadcrumb\":{\"@id\":\"https:\/\/deliverymovil.com\/sanjuandelsur\/miscelanea-sanchez\/menu\/chile-lizano-62-gr\/#breadcrumb\"},\"inLanguage\":\"es\",\"potentialAction\":[{\"@type\":\"ReadAction\",\"target\":[\"https:\/\/deliverymovil.com\/sanjuandelsur\/miscelanea-sanchez\/menu\/chile-lizano-62-gr\/\"]}]},{\"@type\":\"ImageObject\",\"inLanguage\":\"es\",\"@id\":\"https:\/\/deliverymovil.com\/sanjuandelsur\/miscelanea-sanchez\/menu\/chile-lizano-62-gr\/#primaryimage\",\"url\":\"https:\/\/deliverymovil.com\/sanjuandelsur\/miscelanea-sanchez\/wp-content\/uploads\/sites\/64\/2021\/10\/Chile-Lizano-62-Gr.jpg\",\"contentUrl\":\"https:\/\/deliverymovil.com\/sanjuandelsur\/miscelanea-sanchez\/wp-content\/uploads\/sites\/64\/2021\/10\/Chile-Lizano-62-Gr.jpg\",\"width\":1000,\"height\":1000,\"caption\":\"Chile Lizano 62 Gr\"},{\"@type\":\"BreadcrumbList\",\"@id\":\"https:\/\/deliverymovil.com\/sanjuandelsur\/miscelanea-sanchez\/menu\/chile-lizano-62-gr\/#breadcrumb\",\"itemListElement\":[{\"@type\":\"ListItem\",\"position\":1,\"name\":\"Portada\",\"item\":\"https:\/\/deliverymovil.com\/sanjuandelsur\/miscelanea-sanchez\/\"},{\"@type\":\"ListItem\",\"position\":2,\"name\":\"Chile Lizano 62 Gr\"}]},{\"@type\":\"WebSite\",\"@id\":\"https:\/\/deliverymovil.com\/sanjuandelsur\/miscelanea-sanchez\/#website\",\"url\":\"https:\/\/deliverymovil.com\/sanjuandelsur\/miscelanea-sanchez\/\",\"name\":\"Miscel\u00e1nea S\u00e1nchez | Delivery M\u00f3vil - San Juan del Sur, Nicaragua\",\"description\":\"Servicio a Domicilio en SJDS\",\"publisher\":{\"@id\":\"https:\/\/deliverymovil.com\/sanjuandelsur\/miscelanea-sanchez\/#organization\"},\"potentialAction\":[{\"@type\":\"SearchAction\",\"target\":{\"@type\":\"EntryPoint\",\"urlTemplate\":\"https:\/\/deliverymovil.com\/sanjuandelsur\/miscelanea-sanchez\/?s={search_term_string}\"},\"query-input\":{\"@type\":\"PropertyValueSpecification\",\"valueRequired\":true,\"valueName\":\"search_term_string\"}}],\"inLanguage\":\"es\"},{\"@type\":\"Organization\",\"@id\":\"https:\/\/deliverymovil.com\/sanjuandelsur\/miscelanea-sanchez\/#organization\",\"name\":\"Miscel\u00e1nea S\u00e1nchez | Delivery M\u00f3vil - San Juan del Sur, Nicaragua\",\"url\":\"https:\/\/deliverymovil.com\/sanjuandelsur\/miscelanea-sanchez\/\",\"logo\":{\"@type\":\"ImageObject\",\"inLanguage\":\"es\",\"@id\":\"https:\/\/deliverymovil.com\/sanjuandelsur\/miscelanea-sanchez\/#\/schema\/logo\/image\/\",\"url\":\"https:\/\/deliverymovil.com\/sanjuandelsur\/miscelanea-sanchez\/wp-content\/uploads\/sites\/64\/2022\/03\/logo-delivery-movil-nicaragua.svg\",\"contentUrl\":\"https:\/\/deliverymovil.com\/sanjuandelsur\/miscelanea-sanchez\/wp-content\/uploads\/sites\/64\/2022\/03\/logo-delivery-movil-nicaragua.svg\",\"width\":314,\"height\":64,\"caption\":\"Miscel\u00e1nea S\u00e1nchez | Delivery M\u00f3vil - San Juan del Sur, Nicaragua\"},\"image\":{\"@id\":\"https:\/\/deliverymovil.com\/sanjuandelsur\/miscelanea-sanchez\/#\/schema\/logo\/image\/\"}}]}<\/script>\n<!-- \/ Yoast SEO plugin. -->","yoast_head_json":{"title":"Chile Lizano 62 Gr - Miscel\u00e1nea S\u00e1nchez | Delivery M\u00f3vil - San Juan del Sur, Nicaragua","robots":{"index":"index","follow":"follow","max-snippet":"max-snippet:-1","max-image-preview":"max-image-preview:large","max-video-preview":"max-video-preview:-1"},"canonical":"https:\/\/deliverymovil.com\/sanjuandelsur\/miscelanea-sanchez\/menu\/chile-lizano-62-gr\/","og_locale":"es_ES","og_type":"article","og_title":"Chile Lizano 62 Gr - Miscel\u00e1nea S\u00e1nchez | Delivery M\u00f3vil - San Juan del Sur, Nicaragua","og_description":"Chile Lizano 62 Gr","og_url":"https:\/\/deliverymovil.com\/sanjuandelsur\/miscelanea-sanchez\/menu\/chile-lizano-62-gr\/","og_site_name":"Miscel\u00e1nea S\u00e1nchez | Delivery M\u00f3vil - San Juan del Sur, Nicaragua","article_modified_time":"2022-09-27T19:44:15+00:00","og_image":[{"width":1000,"height":1000,"url":"https:\/\/deliverymovil.com\/sanjuandelsur\/miscelanea-sanchez\/wp-content\/uploads\/sites\/64\/2021\/10\/Chile-Lizano-62-Gr.jpg","type":"image\/jpeg"}],"twitter_card":"summary_large_image","schema":{"@context":"https:\/\/schema.org","@graph":[{"@type":"WebPage","@id":"https:\/\/deliverymovil.com\/sanjuandelsur\/miscelanea-sanchez\/menu\/chile-lizano-62-gr\/","url":"https:\/\/deliverymovil.com\/sanjuandelsur\/miscelanea-sanchez\/menu\/chile-lizano-62-gr\/","name":"Chile Lizano 62 Gr - Miscel\u00e1nea S\u00e1nchez | Delivery M\u00f3vil - San Juan del Sur, Nicaragua","isPartOf":{"@id":"https:\/\/deliverymovil.com\/sanjuandelsur\/miscelanea-sanchez\/#website"},"primaryImageOfPage":{"@id":"https:\/\/deliverymovil.com\/sanjuandelsur\/miscelanea-sanchez\/menu\/chile-lizano-62-gr\/#primaryimage"},"image":{"@id":"https:\/\/deliverymovil.com\/sanjuandelsur\/miscelanea-sanchez\/menu\/chile-lizano-62-gr\/#primaryimage"},"thumbnailUrl":"https:\/\/deliverymovil.com\/sanjuandelsur\/miscelanea-sanchez\/wp-content\/uploads\/sites\/64\/2021\/10\/Chile-Lizano-62-Gr.jpg","datePublished":"2021-07-08T20:17:50+00:00","dateModified":"2022-09-27T19:44:15+00:00","breadcrumb":{"@id":"https:\/\/deliverymovil.com\/sanjuandelsur\/miscelanea-sanchez\/menu\/chile-lizano-62-gr\/#breadcrumb"},"inLanguage":"es","potentialAction":[{"@type":"ReadAction","target":["https:\/\/deliverymovil.com\/sanjuandelsur\/miscelanea-sanchez\/menu\/chile-lizano-62-gr\/"]}]},{"@type":"ImageObject","inLanguage":"es","@id":"https:\/\/deliverymovil.com\/sanjuandelsur\/miscelanea-sanchez\/menu\/chile-lizano-62-gr\/#primaryimage","url":"https:\/\/deliverymovil.com\/sanjuandelsur\/miscelanea-sanchez\/wp-content\/uploads\/sites\/64\/2021\/10\/Chile-Lizano-62-Gr.jpg","contentUrl":"https:\/\/deliverymovil.com\/sanjuandelsur\/miscelanea-sanchez\/wp-content\/uploads\/sites\/64\/2021\/10\/Chile-Lizano-62-Gr.jpg","width":1000,"height":1000,"caption":"Chile Lizano 62 Gr"},{"@type":"BreadcrumbList","@id":"https:\/\/deliverymovil.com\/sanjuandelsur\/miscelanea-sanchez\/menu\/chile-lizano-62-gr\/#breadcrumb","itemListElement":[{"@type":"ListItem","position":1,"name":"Portada","item":"https:\/\/deliverymovil.com\/sanjuandelsur\/miscelanea-sanchez\/"},{"@type":"ListItem","position":2,"name":"Chile Lizano 62 Gr"}]},{"@type":"WebSite","@id":"https:\/\/deliverymovil.com\/sanjuandelsur\/miscelanea-sanchez\/#website","url":"https:\/\/deliverymovil.com\/sanjuandelsur\/miscelanea-sanchez\/","name":"Miscel\u00e1nea S\u00e1nchez | Delivery M\u00f3vil - San Juan del Sur, Nicaragua","description":"Servicio a Domicilio en SJDS","publisher":{"@id":"https:\/\/deliverymovil.com\/sanjuandelsur\/miscelanea-sanchez\/#organization"},"potentialAction":[{"@type":"SearchAction","target":{"@type":"EntryPoint","urlTemplate":"https:\/\/deliverymovil.com\/sanjuandelsur\/miscelanea-sanchez\/?s={search_term_string}"},"query-input":{"@type":"PropertyValueSpecification","valueRequired":true,"valueName":"search_term_string"}}],"inLanguage":"es"},{"@type":"Organization","@id":"https:\/\/deliverymovil.com\/sanjuandelsur\/miscelanea-sanchez\/#organization","name":"Miscel\u00e1nea S\u00e1nchez | Delivery M\u00f3vil - San Juan del Sur, Nicaragua","url":"https:\/\/deliverymovil.com\/sanjuandelsur\/miscelanea-sanchez\/","logo":{"@type":"ImageObject","inLanguage":"es","@id":"https:\/\/deliverymovil.com\/sanjuandelsur\/miscelanea-sanchez\/#\/schema\/logo\/image\/","url":"https:\/\/deliverymovil.com\/sanjuandelsur\/miscelanea-sanchez\/wp-content\/uploads\/sites\/64\/2022\/03\/logo-delivery-movil-nicaragua.svg","contentUrl":"https:\/\/deliverymovil.com\/sanjuandelsur\/miscelanea-sanchez\/wp-content\/uploads\/sites\/64\/2022\/03\/logo-delivery-movil-nicaragua.svg","width":314,"height":64,"caption":"Miscel\u00e1nea S\u00e1nchez | Delivery M\u00f3vil - San Juan del Sur, Nicaragua"},"image":{"@id":"https:\/\/deliverymovil.com\/sanjuandelsur\/miscelanea-sanchez\/#\/schema\/logo\/image\/"}}]}},"_links":{"self":[{"href":"https:\/\/deliverymovil.com\/sanjuandelsur\/miscelanea-sanchez\/wp-json\/wp\/v2\/product\/1109","targetHints":{"allow":["GET"]}}],"collection":[{"href":"https:\/\/deliverymovil.com\/sanjuandelsur\/miscelanea-sanchez\/wp-json\/wp\/v2\/product"}],"about":[{"href":"https:\/\/deliverymovil.com\/sanjuandelsur\/miscelanea-sanchez\/wp-json\/wp\/v2\/types\/product"}],"wp:featuredmedia":[{"embeddable":true,"href":"https:\/\/deliverymovil.com\/sanjuandelsur\/miscelanea-sanchez\/wp-json\/wp\/v2\/media\/1110"}],"wp:attachment":[{"href":"https:\/\/deliverymovil.com\/sanjuandelsur\/miscelanea-sanchez\/wp-json\/wp\/v2\/media?parent=1109"}],"wp:term":[{"taxonomy":"product_brand","embeddable":true,"href":"https:\/\/deliverymovil.com\/sanjuandelsur\/miscelanea-sanchez\/wp-json\/wp\/v2\/product_brand?post=1109"},{"taxonomy":"product_cat","embeddable":true,"href":"https:\/\/deliverymovil.com\/sanjuandelsur\/miscelanea-sanchez\/wp-json\/wp\/v2\/product_cat?post=1109"},{"taxonomy":"product_tag","embeddable":true,"href":"https:\/\/deliverymovil.com\/sanjuandelsur\/miscelanea-sanchez\/wp-json\/wp\/v2\/product_tag?post=1109"}],"curies":[{"name":"wp","href":"https:\/\/api.w.org\/{rel}","templated":true}]}}