{"id":1427,"date":"2026-01-23T13:21:07","date_gmt":"2026-01-23T19:21:07","guid":{"rendered":"https:\/\/deliverymovil.com\/sanjuandelsur\/menu-restaurante-tuanis\/?post_type=product&#038;p=1427"},"modified":"2026-01-23T13:22:29","modified_gmt":"2026-01-23T19:22:29","slug":"lomo-de-costilla","status":"publish","type":"product","link":"https:\/\/deliverymovil.com\/sanjuandelsur\/menu-restaurante-tuanis\/menu\/lomo-de-costilla\/","title":{"rendered":"LOMO DE COSTILLA"},"content":{"rendered":"","protected":false},"excerpt":{"rendered":"<p>Corte de lomo de costilla premium de 12 oz, acompa\u00f1ado<br \/>\nde pur\u00e9 de papas y vegetales salteados.<\/p>\n","protected":false},"featured_media":0,"template":"","meta":{"inline_featured_image":false},"product_brand":[],"product_cat":[711],"product_tag":[],"class_list":{"0":"post-1427","1":"product","2":"type-product","3":"status-publish","5":"product_cat-carnes","7":"first","8":"instock","9":"shipping-taxable","10":"purchasable","11":"product-type-simple"},"yoast_head":"<!-- This site is optimized with the Yoast SEO plugin v26.8 - https:\/\/yoast.com\/product\/yoast-seo-wordpress\/ -->\n<title>LOMO DE COSTILLA - Tuani&#039;s Restaurant | Delivery M\u00f3vil - San Juan del Sur<\/title>\n<meta name=\"robots\" content=\"index, follow, max-snippet:-1, max-image-preview:large, max-video-preview:-1\" \/>\n<link rel=\"canonical\" href=\"https:\/\/deliverymovil.com\/sanjuandelsur\/menu-restaurante-tuanis\/menu\/lomo-de-costilla\/\" \/>\n<meta property=\"og:locale\" content=\"es_ES\" \/>\n<meta property=\"og:type\" content=\"article\" \/>\n<meta property=\"og:title\" content=\"LOMO DE COSTILLA - Tuani&#039;s Restaurant | Delivery M\u00f3vil - San Juan del Sur\" \/>\n<meta property=\"og:description\" content=\"Corte de lomo de costilla premium de 12 oz, acompa\u00f1ado de pur\u00e9 de papas y vegetales salteados.\" \/>\n<meta property=\"og:url\" content=\"https:\/\/deliverymovil.com\/sanjuandelsur\/menu-restaurante-tuanis\/menu\/lomo-de-costilla\/\" \/>\n<meta property=\"og:site_name\" content=\"Tuani&#039;s Restaurant | Delivery M\u00f3vil - San Juan del Sur\" \/>\n<meta property=\"article:modified_time\" content=\"2026-01-23T19:22:29+00:00\" \/>\n<meta name=\"twitter:card\" content=\"summary_large_image\" \/>\n<script type=\"application\/ld+json\" class=\"yoast-schema-graph\">{\"@context\":\"https:\/\/schema.org\",\"@graph\":[{\"@type\":\"WebPage\",\"@id\":\"https:\/\/deliverymovil.com\/sanjuandelsur\/menu-restaurante-tuanis\/menu\/lomo-de-costilla\/\",\"url\":\"https:\/\/deliverymovil.com\/sanjuandelsur\/menu-restaurante-tuanis\/menu\/lomo-de-costilla\/\",\"name\":\"LOMO DE COSTILLA - Tuani&#039;s Restaurant | Delivery M\u00f3vil - San Juan del Sur\",\"isPartOf\":{\"@id\":\"https:\/\/deliverymovil.com\/sanjuandelsur\/menu-restaurante-tuanis\/#website\"},\"datePublished\":\"2026-01-23T19:21:07+00:00\",\"dateModified\":\"2026-01-23T19:22:29+00:00\",\"breadcrumb\":{\"@id\":\"https:\/\/deliverymovil.com\/sanjuandelsur\/menu-restaurante-tuanis\/menu\/lomo-de-costilla\/#breadcrumb\"},\"inLanguage\":\"es\",\"potentialAction\":[{\"@type\":\"ReadAction\",\"target\":[\"https:\/\/deliverymovil.com\/sanjuandelsur\/menu-restaurante-tuanis\/menu\/lomo-de-costilla\/\"]}]},{\"@type\":\"BreadcrumbList\",\"@id\":\"https:\/\/deliverymovil.com\/sanjuandelsur\/menu-restaurante-tuanis\/menu\/lomo-de-costilla\/#breadcrumb\",\"itemListElement\":[{\"@type\":\"ListItem\",\"position\":1,\"name\":\"Portada\",\"item\":\"https:\/\/deliverymovil.com\/sanjuandelsur\/menu-restaurante-tuanis\/\"},{\"@type\":\"ListItem\",\"position\":2,\"name\":\"LOMO DE COSTILLA\"}]},{\"@type\":\"WebSite\",\"@id\":\"https:\/\/deliverymovil.com\/sanjuandelsur\/menu-restaurante-tuanis\/#website\",\"url\":\"https:\/\/deliverymovil.com\/sanjuandelsur\/menu-restaurante-tuanis\/\",\"name\":\"Tuani&#039;s Restaurant | Delivery M\u00f3vil - San Juan del Sur\",\"description\":\"Servicio a Domicilio en SJDS\",\"publisher\":{\"@id\":\"https:\/\/deliverymovil.com\/sanjuandelsur\/menu-restaurante-tuanis\/#organization\"},\"potentialAction\":[{\"@type\":\"SearchAction\",\"target\":{\"@type\":\"EntryPoint\",\"urlTemplate\":\"https:\/\/deliverymovil.com\/sanjuandelsur\/menu-restaurante-tuanis\/?s={search_term_string}\"},\"query-input\":{\"@type\":\"PropertyValueSpecification\",\"valueRequired\":true,\"valueName\":\"search_term_string\"}}],\"inLanguage\":\"es\"},{\"@type\":\"Organization\",\"@id\":\"https:\/\/deliverymovil.com\/sanjuandelsur\/menu-restaurante-tuanis\/#organization\",\"name\":\"Tuani&#039;s Restaurant | Delivery M\u00f3vil - San Juan del Sur\",\"url\":\"https:\/\/deliverymovil.com\/sanjuandelsur\/menu-restaurante-tuanis\/\",\"logo\":{\"@type\":\"ImageObject\",\"inLanguage\":\"es\",\"@id\":\"https:\/\/deliverymovil.com\/sanjuandelsur\/menu-restaurante-tuanis\/#\/schema\/logo\/image\/\",\"url\":\"https:\/\/deliverymovil.com\/sanjuandelsur\/menu-restaurante-tuanis\/wp-content\/uploads\/sites\/81\/2022\/03\/logo-delivery-movil-nicaragua.svg\",\"contentUrl\":\"https:\/\/deliverymovil.com\/sanjuandelsur\/menu-restaurante-tuanis\/wp-content\/uploads\/sites\/81\/2022\/03\/logo-delivery-movil-nicaragua.svg\",\"width\":314,\"height\":64,\"caption\":\"Tuani&#039;s Restaurant | Delivery M\u00f3vil - San Juan del Sur\"},\"image\":{\"@id\":\"https:\/\/deliverymovil.com\/sanjuandelsur\/menu-restaurante-tuanis\/#\/schema\/logo\/image\/\"}}]}<\/script>\n<!-- \/ Yoast SEO plugin. -->","yoast_head_json":{"title":"LOMO DE COSTILLA - Tuani&#039;s Restaurant | Delivery M\u00f3vil - San Juan del Sur","robots":{"index":"index","follow":"follow","max-snippet":"max-snippet:-1","max-image-preview":"max-image-preview:large","max-video-preview":"max-video-preview:-1"},"canonical":"https:\/\/deliverymovil.com\/sanjuandelsur\/menu-restaurante-tuanis\/menu\/lomo-de-costilla\/","og_locale":"es_ES","og_type":"article","og_title":"LOMO DE COSTILLA - Tuani&#039;s Restaurant | Delivery M\u00f3vil - San Juan del Sur","og_description":"Corte de lomo de costilla premium de 12 oz, acompa\u00f1ado de pur\u00e9 de papas y vegetales salteados.","og_url":"https:\/\/deliverymovil.com\/sanjuandelsur\/menu-restaurante-tuanis\/menu\/lomo-de-costilla\/","og_site_name":"Tuani&#039;s Restaurant | Delivery M\u00f3vil - San Juan del Sur","article_modified_time":"2026-01-23T19:22:29+00:00","twitter_card":"summary_large_image","schema":{"@context":"https:\/\/schema.org","@graph":[{"@type":"WebPage","@id":"https:\/\/deliverymovil.com\/sanjuandelsur\/menu-restaurante-tuanis\/menu\/lomo-de-costilla\/","url":"https:\/\/deliverymovil.com\/sanjuandelsur\/menu-restaurante-tuanis\/menu\/lomo-de-costilla\/","name":"LOMO DE COSTILLA - Tuani&#039;s Restaurant | Delivery M\u00f3vil - San Juan del Sur","isPartOf":{"@id":"https:\/\/deliverymovil.com\/sanjuandelsur\/menu-restaurante-tuanis\/#website"},"datePublished":"2026-01-23T19:21:07+00:00","dateModified":"2026-01-23T19:22:29+00:00","breadcrumb":{"@id":"https:\/\/deliverymovil.com\/sanjuandelsur\/menu-restaurante-tuanis\/menu\/lomo-de-costilla\/#breadcrumb"},"inLanguage":"es","potentialAction":[{"@type":"ReadAction","target":["https:\/\/deliverymovil.com\/sanjuandelsur\/menu-restaurante-tuanis\/menu\/lomo-de-costilla\/"]}]},{"@type":"BreadcrumbList","@id":"https:\/\/deliverymovil.com\/sanjuandelsur\/menu-restaurante-tuanis\/menu\/lomo-de-costilla\/#breadcrumb","itemListElement":[{"@type":"ListItem","position":1,"name":"Portada","item":"https:\/\/deliverymovil.com\/sanjuandelsur\/menu-restaurante-tuanis\/"},{"@type":"ListItem","position":2,"name":"LOMO DE COSTILLA"}]},{"@type":"WebSite","@id":"https:\/\/deliverymovil.com\/sanjuandelsur\/menu-restaurante-tuanis\/#website","url":"https:\/\/deliverymovil.com\/sanjuandelsur\/menu-restaurante-tuanis\/","name":"Tuani&#039;s Restaurant | Delivery M\u00f3vil - San Juan del Sur","description":"Servicio a Domicilio en SJDS","publisher":{"@id":"https:\/\/deliverymovil.com\/sanjuandelsur\/menu-restaurante-tuanis\/#organization"},"potentialAction":[{"@type":"SearchAction","target":{"@type":"EntryPoint","urlTemplate":"https:\/\/deliverymovil.com\/sanjuandelsur\/menu-restaurante-tuanis\/?s={search_term_string}"},"query-input":{"@type":"PropertyValueSpecification","valueRequired":true,"valueName":"search_term_string"}}],"inLanguage":"es"},{"@type":"Organization","@id":"https:\/\/deliverymovil.com\/sanjuandelsur\/menu-restaurante-tuanis\/#organization","name":"Tuani&#039;s Restaurant | Delivery M\u00f3vil - San Juan del Sur","url":"https:\/\/deliverymovil.com\/sanjuandelsur\/menu-restaurante-tuanis\/","logo":{"@type":"ImageObject","inLanguage":"es","@id":"https:\/\/deliverymovil.com\/sanjuandelsur\/menu-restaurante-tuanis\/#\/schema\/logo\/image\/","url":"https:\/\/deliverymovil.com\/sanjuandelsur\/menu-restaurante-tuanis\/wp-content\/uploads\/sites\/81\/2022\/03\/logo-delivery-movil-nicaragua.svg","contentUrl":"https:\/\/deliverymovil.com\/sanjuandelsur\/menu-restaurante-tuanis\/wp-content\/uploads\/sites\/81\/2022\/03\/logo-delivery-movil-nicaragua.svg","width":314,"height":64,"caption":"Tuani&#039;s Restaurant | Delivery M\u00f3vil - San Juan del Sur"},"image":{"@id":"https:\/\/deliverymovil.com\/sanjuandelsur\/menu-restaurante-tuanis\/#\/schema\/logo\/image\/"}}]}},"_links":{"self":[{"href":"https:\/\/deliverymovil.com\/sanjuandelsur\/menu-restaurante-tuanis\/wp-json\/wp\/v2\/product\/1427","targetHints":{"allow":["GET"]}}],"collection":[{"href":"https:\/\/deliverymovil.com\/sanjuandelsur\/menu-restaurante-tuanis\/wp-json\/wp\/v2\/product"}],"about":[{"href":"https:\/\/deliverymovil.com\/sanjuandelsur\/menu-restaurante-tuanis\/wp-json\/wp\/v2\/types\/product"}],"wp:attachment":[{"href":"https:\/\/deliverymovil.com\/sanjuandelsur\/menu-restaurante-tuanis\/wp-json\/wp\/v2\/media?parent=1427"}],"wp:term":[{"taxonomy":"product_brand","embeddable":true,"href":"https:\/\/deliverymovil.com\/sanjuandelsur\/menu-restaurante-tuanis\/wp-json\/wp\/v2\/product_brand?post=1427"},{"taxonomy":"product_cat","embeddable":true,"href":"https:\/\/deliverymovil.com\/sanjuandelsur\/menu-restaurante-tuanis\/wp-json\/wp\/v2\/product_cat?post=1427"},{"taxonomy":"product_tag","embeddable":true,"href":"https:\/\/deliverymovil.com\/sanjuandelsur\/menu-restaurante-tuanis\/wp-json\/wp\/v2\/product_tag?post=1427"}],"curies":[{"name":"wp","href":"https:\/\/api.w.org\/{rel}","templated":true}]}}