{"id":1423,"date":"2026-01-23T12:49:23","date_gmt":"2026-01-23T18:49:23","guid":{"rendered":"https:\/\/deliverymovil.com\/sanjuandelsur\/menu-restaurante-tuanis\/?post_type=product&#038;p=1423"},"modified":"2026-01-23T12:49:24","modified_gmt":"2026-01-23T18:49:24","slug":"sandwich-cubano","status":"publish","type":"product","link":"https:\/\/deliverymovil.com\/sanjuandelsur\/menu-restaurante-tuanis\/menu\/sandwich-cubano\/","title":{"rendered":"S\u00c1NDWICH CUBANO"},"content":{"rendered":"","protected":false},"excerpt":{"rendered":"<p>Posta de cerdo, jam\u00f3n, queso cheddar, pepinillo<br \/>\nencurtido, cebolla caramelizada y mostaza, servido en<br \/>\npan casero y acompa\u00f1ado de papas fritas.<\/p>\n","protected":false},"featured_media":0,"template":"","meta":{"inline_featured_image":false},"product_brand":[],"product_cat":[744],"product_tag":[],"class_list":{"0":"post-1423","1":"product","2":"type-product","3":"status-publish","5":"product_cat-sandwiches","7":"first","8":"instock","9":"shipping-taxable","10":"purchasable","11":"product-type-simple"},"yoast_head":"<!-- This site is optimized with the Yoast SEO plugin v26.8 - https:\/\/yoast.com\/product\/yoast-seo-wordpress\/ -->\n<title>S\u00c1NDWICH CUBANO - Tuani&#039;s Restaurant | Delivery M\u00f3vil - San Juan del Sur<\/title>\n<meta name=\"robots\" content=\"index, follow, max-snippet:-1, max-image-preview:large, max-video-preview:-1\" \/>\n<link rel=\"canonical\" href=\"https:\/\/deliverymovil.com\/sanjuandelsur\/menu-restaurante-tuanis\/menu\/sandwich-cubano\/\" \/>\n<meta property=\"og:locale\" content=\"es_ES\" \/>\n<meta property=\"og:type\" content=\"article\" \/>\n<meta property=\"og:title\" content=\"S\u00c1NDWICH CUBANO - Tuani&#039;s Restaurant | Delivery M\u00f3vil - San Juan del Sur\" \/>\n<meta property=\"og:description\" content=\"Posta de cerdo, jam\u00f3n, queso cheddar, pepinillo encurtido, cebolla caramelizada y mostaza, servido en pan casero y acompa\u00f1ado de papas fritas.\" \/>\n<meta property=\"og:url\" content=\"https:\/\/deliverymovil.com\/sanjuandelsur\/menu-restaurante-tuanis\/menu\/sandwich-cubano\/\" \/>\n<meta property=\"og:site_name\" content=\"Tuani&#039;s Restaurant | Delivery M\u00f3vil - San Juan del Sur\" \/>\n<meta property=\"article:modified_time\" content=\"2026-01-23T18:49:24+00:00\" \/>\n<meta name=\"twitter:card\" content=\"summary_large_image\" \/>\n<script type=\"application\/ld+json\" class=\"yoast-schema-graph\">{\"@context\":\"https:\/\/schema.org\",\"@graph\":[{\"@type\":\"WebPage\",\"@id\":\"https:\/\/deliverymovil.com\/sanjuandelsur\/menu-restaurante-tuanis\/menu\/sandwich-cubano\/\",\"url\":\"https:\/\/deliverymovil.com\/sanjuandelsur\/menu-restaurante-tuanis\/menu\/sandwich-cubano\/\",\"name\":\"S\u00c1NDWICH CUBANO - Tuani&#039;s Restaurant | Delivery M\u00f3vil - San Juan del Sur\",\"isPartOf\":{\"@id\":\"https:\/\/deliverymovil.com\/sanjuandelsur\/menu-restaurante-tuanis\/#website\"},\"datePublished\":\"2026-01-23T18:49:23+00:00\",\"dateModified\":\"2026-01-23T18:49:24+00:00\",\"breadcrumb\":{\"@id\":\"https:\/\/deliverymovil.com\/sanjuandelsur\/menu-restaurante-tuanis\/menu\/sandwich-cubano\/#breadcrumb\"},\"inLanguage\":\"es\",\"potentialAction\":[{\"@type\":\"ReadAction\",\"target\":[\"https:\/\/deliverymovil.com\/sanjuandelsur\/menu-restaurante-tuanis\/menu\/sandwich-cubano\/\"]}]},{\"@type\":\"BreadcrumbList\",\"@id\":\"https:\/\/deliverymovil.com\/sanjuandelsur\/menu-restaurante-tuanis\/menu\/sandwich-cubano\/#breadcrumb\",\"itemListElement\":[{\"@type\":\"ListItem\",\"position\":1,\"name\":\"Portada\",\"item\":\"https:\/\/deliverymovil.com\/sanjuandelsur\/menu-restaurante-tuanis\/\"},{\"@type\":\"ListItem\",\"position\":2,\"name\":\"S\u00c1NDWICH CUBANO\"}]},{\"@type\":\"WebSite\",\"@id\":\"https:\/\/deliverymovil.com\/sanjuandelsur\/menu-restaurante-tuanis\/#website\",\"url\":\"https:\/\/deliverymovil.com\/sanjuandelsur\/menu-restaurante-tuanis\/\",\"name\":\"Tuani&#039;s Restaurant | Delivery M\u00f3vil - San Juan del Sur\",\"description\":\"Servicio a Domicilio en SJDS\",\"publisher\":{\"@id\":\"https:\/\/deliverymovil.com\/sanjuandelsur\/menu-restaurante-tuanis\/#organization\"},\"potentialAction\":[{\"@type\":\"SearchAction\",\"target\":{\"@type\":\"EntryPoint\",\"urlTemplate\":\"https:\/\/deliverymovil.com\/sanjuandelsur\/menu-restaurante-tuanis\/?s={search_term_string}\"},\"query-input\":{\"@type\":\"PropertyValueSpecification\",\"valueRequired\":true,\"valueName\":\"search_term_string\"}}],\"inLanguage\":\"es\"},{\"@type\":\"Organization\",\"@id\":\"https:\/\/deliverymovil.com\/sanjuandelsur\/menu-restaurante-tuanis\/#organization\",\"name\":\"Tuani&#039;s Restaurant | Delivery M\u00f3vil - San Juan del Sur\",\"url\":\"https:\/\/deliverymovil.com\/sanjuandelsur\/menu-restaurante-tuanis\/\",\"logo\":{\"@type\":\"ImageObject\",\"inLanguage\":\"es\",\"@id\":\"https:\/\/deliverymovil.com\/sanjuandelsur\/menu-restaurante-tuanis\/#\/schema\/logo\/image\/\",\"url\":\"https:\/\/deliverymovil.com\/sanjuandelsur\/menu-restaurante-tuanis\/wp-content\/uploads\/sites\/81\/2022\/03\/logo-delivery-movil-nicaragua.svg\",\"contentUrl\":\"https:\/\/deliverymovil.com\/sanjuandelsur\/menu-restaurante-tuanis\/wp-content\/uploads\/sites\/81\/2022\/03\/logo-delivery-movil-nicaragua.svg\",\"width\":314,\"height\":64,\"caption\":\"Tuani&#039;s Restaurant | Delivery M\u00f3vil - San Juan del Sur\"},\"image\":{\"@id\":\"https:\/\/deliverymovil.com\/sanjuandelsur\/menu-restaurante-tuanis\/#\/schema\/logo\/image\/\"}}]}<\/script>\n<!-- \/ Yoast SEO plugin. -->","yoast_head_json":{"title":"S\u00c1NDWICH CUBANO - Tuani&#039;s Restaurant | Delivery M\u00f3vil - San Juan del Sur","robots":{"index":"index","follow":"follow","max-snippet":"max-snippet:-1","max-image-preview":"max-image-preview:large","max-video-preview":"max-video-preview:-1"},"canonical":"https:\/\/deliverymovil.com\/sanjuandelsur\/menu-restaurante-tuanis\/menu\/sandwich-cubano\/","og_locale":"es_ES","og_type":"article","og_title":"S\u00c1NDWICH CUBANO - Tuani&#039;s Restaurant | Delivery M\u00f3vil - San Juan del Sur","og_description":"Posta de cerdo, jam\u00f3n, queso cheddar, pepinillo encurtido, cebolla caramelizada y mostaza, servido en pan casero y acompa\u00f1ado de papas fritas.","og_url":"https:\/\/deliverymovil.com\/sanjuandelsur\/menu-restaurante-tuanis\/menu\/sandwich-cubano\/","og_site_name":"Tuani&#039;s Restaurant | Delivery M\u00f3vil - San Juan del Sur","article_modified_time":"2026-01-23T18:49:24+00:00","twitter_card":"summary_large_image","schema":{"@context":"https:\/\/schema.org","@graph":[{"@type":"WebPage","@id":"https:\/\/deliverymovil.com\/sanjuandelsur\/menu-restaurante-tuanis\/menu\/sandwich-cubano\/","url":"https:\/\/deliverymovil.com\/sanjuandelsur\/menu-restaurante-tuanis\/menu\/sandwich-cubano\/","name":"S\u00c1NDWICH CUBANO - Tuani&#039;s Restaurant | Delivery M\u00f3vil - San Juan del Sur","isPartOf":{"@id":"https:\/\/deliverymovil.com\/sanjuandelsur\/menu-restaurante-tuanis\/#website"},"datePublished":"2026-01-23T18:49:23+00:00","dateModified":"2026-01-23T18:49:24+00:00","breadcrumb":{"@id":"https:\/\/deliverymovil.com\/sanjuandelsur\/menu-restaurante-tuanis\/menu\/sandwich-cubano\/#breadcrumb"},"inLanguage":"es","potentialAction":[{"@type":"ReadAction","target":["https:\/\/deliverymovil.com\/sanjuandelsur\/menu-restaurante-tuanis\/menu\/sandwich-cubano\/"]}]},{"@type":"BreadcrumbList","@id":"https:\/\/deliverymovil.com\/sanjuandelsur\/menu-restaurante-tuanis\/menu\/sandwich-cubano\/#breadcrumb","itemListElement":[{"@type":"ListItem","position":1,"name":"Portada","item":"https:\/\/deliverymovil.com\/sanjuandelsur\/menu-restaurante-tuanis\/"},{"@type":"ListItem","position":2,"name":"S\u00c1NDWICH CUBANO"}]},{"@type":"WebSite","@id":"https:\/\/deliverymovil.com\/sanjuandelsur\/menu-restaurante-tuanis\/#website","url":"https:\/\/deliverymovil.com\/sanjuandelsur\/menu-restaurante-tuanis\/","name":"Tuani&#039;s Restaurant | Delivery M\u00f3vil - San Juan del Sur","description":"Servicio a Domicilio en SJDS","publisher":{"@id":"https:\/\/deliverymovil.com\/sanjuandelsur\/menu-restaurante-tuanis\/#organization"},"potentialAction":[{"@type":"SearchAction","target":{"@type":"EntryPoint","urlTemplate":"https:\/\/deliverymovil.com\/sanjuandelsur\/menu-restaurante-tuanis\/?s={search_term_string}"},"query-input":{"@type":"PropertyValueSpecification","valueRequired":true,"valueName":"search_term_string"}}],"inLanguage":"es"},{"@type":"Organization","@id":"https:\/\/deliverymovil.com\/sanjuandelsur\/menu-restaurante-tuanis\/#organization","name":"Tuani&#039;s Restaurant | Delivery M\u00f3vil - San Juan del Sur","url":"https:\/\/deliverymovil.com\/sanjuandelsur\/menu-restaurante-tuanis\/","logo":{"@type":"ImageObject","inLanguage":"es","@id":"https:\/\/deliverymovil.com\/sanjuandelsur\/menu-restaurante-tuanis\/#\/schema\/logo\/image\/","url":"https:\/\/deliverymovil.com\/sanjuandelsur\/menu-restaurante-tuanis\/wp-content\/uploads\/sites\/81\/2022\/03\/logo-delivery-movil-nicaragua.svg","contentUrl":"https:\/\/deliverymovil.com\/sanjuandelsur\/menu-restaurante-tuanis\/wp-content\/uploads\/sites\/81\/2022\/03\/logo-delivery-movil-nicaragua.svg","width":314,"height":64,"caption":"Tuani&#039;s Restaurant | Delivery M\u00f3vil - San Juan del Sur"},"image":{"@id":"https:\/\/deliverymovil.com\/sanjuandelsur\/menu-restaurante-tuanis\/#\/schema\/logo\/image\/"}}]}},"_links":{"self":[{"href":"https:\/\/deliverymovil.com\/sanjuandelsur\/menu-restaurante-tuanis\/wp-json\/wp\/v2\/product\/1423","targetHints":{"allow":["GET"]}}],"collection":[{"href":"https:\/\/deliverymovil.com\/sanjuandelsur\/menu-restaurante-tuanis\/wp-json\/wp\/v2\/product"}],"about":[{"href":"https:\/\/deliverymovil.com\/sanjuandelsur\/menu-restaurante-tuanis\/wp-json\/wp\/v2\/types\/product"}],"wp:attachment":[{"href":"https:\/\/deliverymovil.com\/sanjuandelsur\/menu-restaurante-tuanis\/wp-json\/wp\/v2\/media?parent=1423"}],"wp:term":[{"taxonomy":"product_brand","embeddable":true,"href":"https:\/\/deliverymovil.com\/sanjuandelsur\/menu-restaurante-tuanis\/wp-json\/wp\/v2\/product_brand?post=1423"},{"taxonomy":"product_cat","embeddable":true,"href":"https:\/\/deliverymovil.com\/sanjuandelsur\/menu-restaurante-tuanis\/wp-json\/wp\/v2\/product_cat?post=1423"},{"taxonomy":"product_tag","embeddable":true,"href":"https:\/\/deliverymovil.com\/sanjuandelsur\/menu-restaurante-tuanis\/wp-json\/wp\/v2\/product_tag?post=1423"}],"curies":[{"name":"wp","href":"https:\/\/api.w.org\/{rel}","templated":true}]}}