{"id":1395,"date":"2026-01-22T15:42:42","date_gmt":"2026-01-22T21:42:42","guid":{"rendered":"https:\/\/deliverymovil.com\/sanjuandelsur\/menu-restaurante-tuanis\/?post_type=product&#038;p=1395"},"modified":"2026-01-22T21:13:52","modified_gmt":"2026-01-23T03:13:52","slug":"palomitas-de-pollo","status":"publish","type":"product","link":"https:\/\/deliverymovil.com\/sanjuandelsur\/menu-restaurante-tuanis\/menu\/palomitas-de-pollo\/","title":{"rendered":"Palomitas de pollo"},"content":{"rendered":"","protected":false},"excerpt":{"rendered":"<p>Trozos de pollo crujientes, ba\u00f1ados<br \/>\nen la salsa de tu elecci\u00f3n.<\/p>\n<p>ESCOGE TU SALSA PREFERIDA: B\u00fafalo, Barbacoa, Mostaza Miel, Teriyaki y Ranch<\/p>\n<p>&nbsp;<\/p>\n","protected":false},"featured_media":0,"template":"","meta":{"inline_featured_image":false},"product_brand":[],"product_cat":[726],"product_tag":[],"class_list":{"0":"post-1395","1":"product","2":"type-product","3":"status-publish","5":"product_addon-16-piezas-2-salsas","6":"product_addon-24-piezas-3-salsas","7":"product_addon-8-piezas-1-salsa","8":"product_cat-pollo-a-tu-gusto","10":"first","11":"instock","12":"shipping-taxable","13":"purchasable","14":"product-type-simple"},"yoast_head":"<!-- This site is optimized with the Yoast SEO plugin v26.8 - https:\/\/yoast.com\/product\/yoast-seo-wordpress\/ -->\n<title>Palomitas de pollo - Tuani&#039;s Restaurant | Delivery M\u00f3vil - San Juan del Sur<\/title>\n<meta name=\"robots\" content=\"index, follow, max-snippet:-1, max-image-preview:large, max-video-preview:-1\" \/>\n<link rel=\"canonical\" href=\"https:\/\/deliverymovil.com\/sanjuandelsur\/menu-restaurante-tuanis\/menu\/palomitas-de-pollo\/\" \/>\n<meta property=\"og:locale\" content=\"es_ES\" \/>\n<meta property=\"og:type\" content=\"article\" \/>\n<meta property=\"og:title\" content=\"Palomitas de pollo - Tuani&#039;s Restaurant | Delivery M\u00f3vil - San Juan del Sur\" \/>\n<meta property=\"og:description\" content=\"Trozos de pollo crujientes, ba\u00f1ados en la salsa de tu elecci\u00f3n.  ESCOGE TU SALSA PREFERIDA: B\u00fafalo, Barbacoa, Mostaza Miel, Teriyaki y Ranch  &nbsp;\" \/>\n<meta property=\"og:url\" content=\"https:\/\/deliverymovil.com\/sanjuandelsur\/menu-restaurante-tuanis\/menu\/palomitas-de-pollo\/\" \/>\n<meta property=\"og:site_name\" content=\"Tuani&#039;s Restaurant | Delivery M\u00f3vil - San Juan del Sur\" \/>\n<meta property=\"article:modified_time\" content=\"2026-01-23T03:13:52+00:00\" \/>\n<meta name=\"twitter:card\" content=\"summary_large_image\" \/>\n<script type=\"application\/ld+json\" class=\"yoast-schema-graph\">{\"@context\":\"https:\/\/schema.org\",\"@graph\":[{\"@type\":\"WebPage\",\"@id\":\"https:\/\/deliverymovil.com\/sanjuandelsur\/menu-restaurante-tuanis\/menu\/palomitas-de-pollo\/\",\"url\":\"https:\/\/deliverymovil.com\/sanjuandelsur\/menu-restaurante-tuanis\/menu\/palomitas-de-pollo\/\",\"name\":\"Palomitas de pollo - Tuani&#039;s Restaurant | Delivery M\u00f3vil - San Juan del Sur\",\"isPartOf\":{\"@id\":\"https:\/\/deliverymovil.com\/sanjuandelsur\/menu-restaurante-tuanis\/#website\"},\"datePublished\":\"2026-01-22T21:42:42+00:00\",\"dateModified\":\"2026-01-23T03:13:52+00:00\",\"breadcrumb\":{\"@id\":\"https:\/\/deliverymovil.com\/sanjuandelsur\/menu-restaurante-tuanis\/menu\/palomitas-de-pollo\/#breadcrumb\"},\"inLanguage\":\"es\",\"potentialAction\":[{\"@type\":\"ReadAction\",\"target\":[\"https:\/\/deliverymovil.com\/sanjuandelsur\/menu-restaurante-tuanis\/menu\/palomitas-de-pollo\/\"]}]},{\"@type\":\"BreadcrumbList\",\"@id\":\"https:\/\/deliverymovil.com\/sanjuandelsur\/menu-restaurante-tuanis\/menu\/palomitas-de-pollo\/#breadcrumb\",\"itemListElement\":[{\"@type\":\"ListItem\",\"position\":1,\"name\":\"Portada\",\"item\":\"https:\/\/deliverymovil.com\/sanjuandelsur\/menu-restaurante-tuanis\/\"},{\"@type\":\"ListItem\",\"position\":2,\"name\":\"Palomitas de pollo\"}]},{\"@type\":\"WebSite\",\"@id\":\"https:\/\/deliverymovil.com\/sanjuandelsur\/menu-restaurante-tuanis\/#website\",\"url\":\"https:\/\/deliverymovil.com\/sanjuandelsur\/menu-restaurante-tuanis\/\",\"name\":\"Tuani&#039;s Restaurant | Delivery M\u00f3vil - San Juan del Sur\",\"description\":\"Servicio a Domicilio en SJDS\",\"publisher\":{\"@id\":\"https:\/\/deliverymovil.com\/sanjuandelsur\/menu-restaurante-tuanis\/#organization\"},\"potentialAction\":[{\"@type\":\"SearchAction\",\"target\":{\"@type\":\"EntryPoint\",\"urlTemplate\":\"https:\/\/deliverymovil.com\/sanjuandelsur\/menu-restaurante-tuanis\/?s={search_term_string}\"},\"query-input\":{\"@type\":\"PropertyValueSpecification\",\"valueRequired\":true,\"valueName\":\"search_term_string\"}}],\"inLanguage\":\"es\"},{\"@type\":\"Organization\",\"@id\":\"https:\/\/deliverymovil.com\/sanjuandelsur\/menu-restaurante-tuanis\/#organization\",\"name\":\"Tuani&#039;s Restaurant | Delivery M\u00f3vil - San Juan del Sur\",\"url\":\"https:\/\/deliverymovil.com\/sanjuandelsur\/menu-restaurante-tuanis\/\",\"logo\":{\"@type\":\"ImageObject\",\"inLanguage\":\"es\",\"@id\":\"https:\/\/deliverymovil.com\/sanjuandelsur\/menu-restaurante-tuanis\/#\/schema\/logo\/image\/\",\"url\":\"https:\/\/deliverymovil.com\/sanjuandelsur\/menu-restaurante-tuanis\/wp-content\/uploads\/sites\/81\/2022\/03\/logo-delivery-movil-nicaragua.svg\",\"contentUrl\":\"https:\/\/deliverymovil.com\/sanjuandelsur\/menu-restaurante-tuanis\/wp-content\/uploads\/sites\/81\/2022\/03\/logo-delivery-movil-nicaragua.svg\",\"width\":314,\"height\":64,\"caption\":\"Tuani&#039;s Restaurant | Delivery M\u00f3vil - San Juan del Sur\"},\"image\":{\"@id\":\"https:\/\/deliverymovil.com\/sanjuandelsur\/menu-restaurante-tuanis\/#\/schema\/logo\/image\/\"}}]}<\/script>\n<!-- \/ Yoast SEO plugin. -->","yoast_head_json":{"title":"Palomitas de pollo - Tuani&#039;s Restaurant | Delivery M\u00f3vil - San Juan del Sur","robots":{"index":"index","follow":"follow","max-snippet":"max-snippet:-1","max-image-preview":"max-image-preview:large","max-video-preview":"max-video-preview:-1"},"canonical":"https:\/\/deliverymovil.com\/sanjuandelsur\/menu-restaurante-tuanis\/menu\/palomitas-de-pollo\/","og_locale":"es_ES","og_type":"article","og_title":"Palomitas de pollo - Tuani&#039;s Restaurant | Delivery M\u00f3vil - San Juan del Sur","og_description":"Trozos de pollo crujientes, ba\u00f1ados en la salsa de tu elecci\u00f3n.  ESCOGE TU SALSA PREFERIDA: B\u00fafalo, Barbacoa, Mostaza Miel, Teriyaki y Ranch  &nbsp;","og_url":"https:\/\/deliverymovil.com\/sanjuandelsur\/menu-restaurante-tuanis\/menu\/palomitas-de-pollo\/","og_site_name":"Tuani&#039;s Restaurant | Delivery M\u00f3vil - San Juan del Sur","article_modified_time":"2026-01-23T03:13:52+00:00","twitter_card":"summary_large_image","schema":{"@context":"https:\/\/schema.org","@graph":[{"@type":"WebPage","@id":"https:\/\/deliverymovil.com\/sanjuandelsur\/menu-restaurante-tuanis\/menu\/palomitas-de-pollo\/","url":"https:\/\/deliverymovil.com\/sanjuandelsur\/menu-restaurante-tuanis\/menu\/palomitas-de-pollo\/","name":"Palomitas de pollo - Tuani&#039;s Restaurant | Delivery M\u00f3vil - San Juan del Sur","isPartOf":{"@id":"https:\/\/deliverymovil.com\/sanjuandelsur\/menu-restaurante-tuanis\/#website"},"datePublished":"2026-01-22T21:42:42+00:00","dateModified":"2026-01-23T03:13:52+00:00","breadcrumb":{"@id":"https:\/\/deliverymovil.com\/sanjuandelsur\/menu-restaurante-tuanis\/menu\/palomitas-de-pollo\/#breadcrumb"},"inLanguage":"es","potentialAction":[{"@type":"ReadAction","target":["https:\/\/deliverymovil.com\/sanjuandelsur\/menu-restaurante-tuanis\/menu\/palomitas-de-pollo\/"]}]},{"@type":"BreadcrumbList","@id":"https:\/\/deliverymovil.com\/sanjuandelsur\/menu-restaurante-tuanis\/menu\/palomitas-de-pollo\/#breadcrumb","itemListElement":[{"@type":"ListItem","position":1,"name":"Portada","item":"https:\/\/deliverymovil.com\/sanjuandelsur\/menu-restaurante-tuanis\/"},{"@type":"ListItem","position":2,"name":"Palomitas de pollo"}]},{"@type":"WebSite","@id":"https:\/\/deliverymovil.com\/sanjuandelsur\/menu-restaurante-tuanis\/#website","url":"https:\/\/deliverymovil.com\/sanjuandelsur\/menu-restaurante-tuanis\/","name":"Tuani&#039;s Restaurant | Delivery M\u00f3vil - San Juan del Sur","description":"Servicio a Domicilio en SJDS","publisher":{"@id":"https:\/\/deliverymovil.com\/sanjuandelsur\/menu-restaurante-tuanis\/#organization"},"potentialAction":[{"@type":"SearchAction","target":{"@type":"EntryPoint","urlTemplate":"https:\/\/deliverymovil.com\/sanjuandelsur\/menu-restaurante-tuanis\/?s={search_term_string}"},"query-input":{"@type":"PropertyValueSpecification","valueRequired":true,"valueName":"search_term_string"}}],"inLanguage":"es"},{"@type":"Organization","@id":"https:\/\/deliverymovil.com\/sanjuandelsur\/menu-restaurante-tuanis\/#organization","name":"Tuani&#039;s Restaurant | Delivery M\u00f3vil - San Juan del Sur","url":"https:\/\/deliverymovil.com\/sanjuandelsur\/menu-restaurante-tuanis\/","logo":{"@type":"ImageObject","inLanguage":"es","@id":"https:\/\/deliverymovil.com\/sanjuandelsur\/menu-restaurante-tuanis\/#\/schema\/logo\/image\/","url":"https:\/\/deliverymovil.com\/sanjuandelsur\/menu-restaurante-tuanis\/wp-content\/uploads\/sites\/81\/2022\/03\/logo-delivery-movil-nicaragua.svg","contentUrl":"https:\/\/deliverymovil.com\/sanjuandelsur\/menu-restaurante-tuanis\/wp-content\/uploads\/sites\/81\/2022\/03\/logo-delivery-movil-nicaragua.svg","width":314,"height":64,"caption":"Tuani&#039;s Restaurant | Delivery M\u00f3vil - San Juan del Sur"},"image":{"@id":"https:\/\/deliverymovil.com\/sanjuandelsur\/menu-restaurante-tuanis\/#\/schema\/logo\/image\/"}}]}},"_links":{"self":[{"href":"https:\/\/deliverymovil.com\/sanjuandelsur\/menu-restaurante-tuanis\/wp-json\/wp\/v2\/product\/1395","targetHints":{"allow":["GET"]}}],"collection":[{"href":"https:\/\/deliverymovil.com\/sanjuandelsur\/menu-restaurante-tuanis\/wp-json\/wp\/v2\/product"}],"about":[{"href":"https:\/\/deliverymovil.com\/sanjuandelsur\/menu-restaurante-tuanis\/wp-json\/wp\/v2\/types\/product"}],"wp:attachment":[{"href":"https:\/\/deliverymovil.com\/sanjuandelsur\/menu-restaurante-tuanis\/wp-json\/wp\/v2\/media?parent=1395"}],"wp:term":[{"taxonomy":"product_brand","embeddable":true,"href":"https:\/\/deliverymovil.com\/sanjuandelsur\/menu-restaurante-tuanis\/wp-json\/wp\/v2\/product_brand?post=1395"},{"taxonomy":"product_cat","embeddable":true,"href":"https:\/\/deliverymovil.com\/sanjuandelsur\/menu-restaurante-tuanis\/wp-json\/wp\/v2\/product_cat?post=1395"},{"taxonomy":"product_tag","embeddable":true,"href":"https:\/\/deliverymovil.com\/sanjuandelsur\/menu-restaurante-tuanis\/wp-json\/wp\/v2\/product_tag?post=1395"}],"curies":[{"name":"wp","href":"https:\/\/api.w.org\/{rel}","templated":true}]}}