{"id":1135,"date":"2022-04-10T16:03:29","date_gmt":"2022-04-10T22:03:29","guid":{"rendered":"https:\/\/deliverymovil.com\/sanjuandelsur\/menu-restaurante-tuanis\/menu\/hamburguesa-al-estilo-moco-loco\/"},"modified":"2026-01-23T12:30:30","modified_gmt":"2026-01-23T18:30:30","slug":"hamburguesa-al-estilo-moco-loco","status":"publish","type":"product","link":"https:\/\/deliverymovil.com\/sanjuandelsur\/menu-restaurante-tuanis\/menu\/hamburguesa-al-estilo-moco-loco\/","title":{"rendered":"PLATO DE HAMBURGUESA HAWAIANA"},"content":{"rendered":"","protected":false},"excerpt":{"rendered":"<p>Dos huevos semicocidos acompa\u00f1ados de una<br \/>\nhamburguesa de 8 oz de 100% carne de res, servidos<br \/>\nsobre arroz japon\u00e9s, con ceboll\u00edn frito y ba\u00f1ados en<br \/>\nuna deliciosa salsa gravy casera.<\/p>\n","protected":false},"featured_media":0,"template":"","meta":{"inline_featured_image":false},"product_brand":[],"product_cat":[709],"product_tag":[],"class_list":{"0":"post-1135","1":"product","2":"type-product","3":"status-publish","5":"product_addon-aros-de-cebolla","6":"product_addon-papas-campesinas-extras","7":"product_addon-papas-frescas-recien-cortadas-extras","8":"product_addon-pure-de-patatas-al-ajo-extras","9":"product_addon-vegetales-a-la-plancha-extras","10":"product_cat-hamburguesas-y","12":"first","13":"instock","14":"shipping-taxable","15":"purchasable","16":"product-type-simple"},"yoast_head":"<!-- This site is optimized with the Yoast SEO plugin v26.8 - https:\/\/yoast.com\/product\/yoast-seo-wordpress\/ -->\n<title>PLATO DE HAMBURGUESA HAWAIANA - Tuani&#039;s Restaurant | Delivery M\u00f3vil - San Juan del Sur<\/title>\n<meta name=\"robots\" content=\"index, follow, max-snippet:-1, max-image-preview:large, max-video-preview:-1\" \/>\n<link rel=\"canonical\" href=\"https:\/\/deliverymovil.com\/sanjuandelsur\/menu-restaurante-tuanis\/menu\/hamburguesa-al-estilo-moco-loco\/\" \/>\n<meta property=\"og:locale\" content=\"es_ES\" \/>\n<meta property=\"og:type\" content=\"article\" \/>\n<meta property=\"og:title\" content=\"PLATO DE HAMBURGUESA HAWAIANA - Tuani&#039;s Restaurant | Delivery M\u00f3vil - San Juan del Sur\" \/>\n<meta property=\"og:description\" content=\"Dos huevos semicocidos acompa\u00f1ados de una hamburguesa de 8 oz de 100% carne de res, servidos sobre arroz japon\u00e9s, con ceboll\u00edn frito y ba\u00f1ados en una deliciosa salsa gravy casera.\" \/>\n<meta property=\"og:url\" content=\"https:\/\/deliverymovil.com\/sanjuandelsur\/menu-restaurante-tuanis\/menu\/hamburguesa-al-estilo-moco-loco\/\" \/>\n<meta property=\"og:site_name\" content=\"Tuani&#039;s Restaurant | Delivery M\u00f3vil - San Juan del Sur\" \/>\n<meta property=\"article:modified_time\" content=\"2026-01-23T18:30:30+00:00\" \/>\n<meta name=\"twitter:card\" content=\"summary_large_image\" \/>\n<script type=\"application\/ld+json\" class=\"yoast-schema-graph\">{\"@context\":\"https:\/\/schema.org\",\"@graph\":[{\"@type\":\"WebPage\",\"@id\":\"https:\/\/deliverymovil.com\/sanjuandelsur\/menu-restaurante-tuanis\/menu\/hamburguesa-al-estilo-moco-loco\/\",\"url\":\"https:\/\/deliverymovil.com\/sanjuandelsur\/menu-restaurante-tuanis\/menu\/hamburguesa-al-estilo-moco-loco\/\",\"name\":\"PLATO DE HAMBURGUESA HAWAIANA - Tuani&#039;s Restaurant | Delivery M\u00f3vil - San Juan del Sur\",\"isPartOf\":{\"@id\":\"https:\/\/deliverymovil.com\/sanjuandelsur\/menu-restaurante-tuanis\/#website\"},\"datePublished\":\"2022-04-10T22:03:29+00:00\",\"dateModified\":\"2026-01-23T18:30:30+00:00\",\"breadcrumb\":{\"@id\":\"https:\/\/deliverymovil.com\/sanjuandelsur\/menu-restaurante-tuanis\/menu\/hamburguesa-al-estilo-moco-loco\/#breadcrumb\"},\"inLanguage\":\"es\",\"potentialAction\":[{\"@type\":\"ReadAction\",\"target\":[\"https:\/\/deliverymovil.com\/sanjuandelsur\/menu-restaurante-tuanis\/menu\/hamburguesa-al-estilo-moco-loco\/\"]}]},{\"@type\":\"BreadcrumbList\",\"@id\":\"https:\/\/deliverymovil.com\/sanjuandelsur\/menu-restaurante-tuanis\/menu\/hamburguesa-al-estilo-moco-loco\/#breadcrumb\",\"itemListElement\":[{\"@type\":\"ListItem\",\"position\":1,\"name\":\"Portada\",\"item\":\"https:\/\/deliverymovil.com\/sanjuandelsur\/menu-restaurante-tuanis\/\"},{\"@type\":\"ListItem\",\"position\":2,\"name\":\"PLATO DE HAMBURGUESA HAWAIANA\"}]},{\"@type\":\"WebSite\",\"@id\":\"https:\/\/deliverymovil.com\/sanjuandelsur\/menu-restaurante-tuanis\/#website\",\"url\":\"https:\/\/deliverymovil.com\/sanjuandelsur\/menu-restaurante-tuanis\/\",\"name\":\"Tuani&#039;s Restaurant | Delivery M\u00f3vil - San Juan del Sur\",\"description\":\"Servicio a Domicilio en SJDS\",\"publisher\":{\"@id\":\"https:\/\/deliverymovil.com\/sanjuandelsur\/menu-restaurante-tuanis\/#organization\"},\"potentialAction\":[{\"@type\":\"SearchAction\",\"target\":{\"@type\":\"EntryPoint\",\"urlTemplate\":\"https:\/\/deliverymovil.com\/sanjuandelsur\/menu-restaurante-tuanis\/?s={search_term_string}\"},\"query-input\":{\"@type\":\"PropertyValueSpecification\",\"valueRequired\":true,\"valueName\":\"search_term_string\"}}],\"inLanguage\":\"es\"},{\"@type\":\"Organization\",\"@id\":\"https:\/\/deliverymovil.com\/sanjuandelsur\/menu-restaurante-tuanis\/#organization\",\"name\":\"Tuani&#039;s Restaurant | Delivery M\u00f3vil - San Juan del Sur\",\"url\":\"https:\/\/deliverymovil.com\/sanjuandelsur\/menu-restaurante-tuanis\/\",\"logo\":{\"@type\":\"ImageObject\",\"inLanguage\":\"es\",\"@id\":\"https:\/\/deliverymovil.com\/sanjuandelsur\/menu-restaurante-tuanis\/#\/schema\/logo\/image\/\",\"url\":\"https:\/\/deliverymovil.com\/sanjuandelsur\/menu-restaurante-tuanis\/wp-content\/uploads\/sites\/81\/2022\/03\/logo-delivery-movil-nicaragua.svg\",\"contentUrl\":\"https:\/\/deliverymovil.com\/sanjuandelsur\/menu-restaurante-tuanis\/wp-content\/uploads\/sites\/81\/2022\/03\/logo-delivery-movil-nicaragua.svg\",\"width\":314,\"height\":64,\"caption\":\"Tuani&#039;s Restaurant | Delivery M\u00f3vil - San Juan del Sur\"},\"image\":{\"@id\":\"https:\/\/deliverymovil.com\/sanjuandelsur\/menu-restaurante-tuanis\/#\/schema\/logo\/image\/\"}}]}<\/script>\n<!-- \/ Yoast SEO plugin. -->","yoast_head_json":{"title":"PLATO DE HAMBURGUESA HAWAIANA - Tuani&#039;s Restaurant | Delivery M\u00f3vil - San Juan del Sur","robots":{"index":"index","follow":"follow","max-snippet":"max-snippet:-1","max-image-preview":"max-image-preview:large","max-video-preview":"max-video-preview:-1"},"canonical":"https:\/\/deliverymovil.com\/sanjuandelsur\/menu-restaurante-tuanis\/menu\/hamburguesa-al-estilo-moco-loco\/","og_locale":"es_ES","og_type":"article","og_title":"PLATO DE HAMBURGUESA HAWAIANA - Tuani&#039;s Restaurant | Delivery M\u00f3vil - San Juan del Sur","og_description":"Dos huevos semicocidos acompa\u00f1ados de una hamburguesa de 8 oz de 100% carne de res, servidos sobre arroz japon\u00e9s, con ceboll\u00edn frito y ba\u00f1ados en una deliciosa salsa gravy casera.","og_url":"https:\/\/deliverymovil.com\/sanjuandelsur\/menu-restaurante-tuanis\/menu\/hamburguesa-al-estilo-moco-loco\/","og_site_name":"Tuani&#039;s Restaurant | Delivery M\u00f3vil - San Juan del Sur","article_modified_time":"2026-01-23T18:30:30+00:00","twitter_card":"summary_large_image","schema":{"@context":"https:\/\/schema.org","@graph":[{"@type":"WebPage","@id":"https:\/\/deliverymovil.com\/sanjuandelsur\/menu-restaurante-tuanis\/menu\/hamburguesa-al-estilo-moco-loco\/","url":"https:\/\/deliverymovil.com\/sanjuandelsur\/menu-restaurante-tuanis\/menu\/hamburguesa-al-estilo-moco-loco\/","name":"PLATO DE HAMBURGUESA HAWAIANA - Tuani&#039;s Restaurant | Delivery M\u00f3vil - San Juan del Sur","isPartOf":{"@id":"https:\/\/deliverymovil.com\/sanjuandelsur\/menu-restaurante-tuanis\/#website"},"datePublished":"2022-04-10T22:03:29+00:00","dateModified":"2026-01-23T18:30:30+00:00","breadcrumb":{"@id":"https:\/\/deliverymovil.com\/sanjuandelsur\/menu-restaurante-tuanis\/menu\/hamburguesa-al-estilo-moco-loco\/#breadcrumb"},"inLanguage":"es","potentialAction":[{"@type":"ReadAction","target":["https:\/\/deliverymovil.com\/sanjuandelsur\/menu-restaurante-tuanis\/menu\/hamburguesa-al-estilo-moco-loco\/"]}]},{"@type":"BreadcrumbList","@id":"https:\/\/deliverymovil.com\/sanjuandelsur\/menu-restaurante-tuanis\/menu\/hamburguesa-al-estilo-moco-loco\/#breadcrumb","itemListElement":[{"@type":"ListItem","position":1,"name":"Portada","item":"https:\/\/deliverymovil.com\/sanjuandelsur\/menu-restaurante-tuanis\/"},{"@type":"ListItem","position":2,"name":"PLATO DE HAMBURGUESA HAWAIANA"}]},{"@type":"WebSite","@id":"https:\/\/deliverymovil.com\/sanjuandelsur\/menu-restaurante-tuanis\/#website","url":"https:\/\/deliverymovil.com\/sanjuandelsur\/menu-restaurante-tuanis\/","name":"Tuani&#039;s Restaurant | Delivery M\u00f3vil - San Juan del Sur","description":"Servicio a Domicilio en SJDS","publisher":{"@id":"https:\/\/deliverymovil.com\/sanjuandelsur\/menu-restaurante-tuanis\/#organization"},"potentialAction":[{"@type":"SearchAction","target":{"@type":"EntryPoint","urlTemplate":"https:\/\/deliverymovil.com\/sanjuandelsur\/menu-restaurante-tuanis\/?s={search_term_string}"},"query-input":{"@type":"PropertyValueSpecification","valueRequired":true,"valueName":"search_term_string"}}],"inLanguage":"es"},{"@type":"Organization","@id":"https:\/\/deliverymovil.com\/sanjuandelsur\/menu-restaurante-tuanis\/#organization","name":"Tuani&#039;s Restaurant | Delivery M\u00f3vil - San Juan del Sur","url":"https:\/\/deliverymovil.com\/sanjuandelsur\/menu-restaurante-tuanis\/","logo":{"@type":"ImageObject","inLanguage":"es","@id":"https:\/\/deliverymovil.com\/sanjuandelsur\/menu-restaurante-tuanis\/#\/schema\/logo\/image\/","url":"https:\/\/deliverymovil.com\/sanjuandelsur\/menu-restaurante-tuanis\/wp-content\/uploads\/sites\/81\/2022\/03\/logo-delivery-movil-nicaragua.svg","contentUrl":"https:\/\/deliverymovil.com\/sanjuandelsur\/menu-restaurante-tuanis\/wp-content\/uploads\/sites\/81\/2022\/03\/logo-delivery-movil-nicaragua.svg","width":314,"height":64,"caption":"Tuani&#039;s Restaurant | Delivery M\u00f3vil - San Juan del Sur"},"image":{"@id":"https:\/\/deliverymovil.com\/sanjuandelsur\/menu-restaurante-tuanis\/#\/schema\/logo\/image\/"}}]}},"_links":{"self":[{"href":"https:\/\/deliverymovil.com\/sanjuandelsur\/menu-restaurante-tuanis\/wp-json\/wp\/v2\/product\/1135","targetHints":{"allow":["GET"]}}],"collection":[{"href":"https:\/\/deliverymovil.com\/sanjuandelsur\/menu-restaurante-tuanis\/wp-json\/wp\/v2\/product"}],"about":[{"href":"https:\/\/deliverymovil.com\/sanjuandelsur\/menu-restaurante-tuanis\/wp-json\/wp\/v2\/types\/product"}],"wp:attachment":[{"href":"https:\/\/deliverymovil.com\/sanjuandelsur\/menu-restaurante-tuanis\/wp-json\/wp\/v2\/media?parent=1135"}],"wp:term":[{"taxonomy":"product_brand","embeddable":true,"href":"https:\/\/deliverymovil.com\/sanjuandelsur\/menu-restaurante-tuanis\/wp-json\/wp\/v2\/product_brand?post=1135"},{"taxonomy":"product_cat","embeddable":true,"href":"https:\/\/deliverymovil.com\/sanjuandelsur\/menu-restaurante-tuanis\/wp-json\/wp\/v2\/product_cat?post=1135"},{"taxonomy":"product_tag","embeddable":true,"href":"https:\/\/deliverymovil.com\/sanjuandelsur\/menu-restaurante-tuanis\/wp-json\/wp\/v2\/product_tag?post=1135"}],"curies":[{"name":"wp","href":"https:\/\/api.w.org\/{rel}","templated":true}]}}