{"id":956,"date":"2021-06-29T18:52:30","date_gmt":"2021-06-30T00:52:30","guid":{"rendered":"https:\/\/deliverymovil.com\/sanjuandelsur\/menu-restaurante-la-tostaderia\/menu\/omelette-vegetariano\/"},"modified":"2024-09-11T18:02:29","modified_gmt":"2024-09-12T00:02:29","slug":"omelette-vegetariano","status":"publish","type":"product","link":"https:\/\/deliverymovil.com\/sanjuandelsur\/menu-restaurante-la-tostaderia\/menu\/omelette-vegetariano\/","title":{"rendered":"Omelette Vegetariano"},"content":{"rendered":"","protected":false},"excerpt":{"rendered":"<p>Cremoso omelette de 3 huevos acompa\u00f1ado con pan<br \/>\ncasero, mantequilla con hierbas y ensalada de lechugas<br \/>\norg\u00e1nicas.<\/p>\n<p>VEGETARIANO<\/p>\n<p>Espinaca, tomate, queso crema, cebolla caramelizada.<\/p>\n","protected":false},"featured_media":1098,"template":"","meta":{"inline_featured_image":false},"product_brand":[],"product_cat":[686],"product_tag":[601,602],"class_list":{"0":"post-956","1":"product","2":"type-product","3":"status-publish","4":"has-post-thumbnail","6":"product_cat-desayunos","7":"product_tag-cremoso-omelette-de-tres-huevos-acompaado-con-pan-casero","8":"product_tag-mantequilla-con-hierba-y-ensalada-de-lechugas-organicas","10":"first","11":"instock","12":"shipping-taxable","13":"purchasable","14":"product-type-simple"},"yoast_head":"<!-- This site is optimized with the Yoast SEO plugin v26.8 - https:\/\/yoast.com\/product\/yoast-seo-wordpress\/ -->\n<title>Omelette Vegetariano - La Tostader\u00eda | Delivery Movil - San Juan del Sur<\/title>\n<meta name=\"robots\" content=\"index, follow, max-snippet:-1, max-image-preview:large, max-video-preview:-1\" \/>\n<link rel=\"canonical\" href=\"https:\/\/deliverymovil.com\/sanjuandelsur\/menu-restaurante-la-tostaderia\/menu\/omelette-vegetariano\/\" \/>\n<meta property=\"og:locale\" content=\"es_ES\" \/>\n<meta property=\"og:type\" content=\"article\" \/>\n<meta property=\"og:title\" content=\"Omelette Vegetariano - La Tostader\u00eda | Delivery Movil - San Juan del Sur\" \/>\n<meta property=\"og:description\" content=\"Cremoso omelette de 3 huevos acompa\u00f1ado con pan casero, mantequilla con hierbas y ensalada de lechugas org\u00e1nicas.  VEGETARIANO  Espinaca, tomate, queso crema, cebolla caramelizada.\" \/>\n<meta property=\"og:url\" content=\"https:\/\/deliverymovil.com\/sanjuandelsur\/menu-restaurante-la-tostaderia\/menu\/omelette-vegetariano\/\" \/>\n<meta property=\"og:site_name\" content=\"La Tostader\u00eda | Delivery Movil - San Juan del Sur\" \/>\n<meta property=\"article:modified_time\" content=\"2024-09-12T00:02:29+00:00\" \/>\n<meta property=\"og:image\" content=\"https:\/\/deliverymovil.com\/sanjuandelsur\/menu-restaurante-la-tostaderia\/wp-content\/uploads\/sites\/43\/2022\/04\/Omelette-1.jpg\" \/>\n\t<meta property=\"og:image:width\" content=\"1024\" \/>\n\t<meta property=\"og:image:height\" content=\"1024\" \/>\n\t<meta property=\"og:image:type\" content=\"image\/jpeg\" \/>\n<meta name=\"twitter:card\" content=\"summary_large_image\" \/>\n<script type=\"application\/ld+json\" class=\"yoast-schema-graph\">{\"@context\":\"https:\/\/schema.org\",\"@graph\":[{\"@type\":\"WebPage\",\"@id\":\"https:\/\/deliverymovil.com\/sanjuandelsur\/menu-restaurante-la-tostaderia\/menu\/omelette-vegetariano\/\",\"url\":\"https:\/\/deliverymovil.com\/sanjuandelsur\/menu-restaurante-la-tostaderia\/menu\/omelette-vegetariano\/\",\"name\":\"Omelette Vegetariano - La Tostader\u00eda | Delivery Movil - San Juan del Sur\",\"isPartOf\":{\"@id\":\"https:\/\/deliverymovil.com\/sanjuandelsur\/menu-restaurante-la-tostaderia\/#website\"},\"primaryImageOfPage\":{\"@id\":\"https:\/\/deliverymovil.com\/sanjuandelsur\/menu-restaurante-la-tostaderia\/menu\/omelette-vegetariano\/#primaryimage\"},\"image\":{\"@id\":\"https:\/\/deliverymovil.com\/sanjuandelsur\/menu-restaurante-la-tostaderia\/menu\/omelette-vegetariano\/#primaryimage\"},\"thumbnailUrl\":\"https:\/\/deliverymovil.com\/sanjuandelsur\/menu-restaurante-la-tostaderia\/wp-content\/uploads\/sites\/43\/2022\/04\/Omelette-1.jpg\",\"datePublished\":\"2021-06-30T00:52:30+00:00\",\"dateModified\":\"2024-09-12T00:02:29+00:00\",\"breadcrumb\":{\"@id\":\"https:\/\/deliverymovil.com\/sanjuandelsur\/menu-restaurante-la-tostaderia\/menu\/omelette-vegetariano\/#breadcrumb\"},\"inLanguage\":\"es\",\"potentialAction\":[{\"@type\":\"ReadAction\",\"target\":[\"https:\/\/deliverymovil.com\/sanjuandelsur\/menu-restaurante-la-tostaderia\/menu\/omelette-vegetariano\/\"]}]},{\"@type\":\"ImageObject\",\"inLanguage\":\"es\",\"@id\":\"https:\/\/deliverymovil.com\/sanjuandelsur\/menu-restaurante-la-tostaderia\/menu\/omelette-vegetariano\/#primaryimage\",\"url\":\"https:\/\/deliverymovil.com\/sanjuandelsur\/menu-restaurante-la-tostaderia\/wp-content\/uploads\/sites\/43\/2022\/04\/Omelette-1.jpg\",\"contentUrl\":\"https:\/\/deliverymovil.com\/sanjuandelsur\/menu-restaurante-la-tostaderia\/wp-content\/uploads\/sites\/43\/2022\/04\/Omelette-1.jpg\",\"width\":1024,\"height\":1024,\"caption\":\"Omelette Vegetariano\"},{\"@type\":\"BreadcrumbList\",\"@id\":\"https:\/\/deliverymovil.com\/sanjuandelsur\/menu-restaurante-la-tostaderia\/menu\/omelette-vegetariano\/#breadcrumb\",\"itemListElement\":[{\"@type\":\"ListItem\",\"position\":1,\"name\":\"Portada\",\"item\":\"https:\/\/deliverymovil.com\/sanjuandelsur\/menu-restaurante-la-tostaderia\/\"},{\"@type\":\"ListItem\",\"position\":2,\"name\":\"Omelette Vegetariano\"}]},{\"@type\":\"WebSite\",\"@id\":\"https:\/\/deliverymovil.com\/sanjuandelsur\/menu-restaurante-la-tostaderia\/#website\",\"url\":\"https:\/\/deliverymovil.com\/sanjuandelsur\/menu-restaurante-la-tostaderia\/\",\"name\":\"La Tostader\u00eda | Delivery Movil - San Juan del Sur\",\"description\":\"Servicio a Domicilio en SJDS\",\"publisher\":{\"@id\":\"https:\/\/deliverymovil.com\/sanjuandelsur\/menu-restaurante-la-tostaderia\/#organization\"},\"potentialAction\":[{\"@type\":\"SearchAction\",\"target\":{\"@type\":\"EntryPoint\",\"urlTemplate\":\"https:\/\/deliverymovil.com\/sanjuandelsur\/menu-restaurante-la-tostaderia\/?s={search_term_string}\"},\"query-input\":{\"@type\":\"PropertyValueSpecification\",\"valueRequired\":true,\"valueName\":\"search_term_string\"}}],\"inLanguage\":\"es\"},{\"@type\":\"Organization\",\"@id\":\"https:\/\/deliverymovil.com\/sanjuandelsur\/menu-restaurante-la-tostaderia\/#organization\",\"name\":\"La Tostader\u00eda | Delivery Movil - San Juan del Sur\",\"url\":\"https:\/\/deliverymovil.com\/sanjuandelsur\/menu-restaurante-la-tostaderia\/\",\"logo\":{\"@type\":\"ImageObject\",\"inLanguage\":\"es\",\"@id\":\"https:\/\/deliverymovil.com\/sanjuandelsur\/menu-restaurante-la-tostaderia\/#\/schema\/logo\/image\/\",\"url\":\"https:\/\/deliverymovil.com\/sanjuandelsur\/menu-restaurante-la-tostaderia\/wp-content\/uploads\/sites\/43\/2022\/03\/logo-delivery-movil-nicaragua.svg\",\"contentUrl\":\"https:\/\/deliverymovil.com\/sanjuandelsur\/menu-restaurante-la-tostaderia\/wp-content\/uploads\/sites\/43\/2022\/03\/logo-delivery-movil-nicaragua.svg\",\"width\":314,\"height\":64,\"caption\":\"La Tostader\u00eda | Delivery Movil - San Juan del Sur\"},\"image\":{\"@id\":\"https:\/\/deliverymovil.com\/sanjuandelsur\/menu-restaurante-la-tostaderia\/#\/schema\/logo\/image\/\"}}]}<\/script>\n<!-- \/ Yoast SEO plugin. -->","yoast_head_json":{"title":"Omelette Vegetariano - La Tostader\u00eda | Delivery Movil - San Juan del Sur","robots":{"index":"index","follow":"follow","max-snippet":"max-snippet:-1","max-image-preview":"max-image-preview:large","max-video-preview":"max-video-preview:-1"},"canonical":"https:\/\/deliverymovil.com\/sanjuandelsur\/menu-restaurante-la-tostaderia\/menu\/omelette-vegetariano\/","og_locale":"es_ES","og_type":"article","og_title":"Omelette Vegetariano - La Tostader\u00eda | Delivery Movil - San Juan del Sur","og_description":"Cremoso omelette de 3 huevos acompa\u00f1ado con pan casero, mantequilla con hierbas y ensalada de lechugas org\u00e1nicas.  VEGETARIANO  Espinaca, tomate, queso crema, cebolla caramelizada.","og_url":"https:\/\/deliverymovil.com\/sanjuandelsur\/menu-restaurante-la-tostaderia\/menu\/omelette-vegetariano\/","og_site_name":"La Tostader\u00eda | Delivery Movil - San Juan del Sur","article_modified_time":"2024-09-12T00:02:29+00:00","og_image":[{"width":1024,"height":1024,"url":"https:\/\/deliverymovil.com\/sanjuandelsur\/menu-restaurante-la-tostaderia\/wp-content\/uploads\/sites\/43\/2022\/04\/Omelette-1.jpg","type":"image\/jpeg"}],"twitter_card":"summary_large_image","schema":{"@context":"https:\/\/schema.org","@graph":[{"@type":"WebPage","@id":"https:\/\/deliverymovil.com\/sanjuandelsur\/menu-restaurante-la-tostaderia\/menu\/omelette-vegetariano\/","url":"https:\/\/deliverymovil.com\/sanjuandelsur\/menu-restaurante-la-tostaderia\/menu\/omelette-vegetariano\/","name":"Omelette Vegetariano - La Tostader\u00eda | Delivery Movil - San Juan del Sur","isPartOf":{"@id":"https:\/\/deliverymovil.com\/sanjuandelsur\/menu-restaurante-la-tostaderia\/#website"},"primaryImageOfPage":{"@id":"https:\/\/deliverymovil.com\/sanjuandelsur\/menu-restaurante-la-tostaderia\/menu\/omelette-vegetariano\/#primaryimage"},"image":{"@id":"https:\/\/deliverymovil.com\/sanjuandelsur\/menu-restaurante-la-tostaderia\/menu\/omelette-vegetariano\/#primaryimage"},"thumbnailUrl":"https:\/\/deliverymovil.com\/sanjuandelsur\/menu-restaurante-la-tostaderia\/wp-content\/uploads\/sites\/43\/2022\/04\/Omelette-1.jpg","datePublished":"2021-06-30T00:52:30+00:00","dateModified":"2024-09-12T00:02:29+00:00","breadcrumb":{"@id":"https:\/\/deliverymovil.com\/sanjuandelsur\/menu-restaurante-la-tostaderia\/menu\/omelette-vegetariano\/#breadcrumb"},"inLanguage":"es","potentialAction":[{"@type":"ReadAction","target":["https:\/\/deliverymovil.com\/sanjuandelsur\/menu-restaurante-la-tostaderia\/menu\/omelette-vegetariano\/"]}]},{"@type":"ImageObject","inLanguage":"es","@id":"https:\/\/deliverymovil.com\/sanjuandelsur\/menu-restaurante-la-tostaderia\/menu\/omelette-vegetariano\/#primaryimage","url":"https:\/\/deliverymovil.com\/sanjuandelsur\/menu-restaurante-la-tostaderia\/wp-content\/uploads\/sites\/43\/2022\/04\/Omelette-1.jpg","contentUrl":"https:\/\/deliverymovil.com\/sanjuandelsur\/menu-restaurante-la-tostaderia\/wp-content\/uploads\/sites\/43\/2022\/04\/Omelette-1.jpg","width":1024,"height":1024,"caption":"Omelette Vegetariano"},{"@type":"BreadcrumbList","@id":"https:\/\/deliverymovil.com\/sanjuandelsur\/menu-restaurante-la-tostaderia\/menu\/omelette-vegetariano\/#breadcrumb","itemListElement":[{"@type":"ListItem","position":1,"name":"Portada","item":"https:\/\/deliverymovil.com\/sanjuandelsur\/menu-restaurante-la-tostaderia\/"},{"@type":"ListItem","position":2,"name":"Omelette Vegetariano"}]},{"@type":"WebSite","@id":"https:\/\/deliverymovil.com\/sanjuandelsur\/menu-restaurante-la-tostaderia\/#website","url":"https:\/\/deliverymovil.com\/sanjuandelsur\/menu-restaurante-la-tostaderia\/","name":"La Tostader\u00eda | Delivery Movil - San Juan del Sur","description":"Servicio a Domicilio en SJDS","publisher":{"@id":"https:\/\/deliverymovil.com\/sanjuandelsur\/menu-restaurante-la-tostaderia\/#organization"},"potentialAction":[{"@type":"SearchAction","target":{"@type":"EntryPoint","urlTemplate":"https:\/\/deliverymovil.com\/sanjuandelsur\/menu-restaurante-la-tostaderia\/?s={search_term_string}"},"query-input":{"@type":"PropertyValueSpecification","valueRequired":true,"valueName":"search_term_string"}}],"inLanguage":"es"},{"@type":"Organization","@id":"https:\/\/deliverymovil.com\/sanjuandelsur\/menu-restaurante-la-tostaderia\/#organization","name":"La Tostader\u00eda | Delivery Movil - San Juan del Sur","url":"https:\/\/deliverymovil.com\/sanjuandelsur\/menu-restaurante-la-tostaderia\/","logo":{"@type":"ImageObject","inLanguage":"es","@id":"https:\/\/deliverymovil.com\/sanjuandelsur\/menu-restaurante-la-tostaderia\/#\/schema\/logo\/image\/","url":"https:\/\/deliverymovil.com\/sanjuandelsur\/menu-restaurante-la-tostaderia\/wp-content\/uploads\/sites\/43\/2022\/03\/logo-delivery-movil-nicaragua.svg","contentUrl":"https:\/\/deliverymovil.com\/sanjuandelsur\/menu-restaurante-la-tostaderia\/wp-content\/uploads\/sites\/43\/2022\/03\/logo-delivery-movil-nicaragua.svg","width":314,"height":64,"caption":"La Tostader\u00eda | Delivery Movil - San Juan del Sur"},"image":{"@id":"https:\/\/deliverymovil.com\/sanjuandelsur\/menu-restaurante-la-tostaderia\/#\/schema\/logo\/image\/"}}]}},"_links":{"self":[{"href":"https:\/\/deliverymovil.com\/sanjuandelsur\/menu-restaurante-la-tostaderia\/wp-json\/wp\/v2\/product\/956","targetHints":{"allow":["GET"]}}],"collection":[{"href":"https:\/\/deliverymovil.com\/sanjuandelsur\/menu-restaurante-la-tostaderia\/wp-json\/wp\/v2\/product"}],"about":[{"href":"https:\/\/deliverymovil.com\/sanjuandelsur\/menu-restaurante-la-tostaderia\/wp-json\/wp\/v2\/types\/product"}],"wp:featuredmedia":[{"embeddable":true,"href":"https:\/\/deliverymovil.com\/sanjuandelsur\/menu-restaurante-la-tostaderia\/wp-json\/wp\/v2\/media\/1098"}],"wp:attachment":[{"href":"https:\/\/deliverymovil.com\/sanjuandelsur\/menu-restaurante-la-tostaderia\/wp-json\/wp\/v2\/media?parent=956"}],"wp:term":[{"taxonomy":"product_brand","embeddable":true,"href":"https:\/\/deliverymovil.com\/sanjuandelsur\/menu-restaurante-la-tostaderia\/wp-json\/wp\/v2\/product_brand?post=956"},{"taxonomy":"product_cat","embeddable":true,"href":"https:\/\/deliverymovil.com\/sanjuandelsur\/menu-restaurante-la-tostaderia\/wp-json\/wp\/v2\/product_cat?post=956"},{"taxonomy":"product_tag","embeddable":true,"href":"https:\/\/deliverymovil.com\/sanjuandelsur\/menu-restaurante-la-tostaderia\/wp-json\/wp\/v2\/product_tag?post=956"}],"curies":[{"name":"wp","href":"https:\/\/api.w.org\/{rel}","templated":true}]}}