{"id":1010,"date":"2021-06-29T18:53:20","date_gmt":"2021-06-30T00:53:20","guid":{"rendered":"https:\/\/deliverymovil.com\/sanjuandelsur\/menu-restaurante-la-tostaderia\/menu\/choripan\/"},"modified":"2022-04-12T18:13:53","modified_gmt":"2022-04-13T00:13:53","slug":"choripan","status":"publish","type":"product","link":"https:\/\/deliverymovil.com\/sanjuandelsur\/menu-restaurante-la-tostaderia\/menu\/choripan\/","title":{"rendered":"Choripan"},"content":{"rendered":"<p>Nuestra Versi\u00f3n del plato Argentino Ic\u00f3nico: Dos Crujiente Mini-Baguette de<br \/>\nla Casa con Chorizos a la Parrilla Picantes, Chimichurri y Mayonesa<br \/>\nEspecial. Acompa\u00f1ado con Chips de la Casa.<\/p>\n","protected":false},"excerpt":{"rendered":"<p>Nuestra Versi\u00f3n del plato Argentino Ic\u00f3nico: Dos Crujiente Mini-Baguette de<br \/>\nla Casa con Chorizos a la Parrilla Picantes, Chimichurri y Mayonesa<br \/>\nEspecial. Acompa\u00f1ado con Chips de la Casa.<\/p>\n","protected":false},"featured_media":0,"template":"","meta":{"inline_featured_image":false},"product_brand":[],"product_cat":[543],"product_tag":[663,664],"class_list":{"0":"post-1010","1":"product","2":"type-product","3":"status-publish","5":"product_cat-uncategorized","6":"product_tag-chimichurri-y-mayonesa-especial-acompanado-con-chips-de-la-casa","7":"product_tag-nuestra-version-del-plato-argentino-iconico-dos-crujiente-mini-baguette-de-la-casa-con-chorizos-a-la-parrilla-picantes","9":"first","10":"instock","11":"shipping-taxable","12":"purchasable","13":"product-type-simple"},"yoast_head":"<!-- This site is optimized with the Yoast SEO plugin v26.8 - https:\/\/yoast.com\/product\/yoast-seo-wordpress\/ -->\n<title>Choripan - La Tostader\u00eda | Delivery Movil - San Juan del Sur<\/title>\n<meta name=\"robots\" content=\"index, follow, max-snippet:-1, max-image-preview:large, max-video-preview:-1\" \/>\n<link rel=\"canonical\" href=\"https:\/\/deliverymovil.com\/sanjuandelsur\/menu-restaurante-la-tostaderia\/menu\/choripan\/\" \/>\n<meta property=\"og:locale\" content=\"es_ES\" \/>\n<meta property=\"og:type\" content=\"article\" \/>\n<meta property=\"og:title\" content=\"Choripan - La Tostader\u00eda | Delivery Movil - San Juan del Sur\" \/>\n<meta property=\"og:description\" content=\"Nuestra Versi\u00f3n del plato Argentino Ic\u00f3nico: Dos Crujiente Mini-Baguette de la Casa con Chorizos a la Parrilla Picantes, Chimichurri y Mayonesa Especial. Acompa\u00f1ado con Chips de la Casa.\" \/>\n<meta property=\"og:url\" content=\"https:\/\/deliverymovil.com\/sanjuandelsur\/menu-restaurante-la-tostaderia\/menu\/choripan\/\" \/>\n<meta property=\"og:site_name\" content=\"La Tostader\u00eda | Delivery Movil - San Juan del Sur\" \/>\n<meta property=\"article:modified_time\" content=\"2022-04-13T00:13:53+00:00\" \/>\n<meta name=\"twitter:card\" content=\"summary_large_image\" \/>\n<script type=\"application\/ld+json\" class=\"yoast-schema-graph\">{\"@context\":\"https:\/\/schema.org\",\"@graph\":[{\"@type\":\"WebPage\",\"@id\":\"https:\/\/deliverymovil.com\/sanjuandelsur\/menu-restaurante-la-tostaderia\/menu\/choripan\/\",\"url\":\"https:\/\/deliverymovil.com\/sanjuandelsur\/menu-restaurante-la-tostaderia\/menu\/choripan\/\",\"name\":\"Choripan - La Tostader\u00eda | Delivery Movil - San Juan del Sur\",\"isPartOf\":{\"@id\":\"https:\/\/deliverymovil.com\/sanjuandelsur\/menu-restaurante-la-tostaderia\/#website\"},\"datePublished\":\"2021-06-30T00:53:20+00:00\",\"dateModified\":\"2022-04-13T00:13:53+00:00\",\"breadcrumb\":{\"@id\":\"https:\/\/deliverymovil.com\/sanjuandelsur\/menu-restaurante-la-tostaderia\/menu\/choripan\/#breadcrumb\"},\"inLanguage\":\"es\",\"potentialAction\":[{\"@type\":\"ReadAction\",\"target\":[\"https:\/\/deliverymovil.com\/sanjuandelsur\/menu-restaurante-la-tostaderia\/menu\/choripan\/\"]}]},{\"@type\":\"BreadcrumbList\",\"@id\":\"https:\/\/deliverymovil.com\/sanjuandelsur\/menu-restaurante-la-tostaderia\/menu\/choripan\/#breadcrumb\",\"itemListElement\":[{\"@type\":\"ListItem\",\"position\":1,\"name\":\"Portada\",\"item\":\"https:\/\/deliverymovil.com\/sanjuandelsur\/menu-restaurante-la-tostaderia\/\"},{\"@type\":\"ListItem\",\"position\":2,\"name\":\"Choripan\"}]},{\"@type\":\"WebSite\",\"@id\":\"https:\/\/deliverymovil.com\/sanjuandelsur\/menu-restaurante-la-tostaderia\/#website\",\"url\":\"https:\/\/deliverymovil.com\/sanjuandelsur\/menu-restaurante-la-tostaderia\/\",\"name\":\"La Tostader\u00eda | Delivery Movil - San Juan del Sur\",\"description\":\"Servicio a Domicilio en SJDS\",\"publisher\":{\"@id\":\"https:\/\/deliverymovil.com\/sanjuandelsur\/menu-restaurante-la-tostaderia\/#organization\"},\"potentialAction\":[{\"@type\":\"SearchAction\",\"target\":{\"@type\":\"EntryPoint\",\"urlTemplate\":\"https:\/\/deliverymovil.com\/sanjuandelsur\/menu-restaurante-la-tostaderia\/?s={search_term_string}\"},\"query-input\":{\"@type\":\"PropertyValueSpecification\",\"valueRequired\":true,\"valueName\":\"search_term_string\"}}],\"inLanguage\":\"es\"},{\"@type\":\"Organization\",\"@id\":\"https:\/\/deliverymovil.com\/sanjuandelsur\/menu-restaurante-la-tostaderia\/#organization\",\"name\":\"La Tostader\u00eda | Delivery Movil - San Juan del Sur\",\"url\":\"https:\/\/deliverymovil.com\/sanjuandelsur\/menu-restaurante-la-tostaderia\/\",\"logo\":{\"@type\":\"ImageObject\",\"inLanguage\":\"es\",\"@id\":\"https:\/\/deliverymovil.com\/sanjuandelsur\/menu-restaurante-la-tostaderia\/#\/schema\/logo\/image\/\",\"url\":\"https:\/\/deliverymovil.com\/sanjuandelsur\/menu-restaurante-la-tostaderia\/wp-content\/uploads\/sites\/43\/2022\/03\/logo-delivery-movil-nicaragua.svg\",\"contentUrl\":\"https:\/\/deliverymovil.com\/sanjuandelsur\/menu-restaurante-la-tostaderia\/wp-content\/uploads\/sites\/43\/2022\/03\/logo-delivery-movil-nicaragua.svg\",\"width\":314,\"height\":64,\"caption\":\"La Tostader\u00eda | Delivery Movil - San Juan del Sur\"},\"image\":{\"@id\":\"https:\/\/deliverymovil.com\/sanjuandelsur\/menu-restaurante-la-tostaderia\/#\/schema\/logo\/image\/\"}}]}<\/script>\n<!-- \/ Yoast SEO plugin. -->","yoast_head_json":{"title":"Choripan - La Tostader\u00eda | Delivery Movil - San Juan del Sur","robots":{"index":"index","follow":"follow","max-snippet":"max-snippet:-1","max-image-preview":"max-image-preview:large","max-video-preview":"max-video-preview:-1"},"canonical":"https:\/\/deliverymovil.com\/sanjuandelsur\/menu-restaurante-la-tostaderia\/menu\/choripan\/","og_locale":"es_ES","og_type":"article","og_title":"Choripan - La Tostader\u00eda | Delivery Movil - San Juan del Sur","og_description":"Nuestra Versi\u00f3n del plato Argentino Ic\u00f3nico: Dos Crujiente Mini-Baguette de la Casa con Chorizos a la Parrilla Picantes, Chimichurri y Mayonesa Especial. Acompa\u00f1ado con Chips de la Casa.","og_url":"https:\/\/deliverymovil.com\/sanjuandelsur\/menu-restaurante-la-tostaderia\/menu\/choripan\/","og_site_name":"La Tostader\u00eda | Delivery Movil - San Juan del Sur","article_modified_time":"2022-04-13T00:13:53+00:00","twitter_card":"summary_large_image","schema":{"@context":"https:\/\/schema.org","@graph":[{"@type":"WebPage","@id":"https:\/\/deliverymovil.com\/sanjuandelsur\/menu-restaurante-la-tostaderia\/menu\/choripan\/","url":"https:\/\/deliverymovil.com\/sanjuandelsur\/menu-restaurante-la-tostaderia\/menu\/choripan\/","name":"Choripan - La Tostader\u00eda | Delivery Movil - San Juan del Sur","isPartOf":{"@id":"https:\/\/deliverymovil.com\/sanjuandelsur\/menu-restaurante-la-tostaderia\/#website"},"datePublished":"2021-06-30T00:53:20+00:00","dateModified":"2022-04-13T00:13:53+00:00","breadcrumb":{"@id":"https:\/\/deliverymovil.com\/sanjuandelsur\/menu-restaurante-la-tostaderia\/menu\/choripan\/#breadcrumb"},"inLanguage":"es","potentialAction":[{"@type":"ReadAction","target":["https:\/\/deliverymovil.com\/sanjuandelsur\/menu-restaurante-la-tostaderia\/menu\/choripan\/"]}]},{"@type":"BreadcrumbList","@id":"https:\/\/deliverymovil.com\/sanjuandelsur\/menu-restaurante-la-tostaderia\/menu\/choripan\/#breadcrumb","itemListElement":[{"@type":"ListItem","position":1,"name":"Portada","item":"https:\/\/deliverymovil.com\/sanjuandelsur\/menu-restaurante-la-tostaderia\/"},{"@type":"ListItem","position":2,"name":"Choripan"}]},{"@type":"WebSite","@id":"https:\/\/deliverymovil.com\/sanjuandelsur\/menu-restaurante-la-tostaderia\/#website","url":"https:\/\/deliverymovil.com\/sanjuandelsur\/menu-restaurante-la-tostaderia\/","name":"La Tostader\u00eda | Delivery Movil - San Juan del Sur","description":"Servicio a Domicilio en SJDS","publisher":{"@id":"https:\/\/deliverymovil.com\/sanjuandelsur\/menu-restaurante-la-tostaderia\/#organization"},"potentialAction":[{"@type":"SearchAction","target":{"@type":"EntryPoint","urlTemplate":"https:\/\/deliverymovil.com\/sanjuandelsur\/menu-restaurante-la-tostaderia\/?s={search_term_string}"},"query-input":{"@type":"PropertyValueSpecification","valueRequired":true,"valueName":"search_term_string"}}],"inLanguage":"es"},{"@type":"Organization","@id":"https:\/\/deliverymovil.com\/sanjuandelsur\/menu-restaurante-la-tostaderia\/#organization","name":"La Tostader\u00eda | Delivery Movil - San Juan del Sur","url":"https:\/\/deliverymovil.com\/sanjuandelsur\/menu-restaurante-la-tostaderia\/","logo":{"@type":"ImageObject","inLanguage":"es","@id":"https:\/\/deliverymovil.com\/sanjuandelsur\/menu-restaurante-la-tostaderia\/#\/schema\/logo\/image\/","url":"https:\/\/deliverymovil.com\/sanjuandelsur\/menu-restaurante-la-tostaderia\/wp-content\/uploads\/sites\/43\/2022\/03\/logo-delivery-movil-nicaragua.svg","contentUrl":"https:\/\/deliverymovil.com\/sanjuandelsur\/menu-restaurante-la-tostaderia\/wp-content\/uploads\/sites\/43\/2022\/03\/logo-delivery-movil-nicaragua.svg","width":314,"height":64,"caption":"La Tostader\u00eda | Delivery Movil - San Juan del Sur"},"image":{"@id":"https:\/\/deliverymovil.com\/sanjuandelsur\/menu-restaurante-la-tostaderia\/#\/schema\/logo\/image\/"}}]}},"_links":{"self":[{"href":"https:\/\/deliverymovil.com\/sanjuandelsur\/menu-restaurante-la-tostaderia\/wp-json\/wp\/v2\/product\/1010","targetHints":{"allow":["GET"]}}],"collection":[{"href":"https:\/\/deliverymovil.com\/sanjuandelsur\/menu-restaurante-la-tostaderia\/wp-json\/wp\/v2\/product"}],"about":[{"href":"https:\/\/deliverymovil.com\/sanjuandelsur\/menu-restaurante-la-tostaderia\/wp-json\/wp\/v2\/types\/product"}],"wp:attachment":[{"href":"https:\/\/deliverymovil.com\/sanjuandelsur\/menu-restaurante-la-tostaderia\/wp-json\/wp\/v2\/media?parent=1010"}],"wp:term":[{"taxonomy":"product_brand","embeddable":true,"href":"https:\/\/deliverymovil.com\/sanjuandelsur\/menu-restaurante-la-tostaderia\/wp-json\/wp\/v2\/product_brand?post=1010"},{"taxonomy":"product_cat","embeddable":true,"href":"https:\/\/deliverymovil.com\/sanjuandelsur\/menu-restaurante-la-tostaderia\/wp-json\/wp\/v2\/product_cat?post=1010"},{"taxonomy":"product_tag","embeddable":true,"href":"https:\/\/deliverymovil.com\/sanjuandelsur\/menu-restaurante-la-tostaderia\/wp-json\/wp\/v2\/product_tag?post=1010"}],"curies":[{"name":"wp","href":"https:\/\/api.w.org\/{rel}","templated":true}]}}