{"id":1003,"date":"2021-06-29T18:52:56","date_gmt":"2021-06-30T00:52:56","guid":{"rendered":"https:\/\/deliverymovil.com\/sanjuandelsur\/menu-restaurante-la-tostaderia\/menu\/bistec-de-ternera-a-la-plancha\/"},"modified":"2024-09-11T18:45:56","modified_gmt":"2024-09-12T00:45:56","slug":"bistec-de-ternera-a-la-plancha","status":"publish","type":"product","link":"https:\/\/deliverymovil.com\/sanjuandelsur\/menu-restaurante-la-tostaderia\/menu\/bistec-de-ternera-a-la-plancha\/","title":{"rendered":"Steak de res a la plancha"},"content":{"rendered":"<p>&nbsp;<\/p>\n<p>&nbsp;<\/p>\n","protected":false},"excerpt":{"rendered":"<p>Con salsa de jalape\u00f1o o chimichurri, acompa\u00f1ado con ensalada, papas fritas \/ pur\u00e9 de<br \/>\npapa \/ arroz.<\/p>\n","protected":false},"featured_media":1114,"template":"","meta":{"inline_featured_image":false},"product_brand":[],"product_cat":[641],"product_tag":[],"class_list":{"0":"post-1003","1":"product","2":"type-product","3":"status-publish","4":"has-post-thumbnail","6":"product_addon-arroz","7":"product_addon-papas-fritas","8":"product_addon-pure-de-papas","9":"product_cat-platos-fuertes","11":"first","12":"instock","13":"shipping-taxable","14":"purchasable","15":"product-type-simple"},"yoast_head":"<!-- This site is optimized with the Yoast SEO plugin v26.8 - https:\/\/yoast.com\/product\/yoast-seo-wordpress\/ -->\n<title>Steak de res a la plancha - La Tostader\u00eda | Delivery Movil - San Juan del Sur<\/title>\n<meta name=\"robots\" content=\"index, follow, max-snippet:-1, max-image-preview:large, max-video-preview:-1\" \/>\n<link rel=\"canonical\" href=\"https:\/\/deliverymovil.com\/sanjuandelsur\/menu-restaurante-la-tostaderia\/menu\/bistec-de-ternera-a-la-plancha\/\" \/>\n<meta property=\"og:locale\" content=\"es_ES\" \/>\n<meta property=\"og:type\" content=\"article\" \/>\n<meta property=\"og:title\" content=\"Steak de res a la plancha - La Tostader\u00eda | Delivery Movil - San Juan del Sur\" \/>\n<meta property=\"og:description\" content=\"Con salsa de jalape\u00f1o o chimichurri, acompa\u00f1ado con ensalada, papas fritas \/ pur\u00e9 de papa \/ arroz.\" \/>\n<meta property=\"og:url\" content=\"https:\/\/deliverymovil.com\/sanjuandelsur\/menu-restaurante-la-tostaderia\/menu\/bistec-de-ternera-a-la-plancha\/\" \/>\n<meta property=\"og:site_name\" content=\"La Tostader\u00eda | Delivery Movil - San Juan del Sur\" \/>\n<meta property=\"article:modified_time\" content=\"2024-09-12T00:45:56+00:00\" \/>\n<meta property=\"og:image\" content=\"https:\/\/deliverymovil.com\/sanjuandelsur\/menu-restaurante-la-tostaderia\/wp-content\/uploads\/sites\/43\/2022\/04\/Sopa-Ramen.jpg\" \/>\n\t<meta property=\"og:image:width\" content=\"1024\" \/>\n\t<meta property=\"og:image:height\" content=\"1024\" \/>\n\t<meta property=\"og:image:type\" content=\"image\/jpeg\" \/>\n<meta name=\"twitter:card\" content=\"summary_large_image\" \/>\n<script type=\"application\/ld+json\" class=\"yoast-schema-graph\">{\"@context\":\"https:\/\/schema.org\",\"@graph\":[{\"@type\":\"WebPage\",\"@id\":\"https:\/\/deliverymovil.com\/sanjuandelsur\/menu-restaurante-la-tostaderia\/menu\/bistec-de-ternera-a-la-plancha\/\",\"url\":\"https:\/\/deliverymovil.com\/sanjuandelsur\/menu-restaurante-la-tostaderia\/menu\/bistec-de-ternera-a-la-plancha\/\",\"name\":\"Steak de res a la plancha - La Tostader\u00eda | Delivery Movil - San Juan del Sur\",\"isPartOf\":{\"@id\":\"https:\/\/deliverymovil.com\/sanjuandelsur\/menu-restaurante-la-tostaderia\/#website\"},\"primaryImageOfPage\":{\"@id\":\"https:\/\/deliverymovil.com\/sanjuandelsur\/menu-restaurante-la-tostaderia\/menu\/bistec-de-ternera-a-la-plancha\/#primaryimage\"},\"image\":{\"@id\":\"https:\/\/deliverymovil.com\/sanjuandelsur\/menu-restaurante-la-tostaderia\/menu\/bistec-de-ternera-a-la-plancha\/#primaryimage\"},\"thumbnailUrl\":\"https:\/\/deliverymovil.com\/sanjuandelsur\/menu-restaurante-la-tostaderia\/wp-content\/uploads\/sites\/43\/2022\/04\/Sopa-Ramen.jpg\",\"datePublished\":\"2021-06-30T00:52:56+00:00\",\"dateModified\":\"2024-09-12T00:45:56+00:00\",\"breadcrumb\":{\"@id\":\"https:\/\/deliverymovil.com\/sanjuandelsur\/menu-restaurante-la-tostaderia\/menu\/bistec-de-ternera-a-la-plancha\/#breadcrumb\"},\"inLanguage\":\"es\",\"potentialAction\":[{\"@type\":\"ReadAction\",\"target\":[\"https:\/\/deliverymovil.com\/sanjuandelsur\/menu-restaurante-la-tostaderia\/menu\/bistec-de-ternera-a-la-plancha\/\"]}]},{\"@type\":\"ImageObject\",\"inLanguage\":\"es\",\"@id\":\"https:\/\/deliverymovil.com\/sanjuandelsur\/menu-restaurante-la-tostaderia\/menu\/bistec-de-ternera-a-la-plancha\/#primaryimage\",\"url\":\"https:\/\/deliverymovil.com\/sanjuandelsur\/menu-restaurante-la-tostaderia\/wp-content\/uploads\/sites\/43\/2022\/04\/Sopa-Ramen.jpg\",\"contentUrl\":\"https:\/\/deliverymovil.com\/sanjuandelsur\/menu-restaurante-la-tostaderia\/wp-content\/uploads\/sites\/43\/2022\/04\/Sopa-Ramen.jpg\",\"width\":1024,\"height\":1024,\"caption\":\"Steak de res a la plancha\"},{\"@type\":\"BreadcrumbList\",\"@id\":\"https:\/\/deliverymovil.com\/sanjuandelsur\/menu-restaurante-la-tostaderia\/menu\/bistec-de-ternera-a-la-plancha\/#breadcrumb\",\"itemListElement\":[{\"@type\":\"ListItem\",\"position\":1,\"name\":\"Portada\",\"item\":\"https:\/\/deliverymovil.com\/sanjuandelsur\/menu-restaurante-la-tostaderia\/\"},{\"@type\":\"ListItem\",\"position\":2,\"name\":\"Steak de res a la plancha\"}]},{\"@type\":\"WebSite\",\"@id\":\"https:\/\/deliverymovil.com\/sanjuandelsur\/menu-restaurante-la-tostaderia\/#website\",\"url\":\"https:\/\/deliverymovil.com\/sanjuandelsur\/menu-restaurante-la-tostaderia\/\",\"name\":\"La Tostader\u00eda | Delivery Movil - San Juan del Sur\",\"description\":\"Servicio a Domicilio en SJDS\",\"publisher\":{\"@id\":\"https:\/\/deliverymovil.com\/sanjuandelsur\/menu-restaurante-la-tostaderia\/#organization\"},\"potentialAction\":[{\"@type\":\"SearchAction\",\"target\":{\"@type\":\"EntryPoint\",\"urlTemplate\":\"https:\/\/deliverymovil.com\/sanjuandelsur\/menu-restaurante-la-tostaderia\/?s={search_term_string}\"},\"query-input\":{\"@type\":\"PropertyValueSpecification\",\"valueRequired\":true,\"valueName\":\"search_term_string\"}}],\"inLanguage\":\"es\"},{\"@type\":\"Organization\",\"@id\":\"https:\/\/deliverymovil.com\/sanjuandelsur\/menu-restaurante-la-tostaderia\/#organization\",\"name\":\"La Tostader\u00eda | Delivery Movil - San Juan del Sur\",\"url\":\"https:\/\/deliverymovil.com\/sanjuandelsur\/menu-restaurante-la-tostaderia\/\",\"logo\":{\"@type\":\"ImageObject\",\"inLanguage\":\"es\",\"@id\":\"https:\/\/deliverymovil.com\/sanjuandelsur\/menu-restaurante-la-tostaderia\/#\/schema\/logo\/image\/\",\"url\":\"https:\/\/deliverymovil.com\/sanjuandelsur\/menu-restaurante-la-tostaderia\/wp-content\/uploads\/sites\/43\/2022\/03\/logo-delivery-movil-nicaragua.svg\",\"contentUrl\":\"https:\/\/deliverymovil.com\/sanjuandelsur\/menu-restaurante-la-tostaderia\/wp-content\/uploads\/sites\/43\/2022\/03\/logo-delivery-movil-nicaragua.svg\",\"width\":314,\"height\":64,\"caption\":\"La Tostader\u00eda | Delivery Movil - San Juan del Sur\"},\"image\":{\"@id\":\"https:\/\/deliverymovil.com\/sanjuandelsur\/menu-restaurante-la-tostaderia\/#\/schema\/logo\/image\/\"}}]}<\/script>\n<!-- \/ Yoast SEO plugin. -->","yoast_head_json":{"title":"Steak de res a la plancha - La Tostader\u00eda | Delivery Movil - San Juan del Sur","robots":{"index":"index","follow":"follow","max-snippet":"max-snippet:-1","max-image-preview":"max-image-preview:large","max-video-preview":"max-video-preview:-1"},"canonical":"https:\/\/deliverymovil.com\/sanjuandelsur\/menu-restaurante-la-tostaderia\/menu\/bistec-de-ternera-a-la-plancha\/","og_locale":"es_ES","og_type":"article","og_title":"Steak de res a la plancha - La Tostader\u00eda | Delivery Movil - San Juan del Sur","og_description":"Con salsa de jalape\u00f1o o chimichurri, acompa\u00f1ado con ensalada, papas fritas \/ pur\u00e9 de papa \/ arroz.","og_url":"https:\/\/deliverymovil.com\/sanjuandelsur\/menu-restaurante-la-tostaderia\/menu\/bistec-de-ternera-a-la-plancha\/","og_site_name":"La Tostader\u00eda | Delivery Movil - San Juan del Sur","article_modified_time":"2024-09-12T00:45:56+00:00","og_image":[{"width":1024,"height":1024,"url":"https:\/\/deliverymovil.com\/sanjuandelsur\/menu-restaurante-la-tostaderia\/wp-content\/uploads\/sites\/43\/2022\/04\/Sopa-Ramen.jpg","type":"image\/jpeg"}],"twitter_card":"summary_large_image","schema":{"@context":"https:\/\/schema.org","@graph":[{"@type":"WebPage","@id":"https:\/\/deliverymovil.com\/sanjuandelsur\/menu-restaurante-la-tostaderia\/menu\/bistec-de-ternera-a-la-plancha\/","url":"https:\/\/deliverymovil.com\/sanjuandelsur\/menu-restaurante-la-tostaderia\/menu\/bistec-de-ternera-a-la-plancha\/","name":"Steak de res a la plancha - La Tostader\u00eda | Delivery Movil - San Juan del Sur","isPartOf":{"@id":"https:\/\/deliverymovil.com\/sanjuandelsur\/menu-restaurante-la-tostaderia\/#website"},"primaryImageOfPage":{"@id":"https:\/\/deliverymovil.com\/sanjuandelsur\/menu-restaurante-la-tostaderia\/menu\/bistec-de-ternera-a-la-plancha\/#primaryimage"},"image":{"@id":"https:\/\/deliverymovil.com\/sanjuandelsur\/menu-restaurante-la-tostaderia\/menu\/bistec-de-ternera-a-la-plancha\/#primaryimage"},"thumbnailUrl":"https:\/\/deliverymovil.com\/sanjuandelsur\/menu-restaurante-la-tostaderia\/wp-content\/uploads\/sites\/43\/2022\/04\/Sopa-Ramen.jpg","datePublished":"2021-06-30T00:52:56+00:00","dateModified":"2024-09-12T00:45:56+00:00","breadcrumb":{"@id":"https:\/\/deliverymovil.com\/sanjuandelsur\/menu-restaurante-la-tostaderia\/menu\/bistec-de-ternera-a-la-plancha\/#breadcrumb"},"inLanguage":"es","potentialAction":[{"@type":"ReadAction","target":["https:\/\/deliverymovil.com\/sanjuandelsur\/menu-restaurante-la-tostaderia\/menu\/bistec-de-ternera-a-la-plancha\/"]}]},{"@type":"ImageObject","inLanguage":"es","@id":"https:\/\/deliverymovil.com\/sanjuandelsur\/menu-restaurante-la-tostaderia\/menu\/bistec-de-ternera-a-la-plancha\/#primaryimage","url":"https:\/\/deliverymovil.com\/sanjuandelsur\/menu-restaurante-la-tostaderia\/wp-content\/uploads\/sites\/43\/2022\/04\/Sopa-Ramen.jpg","contentUrl":"https:\/\/deliverymovil.com\/sanjuandelsur\/menu-restaurante-la-tostaderia\/wp-content\/uploads\/sites\/43\/2022\/04\/Sopa-Ramen.jpg","width":1024,"height":1024,"caption":"Steak de res a la plancha"},{"@type":"BreadcrumbList","@id":"https:\/\/deliverymovil.com\/sanjuandelsur\/menu-restaurante-la-tostaderia\/menu\/bistec-de-ternera-a-la-plancha\/#breadcrumb","itemListElement":[{"@type":"ListItem","position":1,"name":"Portada","item":"https:\/\/deliverymovil.com\/sanjuandelsur\/menu-restaurante-la-tostaderia\/"},{"@type":"ListItem","position":2,"name":"Steak de res a la plancha"}]},{"@type":"WebSite","@id":"https:\/\/deliverymovil.com\/sanjuandelsur\/menu-restaurante-la-tostaderia\/#website","url":"https:\/\/deliverymovil.com\/sanjuandelsur\/menu-restaurante-la-tostaderia\/","name":"La Tostader\u00eda | Delivery Movil - San Juan del Sur","description":"Servicio a Domicilio en SJDS","publisher":{"@id":"https:\/\/deliverymovil.com\/sanjuandelsur\/menu-restaurante-la-tostaderia\/#organization"},"potentialAction":[{"@type":"SearchAction","target":{"@type":"EntryPoint","urlTemplate":"https:\/\/deliverymovil.com\/sanjuandelsur\/menu-restaurante-la-tostaderia\/?s={search_term_string}"},"query-input":{"@type":"PropertyValueSpecification","valueRequired":true,"valueName":"search_term_string"}}],"inLanguage":"es"},{"@type":"Organization","@id":"https:\/\/deliverymovil.com\/sanjuandelsur\/menu-restaurante-la-tostaderia\/#organization","name":"La Tostader\u00eda | Delivery Movil - San Juan del Sur","url":"https:\/\/deliverymovil.com\/sanjuandelsur\/menu-restaurante-la-tostaderia\/","logo":{"@type":"ImageObject","inLanguage":"es","@id":"https:\/\/deliverymovil.com\/sanjuandelsur\/menu-restaurante-la-tostaderia\/#\/schema\/logo\/image\/","url":"https:\/\/deliverymovil.com\/sanjuandelsur\/menu-restaurante-la-tostaderia\/wp-content\/uploads\/sites\/43\/2022\/03\/logo-delivery-movil-nicaragua.svg","contentUrl":"https:\/\/deliverymovil.com\/sanjuandelsur\/menu-restaurante-la-tostaderia\/wp-content\/uploads\/sites\/43\/2022\/03\/logo-delivery-movil-nicaragua.svg","width":314,"height":64,"caption":"La Tostader\u00eda | Delivery Movil - San Juan del Sur"},"image":{"@id":"https:\/\/deliverymovil.com\/sanjuandelsur\/menu-restaurante-la-tostaderia\/#\/schema\/logo\/image\/"}}]}},"_links":{"self":[{"href":"https:\/\/deliverymovil.com\/sanjuandelsur\/menu-restaurante-la-tostaderia\/wp-json\/wp\/v2\/product\/1003","targetHints":{"allow":["GET"]}}],"collection":[{"href":"https:\/\/deliverymovil.com\/sanjuandelsur\/menu-restaurante-la-tostaderia\/wp-json\/wp\/v2\/product"}],"about":[{"href":"https:\/\/deliverymovil.com\/sanjuandelsur\/menu-restaurante-la-tostaderia\/wp-json\/wp\/v2\/types\/product"}],"wp:featuredmedia":[{"embeddable":true,"href":"https:\/\/deliverymovil.com\/sanjuandelsur\/menu-restaurante-la-tostaderia\/wp-json\/wp\/v2\/media\/1114"}],"wp:attachment":[{"href":"https:\/\/deliverymovil.com\/sanjuandelsur\/menu-restaurante-la-tostaderia\/wp-json\/wp\/v2\/media?parent=1003"}],"wp:term":[{"taxonomy":"product_brand","embeddable":true,"href":"https:\/\/deliverymovil.com\/sanjuandelsur\/menu-restaurante-la-tostaderia\/wp-json\/wp\/v2\/product_brand?post=1003"},{"taxonomy":"product_cat","embeddable":true,"href":"https:\/\/deliverymovil.com\/sanjuandelsur\/menu-restaurante-la-tostaderia\/wp-json\/wp\/v2\/product_cat?post=1003"},{"taxonomy":"product_tag","embeddable":true,"href":"https:\/\/deliverymovil.com\/sanjuandelsur\/menu-restaurante-la-tostaderia\/wp-json\/wp\/v2\/product_tag?post=1003"}],"curies":[{"name":"wp","href":"https:\/\/api.w.org\/{rel}","templated":true}]}}