{"id":934,"date":"2021-10-05T16:23:22","date_gmt":"2021-10-05T22:23:22","guid":{"rendered":"https:\/\/deliverymovil.com\/sanjuandelsur\/ding-repair-cafe\/menu\/pancakes\/"},"modified":"2025-04-15T22:13:15","modified_gmt":"2025-04-16T04:13:15","slug":"pancakes","status":"publish","type":"product","link":"https:\/\/deliverymovil.com\/sanjuandelsur\/menu-restaurante-ding-repair-cafe\/menu\/pancakes\/","title":{"rendered":"Pancakes"},"content":{"rendered":"<p>Hechos con harina de pl\u00e1tano vegano con infusi\u00f3n de caco, cubiertos con fruta fresca local<\/p>\n","protected":false},"excerpt":{"rendered":"<p>Hechos con harina de pl\u00e1tano vegano con infusi\u00f3n de caco, cubiertos con fruta fresca local<\/p>\n","protected":false},"featured_media":933,"template":"","meta":{"inline_featured_image":false},"product_brand":[],"product_cat":[604],"product_tag":[624,625],"class_list":{"0":"post-934","1":"product","2":"type-product","3":"status-publish","4":"has-post-thumbnail","6":"product_cat-bowls-brunch","7":"product_tag-cubiertos-con-fruta-fresca-local","8":"product_tag-hechos-con-harina-de-platano-vegano-con-infusion-de-caco","10":"first","11":"instock","12":"shipping-taxable","13":"purchasable","14":"product-type-simple"},"yoast_head":"<!-- This site is optimized with the Yoast SEO plugin v26.8 - https:\/\/yoast.com\/product\/yoast-seo-wordpress\/ -->\n<title>Pancakes - Ding Repair Caf\u00e9 | Delivery M\u00f3vil - San Juan del Sur, Nicaragua<\/title>\n<meta name=\"robots\" content=\"index, follow, max-snippet:-1, max-image-preview:large, max-video-preview:-1\" \/>\n<link rel=\"canonical\" href=\"https:\/\/deliverymovil.com\/sanjuandelsur\/menu-restaurante-ding-repair-cafe\/menu\/pancakes\/\" \/>\n<meta property=\"og:locale\" content=\"es_ES\" \/>\n<meta property=\"og:type\" content=\"article\" \/>\n<meta property=\"og:title\" content=\"Pancakes - Ding Repair Caf\u00e9 | Delivery M\u00f3vil - San Juan del Sur, Nicaragua\" \/>\n<meta property=\"og:description\" content=\"Hechos con harina de pl\u00e1tano vegano con infusi\u00f3n de caco, cubiertos con fruta fresca local\" \/>\n<meta property=\"og:url\" content=\"https:\/\/deliverymovil.com\/sanjuandelsur\/menu-restaurante-ding-repair-cafe\/menu\/pancakes\/\" \/>\n<meta property=\"og:site_name\" content=\"Ding Repair Caf\u00e9 | Delivery M\u00f3vil - San Juan del Sur, Nicaragua\" \/>\n<meta property=\"article:modified_time\" content=\"2025-04-16T04:13:15+00:00\" \/>\n<meta property=\"og:image\" content=\"https:\/\/deliverymovil.com\/sanjuandelsur\/menu-restaurante-ding-repair-cafe\/wp-content\/uploads\/sites\/49\/2021\/10\/Pancakes.jpg\" \/>\n\t<meta property=\"og:image:width\" content=\"1000\" \/>\n\t<meta property=\"og:image:height\" content=\"1000\" \/>\n\t<meta property=\"og:image:type\" content=\"image\/jpeg\" \/>\n<meta name=\"twitter:card\" content=\"summary_large_image\" \/>\n<script type=\"application\/ld+json\" class=\"yoast-schema-graph\">{\"@context\":\"https:\/\/schema.org\",\"@graph\":[{\"@type\":\"WebPage\",\"@id\":\"https:\/\/deliverymovil.com\/sanjuandelsur\/menu-restaurante-ding-repair-cafe\/menu\/pancakes\/\",\"url\":\"https:\/\/deliverymovil.com\/sanjuandelsur\/menu-restaurante-ding-repair-cafe\/menu\/pancakes\/\",\"name\":\"Pancakes - Ding Repair Caf\u00e9 | Delivery M\u00f3vil - San Juan del Sur, Nicaragua\",\"isPartOf\":{\"@id\":\"https:\/\/deliverymovil.com\/sanjuandelsur\/menu-restaurante-ding-repair-cafe\/#website\"},\"primaryImageOfPage\":{\"@id\":\"https:\/\/deliverymovil.com\/sanjuandelsur\/menu-restaurante-ding-repair-cafe\/menu\/pancakes\/#primaryimage\"},\"image\":{\"@id\":\"https:\/\/deliverymovil.com\/sanjuandelsur\/menu-restaurante-ding-repair-cafe\/menu\/pancakes\/#primaryimage\"},\"thumbnailUrl\":\"https:\/\/deliverymovil.com\/sanjuandelsur\/menu-restaurante-ding-repair-cafe\/wp-content\/uploads\/sites\/49\/2021\/10\/Pancakes.jpg\",\"datePublished\":\"2021-10-05T22:23:22+00:00\",\"dateModified\":\"2025-04-16T04:13:15+00:00\",\"breadcrumb\":{\"@id\":\"https:\/\/deliverymovil.com\/sanjuandelsur\/menu-restaurante-ding-repair-cafe\/menu\/pancakes\/#breadcrumb\"},\"inLanguage\":\"es\",\"potentialAction\":[{\"@type\":\"ReadAction\",\"target\":[\"https:\/\/deliverymovil.com\/sanjuandelsur\/menu-restaurante-ding-repair-cafe\/menu\/pancakes\/\"]}]},{\"@type\":\"ImageObject\",\"inLanguage\":\"es\",\"@id\":\"https:\/\/deliverymovil.com\/sanjuandelsur\/menu-restaurante-ding-repair-cafe\/menu\/pancakes\/#primaryimage\",\"url\":\"https:\/\/deliverymovil.com\/sanjuandelsur\/menu-restaurante-ding-repair-cafe\/wp-content\/uploads\/sites\/49\/2021\/10\/Pancakes.jpg\",\"contentUrl\":\"https:\/\/deliverymovil.com\/sanjuandelsur\/menu-restaurante-ding-repair-cafe\/wp-content\/uploads\/sites\/49\/2021\/10\/Pancakes.jpg\",\"width\":1000,\"height\":1000},{\"@type\":\"BreadcrumbList\",\"@id\":\"https:\/\/deliverymovil.com\/sanjuandelsur\/menu-restaurante-ding-repair-cafe\/menu\/pancakes\/#breadcrumb\",\"itemListElement\":[{\"@type\":\"ListItem\",\"position\":1,\"name\":\"Portada\",\"item\":\"https:\/\/deliverymovil.com\/sanjuandelsur\/menu-restaurante-ding-repair-cafe\/\"},{\"@type\":\"ListItem\",\"position\":2,\"name\":\"Pancakes\"}]},{\"@type\":\"WebSite\",\"@id\":\"https:\/\/deliverymovil.com\/sanjuandelsur\/menu-restaurante-ding-repair-cafe\/#website\",\"url\":\"https:\/\/deliverymovil.com\/sanjuandelsur\/menu-restaurante-ding-repair-cafe\/\",\"name\":\"Ding Repair Caf\u00e9 | Delivery M\u00f3vil - San Juan del Sur, Nicaragua\",\"description\":\"Servicio a Domicilio en SJDS\",\"publisher\":{\"@id\":\"https:\/\/deliverymovil.com\/sanjuandelsur\/menu-restaurante-ding-repair-cafe\/#organization\"},\"potentialAction\":[{\"@type\":\"SearchAction\",\"target\":{\"@type\":\"EntryPoint\",\"urlTemplate\":\"https:\/\/deliverymovil.com\/sanjuandelsur\/menu-restaurante-ding-repair-cafe\/?s={search_term_string}\"},\"query-input\":{\"@type\":\"PropertyValueSpecification\",\"valueRequired\":true,\"valueName\":\"search_term_string\"}}],\"inLanguage\":\"es\"},{\"@type\":\"Organization\",\"@id\":\"https:\/\/deliverymovil.com\/sanjuandelsur\/menu-restaurante-ding-repair-cafe\/#organization\",\"name\":\"Ding Repair Caf\u00e9 | Delivery M\u00f3vil - San Juan del Sur, Nicaragua\",\"url\":\"https:\/\/deliverymovil.com\/sanjuandelsur\/menu-restaurante-ding-repair-cafe\/\",\"logo\":{\"@type\":\"ImageObject\",\"inLanguage\":\"es\",\"@id\":\"https:\/\/deliverymovil.com\/sanjuandelsur\/menu-restaurante-ding-repair-cafe\/#\/schema\/logo\/image\/\",\"url\":\"https:\/\/deliverymovil.com\/sanjuandelsur\/menu-restaurante-ding-repair-cafe\/wp-content\/uploads\/sites\/49\/2022\/03\/logo-delivery-movil-nicaragua.svg\",\"contentUrl\":\"https:\/\/deliverymovil.com\/sanjuandelsur\/menu-restaurante-ding-repair-cafe\/wp-content\/uploads\/sites\/49\/2022\/03\/logo-delivery-movil-nicaragua.svg\",\"width\":314,\"height\":64,\"caption\":\"Ding Repair Caf\u00e9 | Delivery M\u00f3vil - San Juan del Sur, Nicaragua\"},\"image\":{\"@id\":\"https:\/\/deliverymovil.com\/sanjuandelsur\/menu-restaurante-ding-repair-cafe\/#\/schema\/logo\/image\/\"}}]}<\/script>\n<!-- \/ Yoast SEO plugin. -->","yoast_head_json":{"title":"Pancakes - Ding Repair Caf\u00e9 | Delivery M\u00f3vil - San Juan del Sur, Nicaragua","robots":{"index":"index","follow":"follow","max-snippet":"max-snippet:-1","max-image-preview":"max-image-preview:large","max-video-preview":"max-video-preview:-1"},"canonical":"https:\/\/deliverymovil.com\/sanjuandelsur\/menu-restaurante-ding-repair-cafe\/menu\/pancakes\/","og_locale":"es_ES","og_type":"article","og_title":"Pancakes - Ding Repair Caf\u00e9 | Delivery M\u00f3vil - San Juan del Sur, Nicaragua","og_description":"Hechos con harina de pl\u00e1tano vegano con infusi\u00f3n de caco, cubiertos con fruta fresca local","og_url":"https:\/\/deliverymovil.com\/sanjuandelsur\/menu-restaurante-ding-repair-cafe\/menu\/pancakes\/","og_site_name":"Ding Repair Caf\u00e9 | Delivery M\u00f3vil - San Juan del Sur, Nicaragua","article_modified_time":"2025-04-16T04:13:15+00:00","og_image":[{"width":1000,"height":1000,"url":"https:\/\/deliverymovil.com\/sanjuandelsur\/menu-restaurante-ding-repair-cafe\/wp-content\/uploads\/sites\/49\/2021\/10\/Pancakes.jpg","type":"image\/jpeg"}],"twitter_card":"summary_large_image","schema":{"@context":"https:\/\/schema.org","@graph":[{"@type":"WebPage","@id":"https:\/\/deliverymovil.com\/sanjuandelsur\/menu-restaurante-ding-repair-cafe\/menu\/pancakes\/","url":"https:\/\/deliverymovil.com\/sanjuandelsur\/menu-restaurante-ding-repair-cafe\/menu\/pancakes\/","name":"Pancakes - Ding Repair Caf\u00e9 | Delivery M\u00f3vil - San Juan del Sur, Nicaragua","isPartOf":{"@id":"https:\/\/deliverymovil.com\/sanjuandelsur\/menu-restaurante-ding-repair-cafe\/#website"},"primaryImageOfPage":{"@id":"https:\/\/deliverymovil.com\/sanjuandelsur\/menu-restaurante-ding-repair-cafe\/menu\/pancakes\/#primaryimage"},"image":{"@id":"https:\/\/deliverymovil.com\/sanjuandelsur\/menu-restaurante-ding-repair-cafe\/menu\/pancakes\/#primaryimage"},"thumbnailUrl":"https:\/\/deliverymovil.com\/sanjuandelsur\/menu-restaurante-ding-repair-cafe\/wp-content\/uploads\/sites\/49\/2021\/10\/Pancakes.jpg","datePublished":"2021-10-05T22:23:22+00:00","dateModified":"2025-04-16T04:13:15+00:00","breadcrumb":{"@id":"https:\/\/deliverymovil.com\/sanjuandelsur\/menu-restaurante-ding-repair-cafe\/menu\/pancakes\/#breadcrumb"},"inLanguage":"es","potentialAction":[{"@type":"ReadAction","target":["https:\/\/deliverymovil.com\/sanjuandelsur\/menu-restaurante-ding-repair-cafe\/menu\/pancakes\/"]}]},{"@type":"ImageObject","inLanguage":"es","@id":"https:\/\/deliverymovil.com\/sanjuandelsur\/menu-restaurante-ding-repair-cafe\/menu\/pancakes\/#primaryimage","url":"https:\/\/deliverymovil.com\/sanjuandelsur\/menu-restaurante-ding-repair-cafe\/wp-content\/uploads\/sites\/49\/2021\/10\/Pancakes.jpg","contentUrl":"https:\/\/deliverymovil.com\/sanjuandelsur\/menu-restaurante-ding-repair-cafe\/wp-content\/uploads\/sites\/49\/2021\/10\/Pancakes.jpg","width":1000,"height":1000},{"@type":"BreadcrumbList","@id":"https:\/\/deliverymovil.com\/sanjuandelsur\/menu-restaurante-ding-repair-cafe\/menu\/pancakes\/#breadcrumb","itemListElement":[{"@type":"ListItem","position":1,"name":"Portada","item":"https:\/\/deliverymovil.com\/sanjuandelsur\/menu-restaurante-ding-repair-cafe\/"},{"@type":"ListItem","position":2,"name":"Pancakes"}]},{"@type":"WebSite","@id":"https:\/\/deliverymovil.com\/sanjuandelsur\/menu-restaurante-ding-repair-cafe\/#website","url":"https:\/\/deliverymovil.com\/sanjuandelsur\/menu-restaurante-ding-repair-cafe\/","name":"Ding Repair Caf\u00e9 | Delivery M\u00f3vil - San Juan del Sur, Nicaragua","description":"Servicio a Domicilio en SJDS","publisher":{"@id":"https:\/\/deliverymovil.com\/sanjuandelsur\/menu-restaurante-ding-repair-cafe\/#organization"},"potentialAction":[{"@type":"SearchAction","target":{"@type":"EntryPoint","urlTemplate":"https:\/\/deliverymovil.com\/sanjuandelsur\/menu-restaurante-ding-repair-cafe\/?s={search_term_string}"},"query-input":{"@type":"PropertyValueSpecification","valueRequired":true,"valueName":"search_term_string"}}],"inLanguage":"es"},{"@type":"Organization","@id":"https:\/\/deliverymovil.com\/sanjuandelsur\/menu-restaurante-ding-repair-cafe\/#organization","name":"Ding Repair Caf\u00e9 | Delivery M\u00f3vil - San Juan del Sur, Nicaragua","url":"https:\/\/deliverymovil.com\/sanjuandelsur\/menu-restaurante-ding-repair-cafe\/","logo":{"@type":"ImageObject","inLanguage":"es","@id":"https:\/\/deliverymovil.com\/sanjuandelsur\/menu-restaurante-ding-repair-cafe\/#\/schema\/logo\/image\/","url":"https:\/\/deliverymovil.com\/sanjuandelsur\/menu-restaurante-ding-repair-cafe\/wp-content\/uploads\/sites\/49\/2022\/03\/logo-delivery-movil-nicaragua.svg","contentUrl":"https:\/\/deliverymovil.com\/sanjuandelsur\/menu-restaurante-ding-repair-cafe\/wp-content\/uploads\/sites\/49\/2022\/03\/logo-delivery-movil-nicaragua.svg","width":314,"height":64,"caption":"Ding Repair Caf\u00e9 | Delivery M\u00f3vil - San Juan del Sur, Nicaragua"},"image":{"@id":"https:\/\/deliverymovil.com\/sanjuandelsur\/menu-restaurante-ding-repair-cafe\/#\/schema\/logo\/image\/"}}]}},"_links":{"self":[{"href":"https:\/\/deliverymovil.com\/sanjuandelsur\/menu-restaurante-ding-repair-cafe\/wp-json\/wp\/v2\/product\/934","targetHints":{"allow":["GET"]}}],"collection":[{"href":"https:\/\/deliverymovil.com\/sanjuandelsur\/menu-restaurante-ding-repair-cafe\/wp-json\/wp\/v2\/product"}],"about":[{"href":"https:\/\/deliverymovil.com\/sanjuandelsur\/menu-restaurante-ding-repair-cafe\/wp-json\/wp\/v2\/types\/product"}],"wp:featuredmedia":[{"embeddable":true,"href":"https:\/\/deliverymovil.com\/sanjuandelsur\/menu-restaurante-ding-repair-cafe\/wp-json\/wp\/v2\/media\/933"}],"wp:attachment":[{"href":"https:\/\/deliverymovil.com\/sanjuandelsur\/menu-restaurante-ding-repair-cafe\/wp-json\/wp\/v2\/media?parent=934"}],"wp:term":[{"taxonomy":"product_brand","embeddable":true,"href":"https:\/\/deliverymovil.com\/sanjuandelsur\/menu-restaurante-ding-repair-cafe\/wp-json\/wp\/v2\/product_brand?post=934"},{"taxonomy":"product_cat","embeddable":true,"href":"https:\/\/deliverymovil.com\/sanjuandelsur\/menu-restaurante-ding-repair-cafe\/wp-json\/wp\/v2\/product_cat?post=934"},{"taxonomy":"product_tag","embeddable":true,"href":"https:\/\/deliverymovil.com\/sanjuandelsur\/menu-restaurante-ding-repair-cafe\/wp-json\/wp\/v2\/product_tag?post=934"}],"curies":[{"name":"wp","href":"https:\/\/api.w.org\/{rel}","templated":true}]}}