{"id":917,"date":"2021-10-05T16:22:51","date_gmt":"2021-10-05T22:22:51","guid":{"rendered":"https:\/\/deliverymovil.com\/sanjuandelsur\/ding-repair-cafe\/menu\/ding-repair-2\/"},"modified":"2025-04-15T22:24:37","modified_gmt":"2025-04-16T04:24:37","slug":"ding-repair-2","status":"publish","type":"product","link":"https:\/\/deliverymovil.com\/sanjuandelsur\/menu-restaurante-ding-repair-cafe\/menu\/ding-repair-2\/","title":{"rendered":"Ding Repair Bowl"},"content":{"rendered":"<p>Pi\u00f1a, banano, moringa, mantequilla de almendras y leche de nueces de la casa con frutas fresca<\/p>\n","protected":false},"excerpt":{"rendered":"<p>Pi\u00f1a, banano, moringa, mantequilla de almendras y leche de nueces de la casa con frutas fresca<\/p>\n","protected":false},"featured_media":0,"template":"","meta":{"inline_featured_image":false},"product_brand":[],"product_cat":[592],"product_tag":[593,594,569,595],"class_list":{"0":"post-917","1":"product","2":"type-product","3":"status-publish","5":"product_cat-speciality-smoothies-bowls","6":"product_tag-banano","7":"product_tag-mantequilla-de-almendras-y-leche-de-nueces-de-la-casa-con-frutas-fresca","8":"product_tag-moringa","9":"product_tag-pina","11":"first","12":"instock","13":"shipping-taxable","14":"purchasable","15":"product-type-simple"},"yoast_head":"<!-- This site is optimized with the Yoast SEO plugin v26.8 - https:\/\/yoast.com\/product\/yoast-seo-wordpress\/ -->\n<title>Ding Repair Bowl - Ding Repair Caf\u00e9 | Delivery M\u00f3vil - San Juan del Sur, Nicaragua<\/title>\n<meta name=\"robots\" content=\"index, follow, max-snippet:-1, max-image-preview:large, max-video-preview:-1\" \/>\n<link rel=\"canonical\" href=\"https:\/\/deliverymovil.com\/sanjuandelsur\/menu-restaurante-ding-repair-cafe\/menu\/ding-repair-2\/\" \/>\n<meta property=\"og:locale\" content=\"es_ES\" \/>\n<meta property=\"og:type\" content=\"article\" \/>\n<meta property=\"og:title\" content=\"Ding Repair Bowl - Ding Repair Caf\u00e9 | Delivery M\u00f3vil - San Juan del Sur, Nicaragua\" \/>\n<meta property=\"og:description\" content=\"Pi\u00f1a, banano, moringa, mantequilla de almendras y leche de nueces de la casa con frutas fresca\" \/>\n<meta property=\"og:url\" content=\"https:\/\/deliverymovil.com\/sanjuandelsur\/menu-restaurante-ding-repair-cafe\/menu\/ding-repair-2\/\" \/>\n<meta property=\"og:site_name\" content=\"Ding Repair Caf\u00e9 | Delivery M\u00f3vil - San Juan del Sur, Nicaragua\" \/>\n<meta property=\"article:modified_time\" content=\"2025-04-16T04:24:37+00:00\" \/>\n<meta name=\"twitter:card\" content=\"summary_large_image\" \/>\n<script type=\"application\/ld+json\" class=\"yoast-schema-graph\">{\"@context\":\"https:\/\/schema.org\",\"@graph\":[{\"@type\":\"WebPage\",\"@id\":\"https:\/\/deliverymovil.com\/sanjuandelsur\/menu-restaurante-ding-repair-cafe\/menu\/ding-repair-2\/\",\"url\":\"https:\/\/deliverymovil.com\/sanjuandelsur\/menu-restaurante-ding-repair-cafe\/menu\/ding-repair-2\/\",\"name\":\"Ding Repair Bowl - Ding Repair Caf\u00e9 | Delivery M\u00f3vil - San Juan del Sur, Nicaragua\",\"isPartOf\":{\"@id\":\"https:\/\/deliverymovil.com\/sanjuandelsur\/menu-restaurante-ding-repair-cafe\/#website\"},\"datePublished\":\"2021-10-05T22:22:51+00:00\",\"dateModified\":\"2025-04-16T04:24:37+00:00\",\"breadcrumb\":{\"@id\":\"https:\/\/deliverymovil.com\/sanjuandelsur\/menu-restaurante-ding-repair-cafe\/menu\/ding-repair-2\/#breadcrumb\"},\"inLanguage\":\"es\",\"potentialAction\":[{\"@type\":\"ReadAction\",\"target\":[\"https:\/\/deliverymovil.com\/sanjuandelsur\/menu-restaurante-ding-repair-cafe\/menu\/ding-repair-2\/\"]}]},{\"@type\":\"BreadcrumbList\",\"@id\":\"https:\/\/deliverymovil.com\/sanjuandelsur\/menu-restaurante-ding-repair-cafe\/menu\/ding-repair-2\/#breadcrumb\",\"itemListElement\":[{\"@type\":\"ListItem\",\"position\":1,\"name\":\"Portada\",\"item\":\"https:\/\/deliverymovil.com\/sanjuandelsur\/menu-restaurante-ding-repair-cafe\/\"},{\"@type\":\"ListItem\",\"position\":2,\"name\":\"Ding Repair Bowl\"}]},{\"@type\":\"WebSite\",\"@id\":\"https:\/\/deliverymovil.com\/sanjuandelsur\/menu-restaurante-ding-repair-cafe\/#website\",\"url\":\"https:\/\/deliverymovil.com\/sanjuandelsur\/menu-restaurante-ding-repair-cafe\/\",\"name\":\"Ding Repair Caf\u00e9 | Delivery M\u00f3vil - San Juan del Sur, Nicaragua\",\"description\":\"Servicio a Domicilio en SJDS\",\"publisher\":{\"@id\":\"https:\/\/deliverymovil.com\/sanjuandelsur\/menu-restaurante-ding-repair-cafe\/#organization\"},\"potentialAction\":[{\"@type\":\"SearchAction\",\"target\":{\"@type\":\"EntryPoint\",\"urlTemplate\":\"https:\/\/deliverymovil.com\/sanjuandelsur\/menu-restaurante-ding-repair-cafe\/?s={search_term_string}\"},\"query-input\":{\"@type\":\"PropertyValueSpecification\",\"valueRequired\":true,\"valueName\":\"search_term_string\"}}],\"inLanguage\":\"es\"},{\"@type\":\"Organization\",\"@id\":\"https:\/\/deliverymovil.com\/sanjuandelsur\/menu-restaurante-ding-repair-cafe\/#organization\",\"name\":\"Ding Repair Caf\u00e9 | Delivery M\u00f3vil - San Juan del Sur, Nicaragua\",\"url\":\"https:\/\/deliverymovil.com\/sanjuandelsur\/menu-restaurante-ding-repair-cafe\/\",\"logo\":{\"@type\":\"ImageObject\",\"inLanguage\":\"es\",\"@id\":\"https:\/\/deliverymovil.com\/sanjuandelsur\/menu-restaurante-ding-repair-cafe\/#\/schema\/logo\/image\/\",\"url\":\"https:\/\/deliverymovil.com\/sanjuandelsur\/menu-restaurante-ding-repair-cafe\/wp-content\/uploads\/sites\/49\/2022\/03\/logo-delivery-movil-nicaragua.svg\",\"contentUrl\":\"https:\/\/deliverymovil.com\/sanjuandelsur\/menu-restaurante-ding-repair-cafe\/wp-content\/uploads\/sites\/49\/2022\/03\/logo-delivery-movil-nicaragua.svg\",\"width\":314,\"height\":64,\"caption\":\"Ding Repair Caf\u00e9 | Delivery M\u00f3vil - San Juan del Sur, Nicaragua\"},\"image\":{\"@id\":\"https:\/\/deliverymovil.com\/sanjuandelsur\/menu-restaurante-ding-repair-cafe\/#\/schema\/logo\/image\/\"}}]}<\/script>\n<!-- \/ Yoast SEO plugin. -->","yoast_head_json":{"title":"Ding Repair Bowl - Ding Repair Caf\u00e9 | Delivery M\u00f3vil - San Juan del Sur, Nicaragua","robots":{"index":"index","follow":"follow","max-snippet":"max-snippet:-1","max-image-preview":"max-image-preview:large","max-video-preview":"max-video-preview:-1"},"canonical":"https:\/\/deliverymovil.com\/sanjuandelsur\/menu-restaurante-ding-repair-cafe\/menu\/ding-repair-2\/","og_locale":"es_ES","og_type":"article","og_title":"Ding Repair Bowl - Ding Repair Caf\u00e9 | Delivery M\u00f3vil - San Juan del Sur, Nicaragua","og_description":"Pi\u00f1a, banano, moringa, mantequilla de almendras y leche de nueces de la casa con frutas fresca","og_url":"https:\/\/deliverymovil.com\/sanjuandelsur\/menu-restaurante-ding-repair-cafe\/menu\/ding-repair-2\/","og_site_name":"Ding Repair Caf\u00e9 | Delivery M\u00f3vil - San Juan del Sur, Nicaragua","article_modified_time":"2025-04-16T04:24:37+00:00","twitter_card":"summary_large_image","schema":{"@context":"https:\/\/schema.org","@graph":[{"@type":"WebPage","@id":"https:\/\/deliverymovil.com\/sanjuandelsur\/menu-restaurante-ding-repair-cafe\/menu\/ding-repair-2\/","url":"https:\/\/deliverymovil.com\/sanjuandelsur\/menu-restaurante-ding-repair-cafe\/menu\/ding-repair-2\/","name":"Ding Repair Bowl - Ding Repair Caf\u00e9 | Delivery M\u00f3vil - San Juan del Sur, Nicaragua","isPartOf":{"@id":"https:\/\/deliverymovil.com\/sanjuandelsur\/menu-restaurante-ding-repair-cafe\/#website"},"datePublished":"2021-10-05T22:22:51+00:00","dateModified":"2025-04-16T04:24:37+00:00","breadcrumb":{"@id":"https:\/\/deliverymovil.com\/sanjuandelsur\/menu-restaurante-ding-repair-cafe\/menu\/ding-repair-2\/#breadcrumb"},"inLanguage":"es","potentialAction":[{"@type":"ReadAction","target":["https:\/\/deliverymovil.com\/sanjuandelsur\/menu-restaurante-ding-repair-cafe\/menu\/ding-repair-2\/"]}]},{"@type":"BreadcrumbList","@id":"https:\/\/deliverymovil.com\/sanjuandelsur\/menu-restaurante-ding-repair-cafe\/menu\/ding-repair-2\/#breadcrumb","itemListElement":[{"@type":"ListItem","position":1,"name":"Portada","item":"https:\/\/deliverymovil.com\/sanjuandelsur\/menu-restaurante-ding-repair-cafe\/"},{"@type":"ListItem","position":2,"name":"Ding Repair Bowl"}]},{"@type":"WebSite","@id":"https:\/\/deliverymovil.com\/sanjuandelsur\/menu-restaurante-ding-repair-cafe\/#website","url":"https:\/\/deliverymovil.com\/sanjuandelsur\/menu-restaurante-ding-repair-cafe\/","name":"Ding Repair Caf\u00e9 | Delivery M\u00f3vil - San Juan del Sur, Nicaragua","description":"Servicio a Domicilio en SJDS","publisher":{"@id":"https:\/\/deliverymovil.com\/sanjuandelsur\/menu-restaurante-ding-repair-cafe\/#organization"},"potentialAction":[{"@type":"SearchAction","target":{"@type":"EntryPoint","urlTemplate":"https:\/\/deliverymovil.com\/sanjuandelsur\/menu-restaurante-ding-repair-cafe\/?s={search_term_string}"},"query-input":{"@type":"PropertyValueSpecification","valueRequired":true,"valueName":"search_term_string"}}],"inLanguage":"es"},{"@type":"Organization","@id":"https:\/\/deliverymovil.com\/sanjuandelsur\/menu-restaurante-ding-repair-cafe\/#organization","name":"Ding Repair Caf\u00e9 | Delivery M\u00f3vil - San Juan del Sur, Nicaragua","url":"https:\/\/deliverymovil.com\/sanjuandelsur\/menu-restaurante-ding-repair-cafe\/","logo":{"@type":"ImageObject","inLanguage":"es","@id":"https:\/\/deliverymovil.com\/sanjuandelsur\/menu-restaurante-ding-repair-cafe\/#\/schema\/logo\/image\/","url":"https:\/\/deliverymovil.com\/sanjuandelsur\/menu-restaurante-ding-repair-cafe\/wp-content\/uploads\/sites\/49\/2022\/03\/logo-delivery-movil-nicaragua.svg","contentUrl":"https:\/\/deliverymovil.com\/sanjuandelsur\/menu-restaurante-ding-repair-cafe\/wp-content\/uploads\/sites\/49\/2022\/03\/logo-delivery-movil-nicaragua.svg","width":314,"height":64,"caption":"Ding Repair Caf\u00e9 | Delivery M\u00f3vil - San Juan del Sur, Nicaragua"},"image":{"@id":"https:\/\/deliverymovil.com\/sanjuandelsur\/menu-restaurante-ding-repair-cafe\/#\/schema\/logo\/image\/"}}]}},"_links":{"self":[{"href":"https:\/\/deliverymovil.com\/sanjuandelsur\/menu-restaurante-ding-repair-cafe\/wp-json\/wp\/v2\/product\/917","targetHints":{"allow":["GET"]}}],"collection":[{"href":"https:\/\/deliverymovil.com\/sanjuandelsur\/menu-restaurante-ding-repair-cafe\/wp-json\/wp\/v2\/product"}],"about":[{"href":"https:\/\/deliverymovil.com\/sanjuandelsur\/menu-restaurante-ding-repair-cafe\/wp-json\/wp\/v2\/types\/product"}],"wp:attachment":[{"href":"https:\/\/deliverymovil.com\/sanjuandelsur\/menu-restaurante-ding-repair-cafe\/wp-json\/wp\/v2\/media?parent=917"}],"wp:term":[{"taxonomy":"product_brand","embeddable":true,"href":"https:\/\/deliverymovil.com\/sanjuandelsur\/menu-restaurante-ding-repair-cafe\/wp-json\/wp\/v2\/product_brand?post=917"},{"taxonomy":"product_cat","embeddable":true,"href":"https:\/\/deliverymovil.com\/sanjuandelsur\/menu-restaurante-ding-repair-cafe\/wp-json\/wp\/v2\/product_cat?post=917"},{"taxonomy":"product_tag","embeddable":true,"href":"https:\/\/deliverymovil.com\/sanjuandelsur\/menu-restaurante-ding-repair-cafe\/wp-json\/wp\/v2\/product_tag?post=917"}],"curies":[{"name":"wp","href":"https:\/\/api.w.org\/{rel}","templated":true}]}}