{"id":1354,"date":"2021-10-06T13:08:12","date_gmt":"2021-10-06T19:08:12","guid":{"rendered":"https:\/\/deliverymovil.com\/sanjuandelsur\/daily-stop\/menu\/jalapenos-diana-160gr\/"},"modified":"2022-04-13T09:13:39","modified_gmt":"2022-04-13T15:13:39","slug":"jalapenos-diana-160gr","status":"publish","type":"product","link":"https:\/\/deliverymovil.com\/sanjuandelsur\/daily-stop\/menu\/jalapenos-diana-160gr\/","title":{"rendered":"Jalape\u00f1os Diana 160Gr"},"content":{"rendered":"<p>Jalape\u00f1os Diana 160Gr<\/p>\n","protected":false},"excerpt":{"rendered":"<p>Jalape\u00f1os Diana 160Gr<\/p>\n","protected":false},"featured_media":1695,"template":"","meta":{"inline_featured_image":false},"product_brand":[],"product_cat":[791],"product_tag":[795],"class_list":{"0":"post-1354","1":"product","2":"type-product","3":"status-publish","4":"has-post-thumbnail","6":"product_cat-snacks","7":"product_tag-jalapenos-diana-160gr","9":"first","10":"instock","11":"shipping-taxable","12":"purchasable","13":"product-type-simple"},"yoast_head":"<!-- This site is optimized with the Yoast SEO plugin v26.8 - https:\/\/yoast.com\/product\/yoast-seo-wordpress\/ -->\n<title>Jalape\u00f1os Diana 160Gr - Daily Stop | Delivery M\u00f3vil - San Juan del Sur, Nicaragua<\/title>\n<meta name=\"robots\" content=\"index, follow, max-snippet:-1, max-image-preview:large, max-video-preview:-1\" \/>\n<link rel=\"canonical\" href=\"https:\/\/deliverymovil.com\/sanjuandelsur\/daily-stop\/menu\/jalapenos-diana-160gr\/\" \/>\n<meta property=\"og:locale\" content=\"es_ES\" \/>\n<meta property=\"og:type\" content=\"article\" \/>\n<meta property=\"og:title\" content=\"Jalape\u00f1os Diana 160Gr - Daily Stop | Delivery M\u00f3vil - San Juan del Sur, Nicaragua\" \/>\n<meta property=\"og:description\" content=\"Jalape\u00f1os Diana 160Gr\" \/>\n<meta property=\"og:url\" content=\"https:\/\/deliverymovil.com\/sanjuandelsur\/daily-stop\/menu\/jalapenos-diana-160gr\/\" \/>\n<meta property=\"og:site_name\" content=\"Daily Stop | Delivery M\u00f3vil - San Juan del Sur, Nicaragua\" \/>\n<meta property=\"article:modified_time\" content=\"2022-04-13T15:13:39+00:00\" \/>\n<meta name=\"twitter:card\" content=\"summary_large_image\" \/>\n<script type=\"application\/ld+json\" class=\"yoast-schema-graph\">{\"@context\":\"https:\/\/schema.org\",\"@graph\":[{\"@type\":\"WebPage\",\"@id\":\"https:\/\/deliverymovil.com\/sanjuandelsur\/daily-stop\/menu\/jalapenos-diana-160gr\/\",\"url\":\"https:\/\/deliverymovil.com\/sanjuandelsur\/daily-stop\/menu\/jalapenos-diana-160gr\/\",\"name\":\"Jalape\u00f1os Diana 160Gr - Daily Stop | Delivery M\u00f3vil - San Juan del Sur, Nicaragua\",\"isPartOf\":{\"@id\":\"https:\/\/deliverymovil.com\/sanjuandelsur\/daily-stop\/#website\"},\"primaryImageOfPage\":{\"@id\":\"https:\/\/deliverymovil.com\/sanjuandelsur\/daily-stop\/menu\/jalapenos-diana-160gr\/#primaryimage\"},\"image\":{\"@id\":\"https:\/\/deliverymovil.com\/sanjuandelsur\/daily-stop\/menu\/jalapenos-diana-160gr\/#primaryimage\"},\"thumbnailUrl\":\"https:\/\/deliverymovil.com\/sanjuandelsur\/daily-stop\/wp-content\/uploads\/sites\/65\/2022\/04\/JALAPENOS-jpg.jpg\",\"datePublished\":\"2021-10-06T19:08:12+00:00\",\"dateModified\":\"2022-04-13T15:13:39+00:00\",\"breadcrumb\":{\"@id\":\"https:\/\/deliverymovil.com\/sanjuandelsur\/daily-stop\/menu\/jalapenos-diana-160gr\/#breadcrumb\"},\"inLanguage\":\"es\",\"potentialAction\":[{\"@type\":\"ReadAction\",\"target\":[\"https:\/\/deliverymovil.com\/sanjuandelsur\/daily-stop\/menu\/jalapenos-diana-160gr\/\"]}]},{\"@type\":\"ImageObject\",\"inLanguage\":\"es\",\"@id\":\"https:\/\/deliverymovil.com\/sanjuandelsur\/daily-stop\/menu\/jalapenos-diana-160gr\/#primaryimage\",\"url\":\"https:\/\/deliverymovil.com\/sanjuandelsur\/daily-stop\/wp-content\/uploads\/sites\/65\/2022\/04\/JALAPENOS-jpg.jpg\",\"contentUrl\":\"https:\/\/deliverymovil.com\/sanjuandelsur\/daily-stop\/wp-content\/uploads\/sites\/65\/2022\/04\/JALAPENOS-jpg.jpg\",\"width\":170,\"height\":170,\"caption\":\"Jalape\u00f1os Diana 160Gr\"},{\"@type\":\"BreadcrumbList\",\"@id\":\"https:\/\/deliverymovil.com\/sanjuandelsur\/daily-stop\/menu\/jalapenos-diana-160gr\/#breadcrumb\",\"itemListElement\":[{\"@type\":\"ListItem\",\"position\":1,\"name\":\"Portada\",\"item\":\"https:\/\/deliverymovil.com\/sanjuandelsur\/daily-stop\/\"},{\"@type\":\"ListItem\",\"position\":2,\"name\":\"Jalape\u00f1os Diana 160Gr\"}]},{\"@type\":\"WebSite\",\"@id\":\"https:\/\/deliverymovil.com\/sanjuandelsur\/daily-stop\/#website\",\"url\":\"https:\/\/deliverymovil.com\/sanjuandelsur\/daily-stop\/\",\"name\":\"Daily Stop | Delivery M\u00f3vil - San Juan del Sur, Nicaragua\",\"description\":\"Servicio a Domicilio en SJDS\",\"publisher\":{\"@id\":\"https:\/\/deliverymovil.com\/sanjuandelsur\/daily-stop\/#organization\"},\"potentialAction\":[{\"@type\":\"SearchAction\",\"target\":{\"@type\":\"EntryPoint\",\"urlTemplate\":\"https:\/\/deliverymovil.com\/sanjuandelsur\/daily-stop\/?s={search_term_string}\"},\"query-input\":{\"@type\":\"PropertyValueSpecification\",\"valueRequired\":true,\"valueName\":\"search_term_string\"}}],\"inLanguage\":\"es\"},{\"@type\":\"Organization\",\"@id\":\"https:\/\/deliverymovil.com\/sanjuandelsur\/daily-stop\/#organization\",\"name\":\"Daily Stop | Delivery M\u00f3vil - San Juan del Sur, Nicaragua\",\"url\":\"https:\/\/deliverymovil.com\/sanjuandelsur\/daily-stop\/\",\"logo\":{\"@type\":\"ImageObject\",\"inLanguage\":\"es\",\"@id\":\"https:\/\/deliverymovil.com\/sanjuandelsur\/daily-stop\/#\/schema\/logo\/image\/\",\"url\":\"https:\/\/deliverymovil.com\/sanjuandelsur\/daily-stop\/wp-content\/uploads\/sites\/65\/2022\/03\/logo-delivery-movil-nicaragua.svg\",\"contentUrl\":\"https:\/\/deliverymovil.com\/sanjuandelsur\/daily-stop\/wp-content\/uploads\/sites\/65\/2022\/03\/logo-delivery-movil-nicaragua.svg\",\"width\":314,\"height\":64,\"caption\":\"Daily Stop | Delivery M\u00f3vil - San Juan del Sur, Nicaragua\"},\"image\":{\"@id\":\"https:\/\/deliverymovil.com\/sanjuandelsur\/daily-stop\/#\/schema\/logo\/image\/\"}}]}<\/script>\n<!-- \/ Yoast SEO plugin. -->","yoast_head_json":{"title":"Jalape\u00f1os Diana 160Gr - Daily Stop | Delivery M\u00f3vil - San Juan del Sur, Nicaragua","robots":{"index":"index","follow":"follow","max-snippet":"max-snippet:-1","max-image-preview":"max-image-preview:large","max-video-preview":"max-video-preview:-1"},"canonical":"https:\/\/deliverymovil.com\/sanjuandelsur\/daily-stop\/menu\/jalapenos-diana-160gr\/","og_locale":"es_ES","og_type":"article","og_title":"Jalape\u00f1os Diana 160Gr - Daily Stop | Delivery M\u00f3vil - San Juan del Sur, Nicaragua","og_description":"Jalape\u00f1os Diana 160Gr","og_url":"https:\/\/deliverymovil.com\/sanjuandelsur\/daily-stop\/menu\/jalapenos-diana-160gr\/","og_site_name":"Daily Stop | Delivery M\u00f3vil - San Juan del Sur, Nicaragua","article_modified_time":"2022-04-13T15:13:39+00:00","twitter_card":"summary_large_image","schema":{"@context":"https:\/\/schema.org","@graph":[{"@type":"WebPage","@id":"https:\/\/deliverymovil.com\/sanjuandelsur\/daily-stop\/menu\/jalapenos-diana-160gr\/","url":"https:\/\/deliverymovil.com\/sanjuandelsur\/daily-stop\/menu\/jalapenos-diana-160gr\/","name":"Jalape\u00f1os Diana 160Gr - Daily Stop | Delivery M\u00f3vil - San Juan del Sur, Nicaragua","isPartOf":{"@id":"https:\/\/deliverymovil.com\/sanjuandelsur\/daily-stop\/#website"},"primaryImageOfPage":{"@id":"https:\/\/deliverymovil.com\/sanjuandelsur\/daily-stop\/menu\/jalapenos-diana-160gr\/#primaryimage"},"image":{"@id":"https:\/\/deliverymovil.com\/sanjuandelsur\/daily-stop\/menu\/jalapenos-diana-160gr\/#primaryimage"},"thumbnailUrl":"https:\/\/deliverymovil.com\/sanjuandelsur\/daily-stop\/wp-content\/uploads\/sites\/65\/2022\/04\/JALAPENOS-jpg.jpg","datePublished":"2021-10-06T19:08:12+00:00","dateModified":"2022-04-13T15:13:39+00:00","breadcrumb":{"@id":"https:\/\/deliverymovil.com\/sanjuandelsur\/daily-stop\/menu\/jalapenos-diana-160gr\/#breadcrumb"},"inLanguage":"es","potentialAction":[{"@type":"ReadAction","target":["https:\/\/deliverymovil.com\/sanjuandelsur\/daily-stop\/menu\/jalapenos-diana-160gr\/"]}]},{"@type":"ImageObject","inLanguage":"es","@id":"https:\/\/deliverymovil.com\/sanjuandelsur\/daily-stop\/menu\/jalapenos-diana-160gr\/#primaryimage","url":"https:\/\/deliverymovil.com\/sanjuandelsur\/daily-stop\/wp-content\/uploads\/sites\/65\/2022\/04\/JALAPENOS-jpg.jpg","contentUrl":"https:\/\/deliverymovil.com\/sanjuandelsur\/daily-stop\/wp-content\/uploads\/sites\/65\/2022\/04\/JALAPENOS-jpg.jpg","width":170,"height":170,"caption":"Jalape\u00f1os Diana 160Gr"},{"@type":"BreadcrumbList","@id":"https:\/\/deliverymovil.com\/sanjuandelsur\/daily-stop\/menu\/jalapenos-diana-160gr\/#breadcrumb","itemListElement":[{"@type":"ListItem","position":1,"name":"Portada","item":"https:\/\/deliverymovil.com\/sanjuandelsur\/daily-stop\/"},{"@type":"ListItem","position":2,"name":"Jalape\u00f1os Diana 160Gr"}]},{"@type":"WebSite","@id":"https:\/\/deliverymovil.com\/sanjuandelsur\/daily-stop\/#website","url":"https:\/\/deliverymovil.com\/sanjuandelsur\/daily-stop\/","name":"Daily Stop | Delivery M\u00f3vil - San Juan del Sur, Nicaragua","description":"Servicio a Domicilio en SJDS","publisher":{"@id":"https:\/\/deliverymovil.com\/sanjuandelsur\/daily-stop\/#organization"},"potentialAction":[{"@type":"SearchAction","target":{"@type":"EntryPoint","urlTemplate":"https:\/\/deliverymovil.com\/sanjuandelsur\/daily-stop\/?s={search_term_string}"},"query-input":{"@type":"PropertyValueSpecification","valueRequired":true,"valueName":"search_term_string"}}],"inLanguage":"es"},{"@type":"Organization","@id":"https:\/\/deliverymovil.com\/sanjuandelsur\/daily-stop\/#organization","name":"Daily Stop | Delivery M\u00f3vil - San Juan del Sur, Nicaragua","url":"https:\/\/deliverymovil.com\/sanjuandelsur\/daily-stop\/","logo":{"@type":"ImageObject","inLanguage":"es","@id":"https:\/\/deliverymovil.com\/sanjuandelsur\/daily-stop\/#\/schema\/logo\/image\/","url":"https:\/\/deliverymovil.com\/sanjuandelsur\/daily-stop\/wp-content\/uploads\/sites\/65\/2022\/03\/logo-delivery-movil-nicaragua.svg","contentUrl":"https:\/\/deliverymovil.com\/sanjuandelsur\/daily-stop\/wp-content\/uploads\/sites\/65\/2022\/03\/logo-delivery-movil-nicaragua.svg","width":314,"height":64,"caption":"Daily Stop | Delivery M\u00f3vil - San Juan del Sur, Nicaragua"},"image":{"@id":"https:\/\/deliverymovil.com\/sanjuandelsur\/daily-stop\/#\/schema\/logo\/image\/"}}]}},"_links":{"self":[{"href":"https:\/\/deliverymovil.com\/sanjuandelsur\/daily-stop\/wp-json\/wp\/v2\/product\/1354","targetHints":{"allow":["GET"]}}],"collection":[{"href":"https:\/\/deliverymovil.com\/sanjuandelsur\/daily-stop\/wp-json\/wp\/v2\/product"}],"about":[{"href":"https:\/\/deliverymovil.com\/sanjuandelsur\/daily-stop\/wp-json\/wp\/v2\/types\/product"}],"wp:featuredmedia":[{"embeddable":true,"href":"https:\/\/deliverymovil.com\/sanjuandelsur\/daily-stop\/wp-json\/wp\/v2\/media\/1695"}],"wp:attachment":[{"href":"https:\/\/deliverymovil.com\/sanjuandelsur\/daily-stop\/wp-json\/wp\/v2\/media?parent=1354"}],"wp:term":[{"taxonomy":"product_brand","embeddable":true,"href":"https:\/\/deliverymovil.com\/sanjuandelsur\/daily-stop\/wp-json\/wp\/v2\/product_brand?post=1354"},{"taxonomy":"product_cat","embeddable":true,"href":"https:\/\/deliverymovil.com\/sanjuandelsur\/daily-stop\/wp-json\/wp\/v2\/product_cat?post=1354"},{"taxonomy":"product_tag","embeddable":true,"href":"https:\/\/deliverymovil.com\/sanjuandelsur\/daily-stop\/wp-json\/wp\/v2\/product_tag?post=1354"}],"curies":[{"name":"wp","href":"https:\/\/api.w.org\/{rel}","templated":true}]}}